{"id":993,"date":"2023-12-12T15:35:24","date_gmt":"2023-12-12T15:35:24","guid":{"rendered":"https:\/\/goethe-ks.org\/newrelease\/?page_id=993"},"modified":"2023-12-14T07:28:43","modified_gmt":"2023-12-14T07:28:43","slug":"19-december-2023","status":"publish","type":"page","link":"https:\/\/goethe-ks.org\/newrelease\/19-december-2023\/","title":{"rendered":"19 December 2023"},"content":{"rendered":"<p>[et_pb_section fb_built=&#8221;1&#8243; _builder_version=&#8221;4.20.4&#8243; _module_preset=&#8221;default&#8221; global_colors_info=&#8221;{}&#8221;][et_pb_row disabled_on=&#8221;off|off|off&#8221; _builder_version=&#8221;4.14.7&#8243; _module_preset=&#8221;default&#8221; global_module=&#8221;65&#8243; saved_tabs=&#8221;all&#8221; global_colors_info=&#8221;{}&#8221;][et_pb_column type=&#8221;4_4&#8243; _builder_version=&#8221;4.16&#8243; _module_preset=&#8221;default&#8221; global_colors_info=&#8221;{}&#8221;][et_pb_menu menu_id=&#8221;none&#8221; menu_style=&#8221;centered&#8221; submenu_direction=&#8221;downwards&#8221; disabled_on=&#8221;on|off|off&#8221; module_class=&#8221;mobile_full_menu&#8221; _builder_version=&#8221;4.20.4&#8243; _module_preset=&#8221;default&#8221; menu_font=&#8221;Manrope|700|||||||&#8221; menu_font_size=&#8221;16px&#8221; background_color=&#8221;#f8f8f6&#8243; global_colors_info=&#8221;{}&#8221;][\/et_pb_menu][\/et_pb_column][\/et_pb_row][\/et_pb_section][et_pb_section fb_built=&#8221;1&#8243; _builder_version=&#8221;4.20.4&#8243; _module_preset=&#8221;default&#8221; global_colors_info=&#8221;{}&#8221; custom_padding=&#8221;0px|||||&#8221;][et_pb_row _builder_version=&#8221;4.20.4&#8243; _module_preset=&#8221;default&#8221; global_colors_info=&#8221;{}&#8221;][et_pb_column type=&#8221;4_4&#8243; _builder_version=&#8221;4.20.4&#8243; _module_preset=&#8221;default&#8221; global_colors_info=&#8221;{}&#8221;][et_pb_code _builder_version=&#8221;4.20.4&#8243; _module_preset=&#8221;default&#8221; global_colors_info=&#8221;{}&#8221;]\n<div class=\"wpcf7 no-js\" id=\"wpcf7-f1033-o1\" lang=\"en-US\" dir=\"ltr\">\n<div class=\"screen-reader-response\"><p role=\"status\" aria-live=\"polite\" aria-atomic=\"true\"><\/p> <ul><\/ul><\/div>\n<form action=\"\/newrelease\/wp-json\/wp\/v2\/pages\/993#wpcf7-f1033-o1\" method=\"post\" class=\"wpcf7-form init\" aria-label=\"Contact form\" novalidate=\"novalidate\" data-status=\"init\">\n<div style=\"display: none;\">\n<input type=\"hidden\" name=\"_wpcf7\" value=\"1033\" \/>\n<input type=\"hidden\" name=\"_wpcf7_version\" value=\"5.8.4\" \/>\n<input type=\"hidden\" name=\"_wpcf7_locale\" value=\"en_US\" \/>\n<input type=\"hidden\" name=\"_wpcf7_unit_tag\" value=\"wpcf7-f1033-o1\" \/>\n<input type=\"hidden\" name=\"_wpcf7_container_post\" value=\"0\" \/>\n<input type=\"hidden\" name=\"_wpcf7_posted_data_hash\" value=\"\" \/>\n<\/div>\n<h6 class=\"h6_in_form\">Hyrje e leht\u00ebsuar p\u00ebr p\u00ebrsonelin profesional n\u00eb gjermani\n<\/h6>\n<p><label>Emri mbiemri juaj <span style=\"color:red;\">*<\/span><\/label><span class=\"wpcf7-form-control-wrap\" data-name=\"text-542\"><input size=\"40\" class=\"wpcf7-form-control wpcf7-text wpcf7-validates-as-required\" aria-required=\"true\" aria-invalid=\"false\" value=\"\" type=\"text\" name=\"text-542\" \/><\/span><br \/>\n<label>Data e lindjes <span style=\"color:red;\">*<\/span><\/label><span class=\"wpcf7-form-control-wrap\" data-name=\"date-728\"><input class=\"wpcf7-form-control wpcf7-date wpcf7-validates-as-required wpcf7-validates-as-date\" aria-required=\"true\" aria-invalid=\"false\" value=\"\" type=\"date\" name=\"date-728\" \/><\/span><br \/>\n<label>Gjinia <span style=\"color:red;\">*<\/span><\/label><span class=\"wpcf7-form-control-wrap\" data-name=\"radio-41\"><span class=\"wpcf7-form-control wpcf7-radio\"><span class=\"wpcf7-list-item first\"><label><input type=\"radio\" name=\"radio-41\" value=\"Mashkull\" checked=\"checked\" \/><span class=\"wpcf7-list-item-label\">Mashkull<\/span><\/label><\/span><span class=\"wpcf7-list-item last\"><label><input type=\"radio\" name=\"radio-41\" value=\"Femer\" \/><span class=\"wpcf7-list-item-label\">Femer<\/span><\/label><\/span><\/span><\/span><br \/>\n<label>Email <span style=\"color:red;\">*<\/span><\/label><span class=\"wpcf7-form-control-wrap\" data-name=\"email-609\"><input size=\"40\" class=\"wpcf7-form-control wpcf7-email wpcf7-validates-as-required wpcf7-text wpcf7-validates-as-email\" aria-required=\"true\" aria-invalid=\"false\" value=\"\" type=\"email\" name=\"email-609\" \/><\/span><br \/>\n<label>Shtetesia <span style=\"color:red;\">*<\/span><\/label><span class=\"wpcf7-form-control-wrap\" data-name=\"text-543\"><input size=\"40\" class=\"wpcf7-form-control wpcf7-text wpcf7-validates-as-required\" aria-required=\"true\" aria-invalid=\"false\" value=\"\" type=\"text\" name=\"text-543\" \/><\/span><br \/>\n<label>Numri personal <span style=\"color:red;\">*<\/span><\/label><span class=\"wpcf7-form-control-wrap\" data-name=\"text-544\"><input size=\"40\" class=\"wpcf7-form-control wpcf7-text wpcf7-validates-as-required\" aria-required=\"true\" aria-invalid=\"false\" value=\"\" type=\"text\" name=\"text-544\" \/><\/span><br \/>\n<label>Zgjedhni dokumentin <span style=\"color:red;\">*<\/span><\/label><span class=\"wpcf7-form-control-wrap\" data-name=\"radio-42\"><span class=\"wpcf7-form-control wpcf7-radio\"><span class=\"wpcf7-list-item first\"><label><input type=\"radio\" name=\"radio-42\" value=\"Passaport\" checked=\"checked\" \/><span class=\"wpcf7-list-item-label\">Passaport<\/span><\/label><\/span><span class=\"wpcf7-list-item last\"><label><input type=\"radio\" name=\"radio-42\" value=\"ID\" \/><span class=\"wpcf7-list-item-label\">ID<\/span><\/label><\/span><\/span><\/span><br \/>\n<label>Institucioni i leshimit te dokumentit <span style=\"color:red;\">*<\/span><\/label><span class=\"wpcf7-form-control-wrap\" data-name=\"text-544\"><input size=\"40\" class=\"wpcf7-form-control wpcf7-text wpcf7-validates-as-required\" aria-required=\"true\" aria-invalid=\"false\" value=\"\" type=\"text\" name=\"text-544\" \/><\/span><br \/>\n<label>Vendi i planifikuar zhvendosjes ne gjermani <span style=\"color:red;\">*<\/span><\/label><span class=\"wpcf7-form-control-wrap\" data-name=\"text-545\"><input size=\"40\" class=\"wpcf7-form-control wpcf7-text wpcf7-validates-as-required\" aria-required=\"true\" aria-invalid=\"false\" value=\"\" type=\"text\" name=\"text-545\" \/><\/span><br \/>\n<label>Arsyeja e planifikuar e qendrimit ne gjermani <span style=\"color:red;\">*<\/span><\/label><span class=\"wpcf7-form-control-wrap\" data-name=\"radio-43\"><span class=\"wpcf7-form-control wpcf7-radio\"><span class=\"wpcf7-list-item first\"><label><input type=\"radio\" name=\"radio-43\" value=\"Pune\" checked=\"checked\" \/><span class=\"wpcf7-list-item-label\">Pune<\/span><\/label><\/span><span class=\"wpcf7-list-item\"><label><input type=\"radio\" name=\"radio-43\" value=\"Shkollim\" \/><span class=\"wpcf7-list-item-label\">Shkollim<\/span><\/label><\/span><span class=\"wpcf7-list-item\"><label><input type=\"radio\" name=\"radio-43\" value=\"Bashkim familjar\" \/><span class=\"wpcf7-list-item-label\">Bashkim familjar<\/span><\/label><\/span><span class=\"wpcf7-list-item last\"><label><input type=\"radio\" name=\"radio-43\" value=\"Arsyje tjeter\" \/><span class=\"wpcf7-list-item-label\">Arsyje tjeter<\/span><\/label><\/span><\/span><\/span>\n<\/p>\n<h6 class=\"h6_in_form\">Mbrojtja e t\u00eb dh\u00ebnave\n<\/h6>\n<p class=\"h6_in_form\">Ju lutemi lexoni informacionin p\u00ebr mbrojtjen e t\u00eb dh\u00ebnave p\u00ebr t\u00eb m\u00ebsuar m\u00eb shum\u00eb p\u00ebr t\u00eb drejtat tuaja, nd\u00ebr t\u00eb tjera. Duke u regjistruar, ju konfirmoni q\u00eb keni lexuar informacionin p\u00ebr mbrojtjen e t\u00eb dh\u00ebnave.\n<\/p>\n<h6 class=\"h6_in_form\">T\u00eb drejtat e imazhit\n<\/h6>\n<p class=\"h6_in_form\">N\u00eb kuad\u00ebr t\u00eb k\u00ebtij eventi do t\u00eb b\u00ebhen fotografi n\u00eb t\u00eb cilat mund t\u00eb dallohen pjes\u00ebmarr\u00ebsit. N\u00eb k\u00ebt\u00eb m\u00ebnyr\u00eb ju jepni p\u00eblqimin tuaj p\u00ebr t'u fotografuar dhe\/ose filmuar p\u00ebr Goethe-Zentrum. Fotografit\u00eb e marra mund t\u00eb p\u00ebrdoren, publikohen dhe\/ose t\u00eb riprodhohen ndryshe publikisht nga Goethe-Zentrum p\u00ebr botime t\u00eb ndryshme t\u00eb Goethe-Institut, si dhe p\u00ebr marr\u00ebdh\u00ebnie me publikun dhe q\u00ebllime reklamimi n\u00eb mbar\u00eb bot\u00ebn dhe pa asnj\u00eb kufizim kohor ose p\u00ebrmbajtje.<br \/>\nN\u00ebse nuk jeni dakord me k\u00ebt\u00eb, mund t\u00eb na kontaktoni n\u00eb \u00e7do koh\u00eb (madje edhe pas ngjarjes ku keni marr\u00eb pjes\u00eb): Burim.Dervishaj@goethe.de\n<\/p>\n<h6 class=\"h6_in_form\">Sondazhet\n<\/h6>\n<p class=\"h6_in_form\">Sondazhet anonime kryhen gjithashtu n\u00eb m\u00ebnyr\u00eb sporadike si pjes\u00eb e ngjarjeve tona. Rezultatet e k\u00ebtyre sondazheve mund t\u00eb p\u00ebrdoren p\u00ebr marr\u00ebdh\u00ebnie me publikun dhe q\u00ebllime reklamimi, t\u00eb publikuara dhe\/ose t\u00eb riprodhohen publikisht n\u00eb \u00e7do form\u00eb tjet\u00ebr. Me regjistrimin tuaj ju pranoni k\u00ebt\u00eb.\n<\/p>\n<h6 class=\"h6_in_form\">* Fusha e detyrueshme\n<\/h6>\n<p class=\"h6_in_form\">N\u00ebse i d\u00ebrgoni t\u00eb dh\u00ebnat e futura n\u00eb formularin e kontaktit duke klikuar n\u00eb butonin m\u00eb posht\u00eb, ju pranoni q\u00eb ne mund t\u00eb p\u00ebrdorim t\u00eb dh\u00ebnat tuaja p\u00ebr t'iu p\u00ebrgjigjur pyetjes suaj ose p\u00ebr t'ju kontaktuar. Ju mund ta revokoni p\u00eblqimin tuaj duke d\u00ebrguar nj\u00eb e-mail n\u00eb Burim.Dervishaj@goethe.de. N\u00eb rast revokimi, t\u00eb dh\u00ebnat tuaja do t\u00eb fshihen menj\u00ebher\u00eb. P\u00ebrndryshe, t\u00eb dh\u00ebnat tuaja do t\u00eb fshihen pasi t\u00eb kemi p\u00ebrpunuar k\u00ebrkes\u00ebn tuaj ose q\u00ebllimi p\u00ebr t\u00eb cilin jan\u00eb ruajtur nuk zbatohet m\u00eb.\n<\/p>\n<p><label>Un\u00eb e kam lexuar politik\u00ebn e privat\u00ebsis\u00eb dhe jam dakord me t\u00eb <span style=\"color:red;\">*<\/span><\/label><span class=\"wpcf7-form-control-wrap\" data-name=\"checkbox-850\"><span class=\"wpcf7-form-control wpcf7-checkbox wpcf7-validates-as-required\"><span class=\"wpcf7-list-item first last\"><label><input type=\"checkbox\" name=\"checkbox-850[]\" value=\"Po\" \/><span class=\"wpcf7-list-item-label\">Po<\/span><\/label><\/span><\/span><\/span>\n<\/p>\n<p><input class=\"wpcf7-form-control wpcf7-submit has-spinner\" type=\"submit\" value=\"Submit\" \/>\n<\/p><div class=\"wpcf7-response-output\" aria-hidden=\"true\"><\/div>\n<\/form>\n<\/div>\n[\/et_pb_code][\/et_pb_column][\/et_pb_row][\/et_pb_section][et_pb_section fb_built=&#8221;1&#8243; _builder_version=&#8221;4.14.7&#8243; _module_preset=&#8221;default&#8221; background_color=&#8221;#707070&#8243; global_module=&#8221;67&#8243; saved_tabs=&#8221;all&#8221; global_colors_info=&#8221;{}&#8221;][et_pb_row column_structure=&#8221;1_4,1_4,1_4,1_4&#8243; _builder_version=&#8221;4.16&#8243; _module_preset=&#8221;default&#8221; width=&#8221;85%&#8221; max_width=&#8221;1263px&#8221; global_colors_info=&#8221;{}&#8221;][et_pb_column type=&#8221;1_4&#8243; _builder_version=&#8221;4.16&#8243; _module_preset=&#8221;default&#8221; global_colors_info=&#8221;{}&#8221;][et_pb_text module_class=&#8221;footer_kurset&#8221; _builder_version=&#8221;4.20.4&#8243; _module_preset=&#8221;default&#8221; text_font=&#8221;Manrope||||||||&#8221; text_text_color=&#8221;#FFFFFF&#8221; text_line_height=&#8221;2.3em&#8221; global_colors_info=&#8221;{}&#8221;]<\/p>\n<p><strong>Kontakti:<\/strong><\/p>\n<p>Mujo Ulqinaku 19-215<br \/>10000 Prishtin\u00eb<\/p>\n<p><strong>Recepcioni:<\/strong><a href=\"tel:0038338224909\">+ 383 (0) 38 224 909<\/a><\/p>\n<p>Oraret e p\u00ebrgjithshme t\u00eb pun\u00ebs (recepsioni)<\/p>\n<p>E h\u00ebn\u00eb \u2013 E premte<\/p>\n<p>09:00 \u2013 12:00<br \/>13:00 \u2013 17:30<\/p>\n<p>E-Mail: <a href=\"mailto:info@goethe-ks.org\">info@goethe-ks.org<\/a><\/p>\n<p>[\/et_pb_text][\/et_pb_column][et_pb_column type=&#8221;1_4&#8243; _builder_version=&#8221;4.16&#8243; _module_preset=&#8221;default&#8221; global_colors_info=&#8221;{}&#8221;][et_pb_text module_class=&#8221;footer_kurset&#8221; _builder_version=&#8221;4.20.4&#8243; _module_preset=&#8221;default&#8221; text_font=&#8221;Manrope||||||||&#8221; text_text_color=&#8221;#FFFFFF&#8221; text_line_height=&#8221;2.3em&#8221; global_colors_info=&#8221;{}&#8221;]<\/p>\n<p><strong>Orari i konsultimeve p\u00ebr kurse :<\/strong><strong><\/strong><\/p>\n<p>E h\u00ebn\u00eb \u2013 E premte<\/p>\n<p>09:00 \u2013 12:00<br \/>13:00 \u2013 16:00<\/p>\n<p>Tel: <a href=\"tel:0038338224909\">+ 383 (0) 38 224 909<\/a><\/p>\n<p><a href=\"tel:0038345284993\"><span>\u00a0<\/span>+ 383 (0) 45 284 993<\/a><\/p>\n<p>E-Mail: info.sprachkurse@goethe-ks.org<\/p>\n<p>[\/et_pb_text][\/et_pb_column][et_pb_column type=&#8221;1_4&#8243; _builder_version=&#8221;4.16&#8243; _module_preset=&#8221;default&#8221; global_colors_info=&#8221;{}&#8221;][et_pb_text module_class=&#8221;footer_kurset&#8221; _builder_version=&#8221;4.20.4&#8243; _module_preset=&#8221;default&#8221; text_font=&#8221;Manrope||||||||&#8221; text_text_color=&#8221;#FFFFFF&#8221; text_line_height=&#8221;2.3em&#8221; width=&#8221;100%&#8221; max_width=&#8221;100%&#8221; custom_margin=&#8221;|-58px||||&#8221; custom_padding=&#8221;|0px||||&#8221; global_colors_info=&#8221;{}&#8221;]<\/p>\n<p><strong>Orari i konsultimeve p\u00ebr provime:<\/strong><\/p>\n<p>E h\u00ebn\u00eb \u2013 E enjte<br \/>09:00 \u2013 12:00<br \/>13:00 \u2013 16:00<\/p>\n<p>Tel:\u00a0 <span>\u00a0<\/span><a href=\"tel:0038338224909\">+ 383 (0) 38 224 909<\/a><\/p>\n<p>\u00a0 \u00a0 \u00a0 \u00a0 \u00a0<span>\u00a0<\/span><a href=\"tel:0038345322052\">+ 383 (0) 45 322 052<\/a><\/p>\n<p>E-Mail: info.pruefungen@goethe-ks.org<\/p>\n<p>[\/et_pb_text][\/et_pb_column][et_pb_column type=&#8221;1_4&#8243; _builder_version=&#8221;4.16&#8243; _module_preset=&#8221;default&#8221; global_colors_info=&#8221;{}&#8221;][et_pb_social_media_follow icon_color=&#8221;#FFFFFF&#8221; _builder_version=&#8221;4.20.4&#8243; _module_preset=&#8221;default&#8221; global_colors_info=&#8221;{}&#8221;][et_pb_social_media_follow_network social_network=&#8221;facebook&#8221; url=&#8221;https:\/\/www.facebook.com\/goethezentrumprishtina&#8221; _builder_version=&#8221;4.20.4&#8243; _module_preset=&#8221;default&#8221; background_color=&#8221;#3b5998&#8243; global_colors_info=&#8221;{}&#8221; follow_button=&#8221;off&#8221; url_new_window=&#8221;on&#8221;]facebook[\/et_pb_social_media_follow_network][et_pb_social_media_follow_network social_network=&#8221;instagram&#8221; url=&#8221;https:\/\/www.instagram.com\/explore\/locations\/345190440\/goethe-zentrum-prishtina\/?hl=en&#8221; _builder_version=&#8221;4.20.4&#8243; _module_preset=&#8221;default&#8221; background_color=&#8221;#ea2c59&#8243; global_colors_info=&#8221;{}&#8221; follow_button=&#8221;off&#8221; url_new_window=&#8221;on&#8221;]instagram[\/et_pb_social_media_follow_network][\/et_pb_social_media_follow][et_pb_text _builder_version=&#8221;4.20.4&#8243; _module_preset=&#8221;default&#8221; global_colors_info=&#8221;{}&#8221;]<\/p>\n<p><img loading=\"lazy\" decoding=\"async\" src=\"https:\/\/goethe-ks.org\/wp-content\/uploads\/2021\/06\/goethe.png\" width=\"72\" height=\"72\" \/>\u00a0 \u00a0 <img loading=\"lazy\" decoding=\"async\" src=\"https:\/\/www.zhaw.ch\/storage\/_processed_\/1\/a\/csm_Logo_Goethe_6bc46f650b.webp\" alt=\"Pr\u00fcfungszentrum Goethe-Institut | ZHAW Institute of Language Competence ILC\" width=\"94\" height=\"69\" \/><\/p>\n<p>[\/et_pb_text][\/et_pb_column][\/et_pb_row][\/et_pb_section]<\/p>\n","protected":false},"excerpt":{"rendered":"<p>\n<div class=\"wpcf7 no-js\" id=\"wpcf7-f1033-o2\" lang=\"en-US\" dir=\"ltr\">\n<div class=\"screen-reader-response\"><p role=\"status\" aria-live=\"polite\" aria-atomic=\"true\"><\/p> <ul><\/ul><\/div>\n<form action=\"\/newrelease\/wp-json\/wp\/v2\/pages\/993#wpcf7-f1033-o2\" method=\"post\" class=\"wpcf7-form init\" aria-label=\"Contact form\" novalidate=\"novalidate\" data-status=\"init\">\n<div style=\"display: none;\">\n<input type=\"hidden\" name=\"_wpcf7\" value=\"1033\" \/>\n<input type=\"hidden\" name=\"_wpcf7_version\" value=\"5.8.4\" \/>\n<input type=\"hidden\" name=\"_wpcf7_locale\" value=\"en_US\" \/>\n<input type=\"hidden\" name=\"_wpcf7_unit_tag\" value=\"wpcf7-f1033-o2\" \/>\n<input type=\"hidden\" name=\"_wpcf7_container_post\" value=\"0\" \/>\n<input type=\"hidden\" name=\"_wpcf7_posted_data_hash\" value=\"\" \/>\n<\/div>\n<h6 class=\"h6_in_form\">Hyrje e leht\u00ebsuar p\u00ebr p\u00ebrsonelin profesional n\u00eb gjermani\n<\/h6>\n<p><label>Emri mbiemri juaj <span style=\"color:red;\">*<\/span><\/label><span class=\"wpcf7-form-control-wrap\" data-name=\"text-542\"><input size=\"40\" class=\"wpcf7-form-control wpcf7-text wpcf7-validates-as-required\" aria-required=\"true\" aria-invalid=\"false\" value=\"\" type=\"text\" name=\"text-542\" \/><\/span><br \/>\n<label>Data e lindjes <span style=\"color:red;\">*<\/span><\/label><span class=\"wpcf7-form-control-wrap\" data-name=\"date-728\"><input class=\"wpcf7-form-control wpcf7-date wpcf7-validates-as-required wpcf7-validates-as-date\" aria-required=\"true\" aria-invalid=\"false\" value=\"\" type=\"date\" name=\"date-728\" \/><\/span><br \/>\n<label>Gjinia <span style=\"color:red;\">*<\/span><\/label><span class=\"wpcf7-form-control-wrap\" data-name=\"radio-41\"><span class=\"wpcf7-form-control wpcf7-radio\"><span class=\"wpcf7-list-item first\"><label><input type=\"radio\" name=\"radio-41\" value=\"Mashkull\" checked=\"checked\" \/><span class=\"wpcf7-list-item-label\">Mashkull<\/span><\/label><\/span><span class=\"wpcf7-list-item last\"><label><input type=\"radio\" name=\"radio-41\" value=\"Femer\" \/><span class=\"wpcf7-list-item-label\">Femer<\/span><\/label><\/span><\/span><\/span><br \/>\n<label>Email <span style=\"color:red;\">*<\/span><\/label><span class=\"wpcf7-form-control-wrap\" data-name=\"email-609\"><input size=\"40\" class=\"wpcf7-form-control wpcf7-email wpcf7-validates-as-required wpcf7-text wpcf7-validates-as-email\" aria-required=\"true\" aria-invalid=\"false\" value=\"\" type=\"email\" name=\"email-609\" \/><\/span><br \/>\n<label>Shtetesia <span style=\"color:red;\">*<\/span><\/label><span class=\"wpcf7-form-control-wrap\" data-name=\"text-543\"><input size=\"40\" class=\"wpcf7-form-control wpcf7-text wpcf7-validates-as-required\" aria-required=\"true\" aria-invalid=\"false\" value=\"\" type=\"text\" name=\"text-543\" \/><\/span><br \/>\n<label>Numri personal <span style=\"color:red;\">*<\/span><\/label><span class=\"wpcf7-form-control-wrap\" data-name=\"text-544\"><input size=\"40\" class=\"wpcf7-form-control wpcf7-text wpcf7-validates-as-required\" aria-required=\"true\" aria-invalid=\"false\" value=\"\" type=\"text\" name=\"text-544\" \/><\/span><br \/>\n<label>Zgjedhni dokumentin <span style=\"color:red;\">*<\/span><\/label><span class=\"wpcf7-form-control-wrap\" data-name=\"radio-42\"><span class=\"wpcf7-form-control wpcf7-radio\"><span class=\"wpcf7-list-item first\"><label><input type=\"radio\" name=\"radio-42\" value=\"Passaport\" checked=\"checked\" \/><span class=\"wpcf7-list-item-label\">Passaport<\/span><\/label><\/span><span class=\"wpcf7-list-item last\"><label><input type=\"radio\" name=\"radio-42\" value=\"ID\" \/><span class=\"wpcf7-list-item-label\">ID<\/span><\/label><\/span><\/span><\/span><br \/>\n<label>Institucioni i leshimit te dokumentit <span style=\"color:red;\">*<\/span><\/label><span class=\"wpcf7-form-control-wrap\" data-name=\"text-544\"><input size=\"40\" class=\"wpcf7-form-control wpcf7-text wpcf7-validates-as-required\" aria-required=\"true\" aria-invalid=\"false\" value=\"\" type=\"text\" name=\"text-544\" \/><\/span><br \/>\n<label>Vendi i planifikuar zhvendosjes ne gjermani <span style=\"color:red;\">*<\/span><\/label><span class=\"wpcf7-form-control-wrap\" data-name=\"text-545\"><input size=\"40\" class=\"wpcf7-form-control wpcf7-text wpcf7-validates-as-required\" aria-required=\"true\" aria-invalid=\"false\" value=\"\" type=\"text\" name=\"text-545\" \/><\/span><br \/>\n<label>Arsyeja e planifikuar e qendrimit ne gjermani <span style=\"color:red;\">*<\/span><\/label><span class=\"wpcf7-form-control-wrap\" data-name=\"radio-43\"><span class=\"wpcf7-form-control wpcf7-radio\"><span class=\"wpcf7-list-item first\"><label><input type=\"radio\" name=\"radio-43\" value=\"Pune\" checked=\"checked\" \/><span class=\"wpcf7-list-item-label\">Pune<\/span><\/label><\/span><span class=\"wpcf7-list-item\"><label><input type=\"radio\" name=\"radio-43\" value=\"Shkollim\" \/><span class=\"wpcf7-list-item-label\">Shkollim<\/span><\/label><\/span><span class=\"wpcf7-list-item\"><label><input type=\"radio\" name=\"radio-43\" value=\"Bashkim familjar\" \/><span class=\"wpcf7-list-item-label\">Bashkim familjar<\/span><\/label><\/span><span class=\"wpcf7-list-item last\"><label><input type=\"radio\" name=\"radio-43\" value=\"Arsyje tjeter\" \/><span class=\"wpcf7-list-item-label\">Arsyje tjeter<\/span><\/label><\/span><\/span><\/span>\n<\/p>\n<h6 class=\"h6_in_form\">Mbrojtja e t\u00eb dh\u00ebnave\n<\/h6>\n<p class=\"h6_in_form\">Ju lutemi lexoni informacionin p\u00ebr mbrojtjen e t\u00eb dh\u00ebnave p\u00ebr t\u00eb m\u00ebsuar m\u00eb shum\u00eb p\u00ebr t\u00eb drejtat tuaja, nd\u00ebr t\u00eb tjera. Duke u regjistruar, ju konfirmoni q\u00eb keni lexuar informacionin p\u00ebr mbrojtjen e t\u00eb dh\u00ebnave.\n<\/p>\n<h6 class=\"h6_in_form\">T\u00eb drejtat e imazhit\n<\/h6>\n<p class=\"h6_in_form\">N\u00eb kuad\u00ebr t\u00eb k\u00ebtij eventi do t\u00eb b\u00ebhen fotografi n\u00eb t\u00eb cilat mund t\u00eb dallohen pjes\u00ebmarr\u00ebsit. N\u00eb k\u00ebt\u00eb m\u00ebnyr\u00eb ju jepni p\u00eblqimin tuaj p\u00ebr t'u fotografuar dhe\/ose filmuar p\u00ebr Goethe-Zentrum. Fotografit\u00eb e marra mund t\u00eb p\u00ebrdoren, publikohen dhe\/ose t\u00eb riprodhohen ndryshe publikisht nga Goethe-Zentrum p\u00ebr botime t\u00eb ndryshme t\u00eb Goethe-Institut, si dhe p\u00ebr marr\u00ebdh\u00ebnie me publikun dhe q\u00ebllime reklamimi n\u00eb mbar\u00eb bot\u00ebn dhe pa asnj\u00eb kufizim kohor ose p\u00ebrmbajtje.<br \/>\nN\u00ebse nuk jeni dakord me k\u00ebt\u00eb, mund t\u00eb na kontaktoni n\u00eb \u00e7do koh\u00eb (madje edhe pas ngjarjes ku keni marr\u00eb pjes\u00eb): Burim.Dervishaj@goethe.de\n<\/p>\n<h6 class=\"h6_in_form\">Sondazhet\n<\/h6>\n<p class=\"h6_in_form\">Sondazhet anonime kryhen gjithashtu n\u00eb m\u00ebnyr\u00eb sporadike si pjes\u00eb e ngjarjeve tona. Rezultatet e k\u00ebtyre sondazheve mund t\u00eb p\u00ebrdoren p\u00ebr marr\u00ebdh\u00ebnie me publikun dhe q\u00ebllime reklamimi, t\u00eb publikuara dhe\/ose t\u00eb riprodhohen publikisht n\u00eb \u00e7do form\u00eb tjet\u00ebr. Me regjistrimin tuaj ju pranoni k\u00ebt\u00eb.\n<\/p>\n<h6 class=\"h6_in_form\">* Fusha e detyrueshme\n<\/h6>\n<p class=\"h6_in_form\">N\u00ebse i d\u00ebrgoni t\u00eb dh\u00ebnat e futura n\u00eb formularin e kontaktit duke klikuar n\u00eb butonin m\u00eb posht\u00eb, ju pranoni q\u00eb ne mund t\u00eb p\u00ebrdorim t\u00eb dh\u00ebnat tuaja p\u00ebr t'iu p\u00ebrgjigjur pyetjes suaj ose p\u00ebr t'ju kontaktuar. Ju mund ta revokoni p\u00eblqimin tuaj duke d\u00ebrguar nj\u00eb e-mail n\u00eb Burim.Dervishaj@goethe.de. N\u00eb rast revokimi, t\u00eb dh\u00ebnat tuaja do t\u00eb fshihen menj\u00ebher\u00eb. P\u00ebrndryshe, t\u00eb dh\u00ebnat tuaja do t\u00eb fshihen pasi t\u00eb kemi p\u00ebrpunuar k\u00ebrkes\u00ebn tuaj ose q\u00ebllimi p\u00ebr t\u00eb cilin jan\u00eb ruajtur nuk zbatohet m\u00eb.\n<\/p>\n<p><label>Un\u00eb e kam lexuar politik\u00ebn e privat\u00ebsis\u00eb dhe jam dakord me t\u00eb <span style=\"color:red;\">*<\/span><\/label><span class=\"wpcf7-form-control-wrap\" data-name=\"checkbox-850\"><span class=\"wpcf7-form-control wpcf7-checkbox wpcf7-validates-as-required\"><span class=\"wpcf7-list-item first last\"><label><input type=\"checkbox\" name=\"checkbox-850[]\" value=\"Po\" \/><span class=\"wpcf7-list-item-label\">Po<\/span><\/label><\/span><\/span><\/span>\n<\/p>\n<p><input class=\"wpcf7-form-control wpcf7-submit has-spinner\" type=\"submit\" value=\"Submit\" \/>\n<\/p><div class=\"wpcf7-response-output\" aria-hidden=\"true\"><\/div>\n<\/form>\n<\/div>\nKontakti: Mujo Ulqinaku 19-21510000 Prishtin\u00eb Recepcioni:+ 383 (0) 38 224 909 Oraret e p\u00ebrgjithshme t\u00eb pun\u00ebs (recepsioni) E h\u00ebn\u00eb \u2013 E premte 09:00 \u2013 12:0013:00 \u2013 17:30 E-Mail: info@goethe-ks.orgOrari i konsultimeve p\u00ebr kurse : E h\u00ebn\u00eb \u2013 E premte 09:00 \u2013 12:0013:00 \u2013 16:00 Tel: + [&hellip;]<\/p>\n","protected":false},"author":1,"featured_media":0,"parent":0,"menu_order":0,"comment_status":"closed","ping_status":"closed","template":"","meta":{"_et_pb_use_builder":"on","_et_pb_old_content":"<!-- wp:divi\/placeholder \/-->","_et_gb_content_width":"","footnotes":""},"class_list":["post-993","page","type-page","status-publish","hentry"],"_links":{"self":[{"href":"https:\/\/goethe-ks.org\/newrelease\/wp-json\/wp\/v2\/pages\/993","targetHints":{"allow":["GET"]}}],"collection":[{"href":"https:\/\/goethe-ks.org\/newrelease\/wp-json\/wp\/v2\/pages"}],"about":[{"href":"https:\/\/goethe-ks.org\/newrelease\/wp-json\/wp\/v2\/types\/page"}],"author":[{"embeddable":true,"href":"https:\/\/goethe-ks.org\/newrelease\/wp-json\/wp\/v2\/users\/1"}],"replies":[{"embeddable":true,"href":"https:\/\/goethe-ks.org\/newrelease\/wp-json\/wp\/v2\/comments?post=993"}],"version-history":[{"count":7,"href":"https:\/\/goethe-ks.org\/newrelease\/wp-json\/wp\/v2\/pages\/993\/revisions"}],"predecessor-version":[{"id":1039,"href":"https:\/\/goethe-ks.org\/newrelease\/wp-json\/wp\/v2\/pages\/993\/revisions\/1039"}],"wp:attachment":[{"href":"https:\/\/goethe-ks.org\/newrelease\/wp-json\/wp\/v2\/media?parent=993"}],"curies":[{"name":"wp","href":"https:\/\/api.w.org\/{rel}","templated":true}]}}