{"id":70,"date":"2022-11-05T22:00:44","date_gmt":"2022-11-05T22:00:44","guid":{"rendered":"https:\/\/goethe-ks.org\/newrelease\/?page_id=70"},"modified":"2025-01-30T12:22:38","modified_gmt":"2025-01-30T12:22:38","slug":"kurset-e-gjuhes","status":"publish","type":"page","link":"https:\/\/goethe-ks.org\/newrelease\/kurset-e-gjuhes\/","title":{"rendered":"Kurset e gjuhes"},"content":{"rendered":"<p>[et_pb_section fb_built=&#8221;1&#8243; _builder_version=&#8221;4.16&#8243; _module_preset=&#8221;default&#8221; background_color=&#8221;#f8f8f6&#8243; custom_padding=&#8221;0px||54px|||&#8221; global_colors_info=&#8221;{}&#8221;][et_pb_row disabled_on=&#8221;off|off|off&#8221; _builder_version=&#8221;4.14.7&#8243; _module_preset=&#8221;default&#8221; global_module=&#8221;65&#8243; saved_tabs=&#8221;all&#8221; global_colors_info=&#8221;{}&#8221;][et_pb_column type=&#8221;4_4&#8243; _builder_version=&#8221;4.16&#8243; _module_preset=&#8221;default&#8221; global_colors_info=&#8221;{}&#8221;][et_pb_menu menu_id=&#8221;none&#8221; menu_style=&#8221;centered&#8221; submenu_direction=&#8221;downwards&#8221; disabled_on=&#8221;on|off|off&#8221; module_class=&#8221;mobile_full_menu&#8221; _builder_version=&#8221;4.20.4&#8243; _module_preset=&#8221;default&#8221; menu_font=&#8221;Manrope|700|||||||&#8221; menu_font_size=&#8221;16px&#8221; background_color=&#8221;#f8f8f6&#8243; global_colors_info=&#8221;{}&#8221;][\/et_pb_menu][\/et_pb_column][\/et_pb_row][\/et_pb_section][et_pb_section fb_built=&#8221;1&#8243; _builder_version=&#8221;4.16&#8243; _module_preset=&#8221;default&#8221; background_color=&#8221;#f8f8f6&#8243; custom_padding=&#8221;0px|||||&#8221; global_colors_info=&#8221;{}&#8221;][et_pb_row column_structure=&#8221;3_5,2_5&#8243; _builder_version=&#8221;4.16&#8243; _module_preset=&#8221;default&#8221; global_colors_info=&#8221;{}&#8221;][et_pb_column type=&#8221;3_5&#8243; _builder_version=&#8221;4.16&#8243; _module_preset=&#8221;default&#8221; global_colors_info=&#8221;{}&#8221;][et_pb_text _builder_version=&#8221;4.16&#8243; _module_preset=&#8221;default&#8221; header_2_text_color=&#8221;#a0c814&#8243; global_colors_info=&#8221;{}&#8221;]<\/p>\n<h2>KURSET E GJUH\u00cbS<\/h2>\n<p>&nbsp;<\/p>\n<p>Kurset tona gjuh\u00ebsore ofrojn\u00eb mundesi t\u00eb shk\u00eblqyer p\u00ebr t\u00eb p\u00ebrmir\u00ebsuar n\u00eb m\u00ebnyr\u00eb sa m\u00eb efikase njohurit\u00eb tuaja t\u00eb gjuh\u00ebs n\u00eb nj\u00eb orar t\u00eb p\u00ebrshtatsh\u00ebm p\u00ebr ju, sipas metodave m\u00eb moderne, n\u00eb hap\u00ebsirat e pajisura me teknologjin\u00eb m\u00eb t\u00eb re (smartboard) dhe n\u00eb nj\u00eb atmosfer\u00eb t\u00eb k\u00ebndshme.<\/p>\n<p>Fal\u00eb metodikave komunikative ju do t\u00eb lexoni, d\u00ebgjoni, shkruani dhe flisni gjermanisht duke filluar nga or\u00ebt e para t\u00eb m\u00ebsimit, pasi n\u00eb m\u00ebsimdh\u00ebnj\u00ebn moderne t\u00eb gjuh\u00ebve t\u00eb huaja, si dhe n\u00eb provimet aktuale gjuh\u00ebsore para s\u00eb gjithash jan\u00eb k\u00ebto kat\u00ebr aft\u00ebsi, t\u00eb cilat m\u00ebsohen dhe testohen. Sistemi shkall\u00eb-shkall\u00eb i kursit ju mund\u00ebson zhvillim e m\u00ebtejm\u00eb t\u00eb aft\u00ebsive tuaja t\u00eb gjuh\u00ebs gjermane n\u00eb m\u00ebnyr\u00eb pasive (n\u00eb t\u00eb lexuar dhe n\u00eb t\u00eb d\u00ebgjuar) dhe aktive (n\u00eb t\u00eb shkruar dhe n\u00eb t\u00eb folur), si dhe perfeksionimin e tyre n\u00eb t\u00eb vazhduesh\u00ebm. Gjat\u00eb kurseve ju do t\u00eb mund t\u00eb hyni n\u00eb atmosfer\u00eb t\u00eb vendeve gjermanofol\u00ebse dhe t\u00eb p\u00ebrfitoni nga informatat e shumta mbi k\u00ebto vende, t\u00eb cilat nuk paraqesin vet\u00ebm informata interesante por jan\u00eb edhe relevante p\u00ebr provim.<\/p>\n<p>[\/et_pb_text][\/et_pb_column][et_pb_column type=&#8221;2_5&#8243; _builder_version=&#8221;4.16&#8243; _module_preset=&#8221;default&#8221; global_colors_info=&#8221;{}&#8221;][et_pb_image src=&#8221;https:\/\/goethe-ks.org\/newrelease\/wp-content\/uploads\/2022\/11\/Mask-Group-4.png&#8221; title_text=&#8221;Mask Group 4&#8243; _builder_version=&#8221;4.16&#8243; _module_preset=&#8221;default&#8221; width=&#8221;100%&#8221; global_colors_info=&#8221;{}&#8221;][\/et_pb_image][\/et_pb_column][\/et_pb_row][\/et_pb_section][et_pb_section fb_built=&#8221;1&#8243; _builder_version=&#8221;4.16&#8243; _module_preset=&#8221;default&#8221; background_color=&#8221;#f8f8f6&#8243; global_colors_info=&#8221;{}&#8221;][et_pb_row _builder_version=&#8221;4.20.4&#8243; _module_preset=&#8221;default&#8221; custom_padding=&#8221;||28px|||&#8221; global_colors_info=&#8221;{}&#8221;][et_pb_column type=&#8221;4_4&#8243; _builder_version=&#8221;4.20.4&#8243; _module_preset=&#8221;default&#8221; global_colors_info=&#8221;{}&#8221;][et_pb_text _builder_version=&#8221;4.20.4&#8243; _module_preset=&#8221;default&#8221; global_colors_info=&#8221;{}&#8221;]<\/p>\n<h1 style=\"text-align: center;\"><strong>Orari m\u00ebsimor<br \/><\/strong><\/h1>\n<h3 style=\"text-align: center;\">Nga e h\u00ebna deri t\u00eb enjt\u00ebn<\/h3>\n<p>[\/et_pb_text][\/et_pb_column][\/et_pb_row][et_pb_row column_structure=&#8221;1_3,1_3,1_3&#8243; _builder_version=&#8221;4.20.4&#8243; _module_preset=&#8221;default&#8221; global_colors_info=&#8221;{}&#8221;][et_pb_column type=&#8221;1_3&#8243; _builder_version=&#8221;4.20.4&#8243; _module_preset=&#8221;default&#8221; global_colors_info=&#8221;{}&#8221;][et_pb_text _builder_version=&#8221;4.20.4&#8243; _module_preset=&#8221;default&#8221; global_colors_info=&#8221;{}&#8221;]<\/p>\n<p style=\"text-align: center;\"><strong>Orari i par\u00eb<\/strong><\/p>\n<p style=\"text-align: center;\">09:00 &#8211; 12:30<\/p>\n<p>[\/et_pb_text][\/et_pb_column][et_pb_column type=&#8221;1_3&#8243; _builder_version=&#8221;4.20.4&#8243; _module_preset=&#8221;default&#8221; global_colors_info=&#8221;{}&#8221;][et_pb_text _builder_version=&#8221;4.20.4&#8243; _module_preset=&#8221;default&#8221; global_colors_info=&#8221;{}&#8221;]<\/p>\n<p style=\"text-align: center;\"><strong>Orari i dyt\u00eb<\/strong><\/p>\n<p style=\"text-align: center;\">13:00 &#8211; 16:30<\/p>\n<p>[\/et_pb_text][\/et_pb_column][et_pb_column type=&#8221;1_3&#8243; _builder_version=&#8221;4.20.4&#8243; _module_preset=&#8221;default&#8221; global_colors_info=&#8221;{}&#8221;][et_pb_text _builder_version=&#8221;4.20.4&#8243; _module_preset=&#8221;default&#8221; global_colors_info=&#8221;{}&#8221;]<\/p>\n<p style=\"text-align: center;\"><strong>Orari i tret\u00eb<\/strong><\/p>\n<p style=\"text-align: center;\">17:00 &#8211; 20:30<\/p>\n<p>[\/et_pb_text][\/et_pb_column][\/et_pb_row][et_pb_row _builder_version=&#8221;4.16&#8243; _module_preset=&#8221;default&#8221; global_colors_info=&#8221;{}&#8221;][et_pb_column type=&#8221;4_4&#8243; _builder_version=&#8221;4.16&#8243; _module_preset=&#8221;default&#8221; global_colors_info=&#8221;{}&#8221;][et_pb_text disabled_on=&#8221;on|off|off&#8221; _builder_version=&#8221;4.16&#8243; _module_preset=&#8221;default&#8221; text_text_color=&#8221;#707070&#8243; background_color=&#8221;#e8e8e6&#8243; custom_margin=&#8221;|733px|3px|0px|false|false&#8221; custom_padding=&#8221;20px||20px|49px|false|false&#8221; border_radii=&#8221;off|25px|25px||&#8221; global_colors_info=&#8221;{}&#8221;]<\/p>\n<p>Oferta e kurseve t\u00eb Goethe-Zentrum<\/p>\n<p>[\/et_pb_text][et_pb_code _builder_version=&#8221;4.20.4&#8243; _module_preset=&#8221;default&#8221; custom_margin=&#8221;|-30px||-30px|false|false&#8221; custom_padding=&#8221;|||0px|false|false&#8221; hover_enabled=&#8221;0&#8243; global_colors_info=&#8221;{}&#8221; sticky_enabled=&#8221;0&#8243;]<\/p>\n<table class=\"price_table\"><!-- [et_pb_line_break_holder] -->  <\/p>\n<tr><!-- [et_pb_line_break_holder] --><\/p>\n<th>Lloji i kursit<\/th>\n<p><!-- [et_pb_line_break_holder] --><\/p>\n<th>Or\u00ebt m\u00ebsimore p\u00ebr nivel<\/th>\n<p><!-- [et_pb_line_break_holder] --><\/p>\n<th>Or\u00ebt m\u00ebsimore p\u00ebr jav\u00eb<\/th>\n<p><!-- [et_pb_line_break_holder] --><\/p>\n<th>Koh\u00ebzgjatja e kursit<\/th>\n<p><!-- [et_pb_line_break_holder] --><\/p>\n<th>\u00c7mimi p\u00ebr nivel<\/th>\n<p><!-- [et_pb_line_break_holder] -->  <\/tr>\n<p><!-- [et_pb_line_break_holder] -->  <\/p>\n<tr class=\"greenpart\"><!-- [et_pb_line_break_holder] --><\/p>\n<td>Intensive<\/td>\n<p><!-- [et_pb_line_break_holder] -->    <\/p>\n<td><\/td>\n<p><!-- [et_pb_line_break_holder] -->    <\/p>\n<td><\/td>\n<p><!-- [et_pb_line_break_holder] -->    <\/p>\n<td><\/td>\n<p><!-- [et_pb_line_break_holder] -->    <\/p>\n<td><\/td>\n<p><!-- [et_pb_line_break_holder] -->  <\/tr>\n<p><!-- [et_pb_line_break_holder] -->  <\/p>\n<tr><!-- [et_pb_line_break_holder] -->  <\/p>\n<td>A1<\/td>\n<p><!-- [et_pb_line_break_holder] --><\/p>\n<td>160<\/td>\n<p><!-- [et_pb_line_break_holder] --><\/p>\n<td>16<\/td>\n<p><!-- [et_pb_line_break_holder] --><\/p>\n<td>10 jav\u00eb<\/td>\n<p><!-- [et_pb_line_break_holder] --><\/p>\n<td>420,00\u20ac<\/td>\n<p><!-- [et_pb_line_break_holder] -->  <\/tr>\n<p><!-- [et_pb_line_break_holder] -->    <\/p>\n<tr><!-- [et_pb_line_break_holder] --><\/p>\n<td>A2<\/td>\n<p><!-- [et_pb_line_break_holder] --><\/p>\n<td>160<\/td>\n<p><!-- [et_pb_line_break_holder] --><\/p>\n<td>16<\/td>\n<p><!-- [et_pb_line_break_holder] --><\/p>\n<td>10 jav\u00eb<\/td>\n<p><!-- [et_pb_line_break_holder] --><\/p>\n<td>420,00\u20ac<\/td>\n<p><!-- [et_pb_line_break_holder] -->  <\/tr>\n<p><!-- [et_pb_line_break_holder] -->    <\/p>\n<tr><!-- [et_pb_line_break_holder] --><\/p>\n<td>B1<\/td>\n<p><!-- [et_pb_line_break_holder] --><\/p>\n<td>180<\/td>\n<p><!-- [et_pb_line_break_holder] --><\/p>\n<td>16<\/td>\n<p><!-- [et_pb_line_break_holder] --><\/p>\n<td>11.5 jav\u00eb<\/td>\n<p><!-- [et_pb_line_break_holder] --><\/p>\n<td>470,00\u20ac<\/td>\n<p><!-- [et_pb_line_break_holder] -->  <\/tr>\n<p><!-- [et_pb_line_break_holder] -->    <\/p>\n<tr><!-- [et_pb_line_break_holder] --><\/p>\n<td>B2<\/td>\n<p><!-- [et_pb_line_break_holder] --><\/p>\n<td>180<\/td>\n<p><!-- [et_pb_line_break_holder] --><\/p>\n<td>16<\/td>\n<p><!-- [et_pb_line_break_holder] --><\/p>\n<td>11.5 jav\u00eb<\/td>\n<p><!-- [et_pb_line_break_holder] --><\/p>\n<td>475,00\u20ac<\/td>\n<p><!-- [et_pb_line_break_holder] -->  <\/tr>\n<p><!-- [et_pb_line_break_holder] -->    <\/p>\n<tr><!-- [et_pb_line_break_holder] --><\/p>\n<td>C1<\/td>\n<p><!-- [et_pb_line_break_holder] --><\/p>\n<td>180<\/td>\n<p><!-- [et_pb_line_break_holder] --><\/p>\n<td>16<\/td>\n<p><!-- [et_pb_line_break_holder] --><\/p>\n<td>11.5 jav\u00eb<\/td>\n<p><!-- [et_pb_line_break_holder] --><\/p>\n<td>475,00\u20ac<\/td>\n<p><!-- [et_pb_line_break_holder] -->  <\/tr>\n<p><!-- [et_pb_line_break_holder] -->  <\/p>\n<tr class=\"greenpart\"><!-- [et_pb_line_break_holder] -->    <\/p>\n<td><!-- [et_pb_line_break_holder] -->      P\u00ebrgatitje p\u00ebr provim<!-- [et_pb_line_break_holder] -->    <\/td>\n<p><!-- [et_pb_line_break_holder] -->       <\/p>\n<td><\/td>\n<p><!-- [et_pb_line_break_holder] -->    <\/p>\n<td><\/td>\n<p><!-- [et_pb_line_break_holder] -->    <\/p>\n<td><\/td>\n<p><!-- [et_pb_line_break_holder] -->    <\/p>\n<td><\/td>\n<p><!-- [et_pb_line_break_holder] -->  <\/tr>\n<p><!-- [et_pb_line_break_holder] -->  <\/p>\n<tr><!-- [et_pb_line_break_holder] --><\/p>\n<td><!-- [et_pb_line_break_holder] -->  PT A1<\/td>\n<p><!-- [et_pb_line_break_holder] --><\/p>\n<td>32<\/td>\n<p><!-- [et_pb_line_break_holder] --><\/p>\n<td>16<\/td>\n<p><!-- [et_pb_line_break_holder] --><\/p>\n<td>2 jav\u00eb<\/td>\n<p><!-- [et_pb_line_break_holder] --><\/p>\n<td>115,00\u20ac<\/td>\n<p><!-- [et_pb_line_break_holder] -->  <\/tr>\n<p><!-- [et_pb_line_break_holder] -->   <\/p>\n<tr><!-- [et_pb_line_break_holder] --><\/p>\n<td>PT A2<\/td>\n<p><!-- [et_pb_line_break_holder] --><\/p>\n<td>32<\/td>\n<p><!-- [et_pb_line_break_holder] --><\/p>\n<td>16<\/td>\n<p><!-- [et_pb_line_break_holder] --><\/p>\n<td>2 jav\u00eb<\/td>\n<p><!-- [et_pb_line_break_holder] --><\/p>\n<td>115,00\u20ac<\/td>\n<p><!-- [et_pb_line_break_holder] -->  <\/tr>\n<p><!-- [et_pb_line_break_holder] -->     <\/p>\n<tr><!-- [et_pb_line_break_holder] --><\/p>\n<td>PT B1<\/td>\n<p><!-- [et_pb_line_break_holder] --><\/p>\n<td>32<\/td>\n<p><!-- [et_pb_line_break_holder] --><\/p>\n<td>16<\/td>\n<p><!-- [et_pb_line_break_holder] --><\/p>\n<td>2 jav\u00eb<\/td>\n<p><!-- [et_pb_line_break_holder] --><\/p>\n<td>115,00\u20ac<\/td>\n<p><!-- [et_pb_line_break_holder] -->  <\/tr>\n<p><!-- [et_pb_line_break_holder] -->     <\/p>\n<tr><!-- [et_pb_line_break_holder] --><\/p>\n<td>PT B2<\/td>\n<p><!-- [et_pb_line_break_holder] --><\/p>\n<td>32<\/td>\n<p><!-- [et_pb_line_break_holder] --><\/p>\n<td>16<\/td>\n<p><!-- [et_pb_line_break_holder] --><\/p>\n<td>2 jav\u00eb<\/td>\n<p><!-- [et_pb_line_break_holder] --><\/p>\n<td>115,00\u20ac<\/td>\n<p><!-- [et_pb_line_break_holder] -->  <\/tr>\n<p><!-- [et_pb_line_break_holder] -->       <\/p>\n<tr><!-- [et_pb_line_break_holder] --><\/p>\n<td>PT C1<\/td>\n<p><!-- [et_pb_line_break_holder] --><\/p>\n<td>32<\/td>\n<p><!-- [et_pb_line_break_holder] --><\/p>\n<td>16<\/td>\n<p><!-- [et_pb_line_break_holder] --><\/p>\n<td>2 jav\u00eb<\/td>\n<p><!-- [et_pb_line_break_holder] --><\/p>\n<td>115,00\u20ac<\/td>\n<p><!-- [et_pb_line_break_holder] -->  <\/tr>\n<p><!-- [et_pb_line_break_holder] -->           <\/p>\n<tr><!-- [et_pb_line_break_holder] --><\/p>\n<td>PT TestDaF<\/td>\n<p><!-- [et_pb_line_break_holder] --><\/p>\n<td>20<\/td>\n<p><!-- [et_pb_line_break_holder] --><\/p>\n<td><\/td>\n<p><!-- [et_pb_line_break_holder] --><\/p>\n<td>5 dit\u00eb<\/td>\n<p><!-- [et_pb_line_break_holder] --><\/p>\n<td>115,00\u20ac<\/td>\n<p><!-- [et_pb_line_break_holder] -->  <\/tr>\n<p><!-- [et_pb_line_break_holder] -->  <\/p>\n<tr class=\"greenpart\"><!-- [et_pb_line_break_holder] -->  <\/p>\n<td><!-- [et_pb_line_break_holder] -->     Kurse p\u00ebr f\u00ebmij\u00eb dhe t\u00eb rinj\u00eb (t\u00eb shtuneve)<!-- [et_pb_line_break_holder] -->    <\/td>\n<p><!-- [et_pb_line_break_holder] -->       <\/p>\n<td><\/td>\n<p><!-- [et_pb_line_break_holder] -->    <\/p>\n<td><\/td>\n<p><!-- [et_pb_line_break_holder] -->    <\/p>\n<td><\/td>\n<p><!-- [et_pb_line_break_holder] -->    <\/p>\n<td><\/td>\n<p><!-- [et_pb_line_break_holder] -->  <\/tr>\n<p><!-- [et_pb_line_break_holder] -->  <\/p>\n<tr><!-- [et_pb_line_break_holder] -->  <\/p>\n<td>Kurse t\u00eb grupmoshave <!\u2013- [et_pb_br_holder] -\u2013>7-15 vjec<\/td>\n<p><!-- [et_pb_line_break_holder] --><\/p>\n<td>144<\/td>\n<p><!-- [et_pb_line_break_holder] --><\/p>\n<td>4<\/td>\n<p><!-- [et_pb_line_break_holder] --><\/p>\n<td>Shtator  \u2013 <!-- [et_pb_line_break_holder] -->Qershor<\/td>\n<p><!-- [et_pb_line_break_holder] --><\/p>\n<td>470,00\u20ac \/ P\u00ebr nj\u00eb vit shkollor<\/td>\n<p><!-- [et_pb_line_break_holder] -->  <\/tr>\n<p><!-- [et_pb_line_break_holder] --><\/table>\n<p>[\/et_pb_code][et_pb_text _builder_version=&#8221;4.16&#8243; _module_preset=&#8221;default&#8221; global_colors_info=&#8221;{}&#8221;]<\/p>\n<p>* N\u00eb \u00e7mim jan\u00eb t\u00eb p\u00ebrfshira t\u00eb gjitha materialet m\u00ebsimore (libra, etj.)<\/p>\n<p>[\/et_pb_text][\/et_pb_column][\/et_pb_row][et_pb_row _builder_version=&#8221;4.16&#8243; _module_preset=&#8221;default&#8221; global_colors_info=&#8221;{}&#8221;][et_pb_column type=&#8221;4_4&#8243; _builder_version=&#8221;4.16&#8243; _module_preset=&#8221;default&#8221; global_colors_info=&#8221;{}&#8221;][et_pb_toggle title=&#8221;Kurset intensive (A1-C1)&#8221; module_id=&#8221;kurset-intensive&#8221; _builder_version=&#8221;4.16&#8243; _module_preset=&#8221;default&#8221; border_color_all=&#8221;#a0c814&#8243; global_colors_info=&#8221;{}&#8221;]<\/p>\n<p><span>Synimet m\u00ebsimore dhe p\u00ebrmbajtja e kurseve tona bazohen n\u00eb planprogramin e Institutit Goethe dhe i p\u00ebrgjigjen Korniz\u00ebs Referenc\u00eb t\u00eb P\u00ebrbashk\u00ebt Evropiane (GER). N\u00eb kurset p\u00ebrgjith\u00ebsisht gjuh\u00ebsore ju do t\u00eb m\u00ebsoni t\u00eb gjitha p\u00ebrmbajtjet e r\u00ebnd\u00ebsishme, t\u00eb cilat sh\u00ebrbejn\u00eb p\u00ebr p\u00ebrdorimin komunikativ t\u00eb gjuh\u00ebs gjermane n\u00eb p\u00ebrditshm\u00ebri, profesion dhe gjat\u00eb studimeve. Natyrisht ne me k\u00ebto kurse p\u00ebrgatisim edhe p\u00ebr provimet e njohura nd\u00ebrkomb\u00ebtarisht t\u00eb Institutit Goethe.<\/span><\/p>\n<p>[\/et_pb_toggle][et_pb_toggle title=&#8221;Kurse p\u00ebrgatitore p\u00ebr t\u00eb gjitha provimet e Institutit Goethe&#8221; module_id=&#8221;kurset-pergatitore&#8221; _builder_version=&#8221;4.16&#8243; _module_preset=&#8221;default&#8221; border_color_all=&#8221;#a0c814&#8243; global_colors_info=&#8221;{}&#8221;]<\/p>\n<p><span>Synim i provimeve p\u00ebrgatitore \u00ebsht\u00eb njoftimi i kursist\u00ebve me formatin e provimeve p\u00ebrkat\u00ebse.<\/span><\/p>\n<p>[\/et_pb_toggle][et_pb_toggle title=&#8221;Kurse p\u00ebrgatitore p\u00ebr TestDaF&#8221; module_id=&#8221;kurset-testdaf&#8221; _builder_version=&#8221;4.16&#8243; _module_preset=&#8221;default&#8221; border_color_all=&#8221;#a0c814&#8243; global_colors_info=&#8221;{}&#8221;]<\/p>\n<p>Kurse p\u00ebrgatitore p\u00ebr TestDaF n\u00eb Geothe-Zentrum<\/p>\n<p>TestDaF \u00ebsht\u00eb nj\u00eb provim i hartuar n\u00eb m\u00ebnyr\u00eb qendrore, i cili i till\u00eb mbahet n\u00eb t\u00eb gjith\u00eb bot\u00ebn. Ky provimi \u00ebsht\u00eb disejnuar p\u00ebr student\u00eb, t\u00eb cil\u00ebt d\u00ebshirojn\u00eb t\u2019i fillojn\u00eb studimet e tyre n\u00eb Gjermani,\u00a0gj\u00eb p\u00ebr t\u00eb cil\u00ebn\u00a0nevojitet nj\u00eb d\u00ebshmi mbi njohurit\u00eb e gjuh\u00ebs gjermane n\u00eb nivel t\u00eb avancuar. P\u00ebrgjegj\u00ebs p\u00ebr hartimin dhe zbatimin e k\u00ebtij provimi \u00ebsht\u00eb Instituti TestDaF n\u00eb Bochum.<\/p>\n<p>N\u00eb faq\u00ebn e internetit t\u00eb TestDaF ju mund t\u00eb gjeni informata rreth k\u00ebtij provimi, nd\u00ebr tjerash rreth procedur\u00ebs s\u00eb paraqitj\u00ebs s\u00eb tij<\/p>\n<p><a href=\"http:\/\/www.testdaf.de\/\">http:\/\/www.testdaf.de\/<\/a><\/p>\n<p>[\/et_pb_toggle][et_pb_toggle title=&#8221;Kurset p\u00ebr f\u00ebmij\u00eb&#8221; module_id=&#8221;kurset-femije&#8221; _builder_version=&#8221;4.20.4&#8243; _module_preset=&#8221;default&#8221; border_color_all=&#8221;#a0c814&#8243; global_colors_info=&#8221;{}&#8221;]<\/p>\n<p><span>N\u00eb kurset p\u00ebr f\u00ebmij\u00eb synohet njohja e f\u00ebmij\u00ebve t\u00eb mosh\u00ebs 7-15 vje\u00e7 me gjuh\u00ebn gjermane\u00a0 n\u00eb m\u00ebnyr\u00eb rekreative. Q\u00ebllimi \u00ebsht\u00eb sensibilizimi dhe motivimi i hersh\u00ebm i f\u00ebmij\u00ebve p\u00ebr gjuh\u00ebn gjermane, n\u00eb m\u00ebnyr\u00eb q\u00eb ata para fillimit t\u00eb studimeve apo pun\u00ebsimit t\u00eb mund t\u00eb arrijn\u00eb aft\u00ebsi kommunikative t\u00eb gjuh\u00ebs gjermane n\u00eb nivel t\u00eb lart\u00eb.<\/span><\/p>\n<p>[\/et_pb_toggle][\/et_pb_column][\/et_pb_row][\/et_pb_section][et_pb_section fb_built=&#8221;1&#8243; _builder_version=&#8221;4.14.7&#8243; _module_preset=&#8221;default&#8221; background_color=&#8221;#707070&#8243; global_module=&#8221;67&#8243; saved_tabs=&#8221;all&#8221; global_colors_info=&#8221;{}&#8221;][et_pb_row column_structure=&#8221;1_4,1_4,1_4,1_4&#8243; _builder_version=&#8221;4.16&#8243; _module_preset=&#8221;default&#8221; width=&#8221;85%&#8221; max_width=&#8221;1263px&#8221; global_colors_info=&#8221;{}&#8221;][et_pb_column type=&#8221;1_4&#8243; _builder_version=&#8221;4.16&#8243; _module_preset=&#8221;default&#8221; global_colors_info=&#8221;{}&#8221;][et_pb_text module_class=&#8221;footer_kurset&#8221; _builder_version=&#8221;4.20.4&#8243; _module_preset=&#8221;default&#8221; text_font=&#8221;Manrope||||||||&#8221; text_text_color=&#8221;#FFFFFF&#8221; text_line_height=&#8221;2.3em&#8221; global_colors_info=&#8221;{}&#8221;]<\/p>\n<p><strong>Kontakti:<\/strong><\/p>\n<p>Mujo Ulqinaku 19-21<br \/>10000 Prishtin\u00eb<\/p>\n<p><strong>Recepcioni:<\/strong><a href=\"tel:0038338224909\">+ 383 (0) 38 224 909<\/a><\/p>\n<p>Oraret e p\u00ebrgjithshme t\u00eb pun\u00ebs (recepsioni)<\/p>\n<p>E h\u00ebn\u00eb \u2013 E premte<\/p>\n<p>09:00 \u2013 12:00<br \/>13:00 \u2013 17:30<\/p>\n<p>E-Mail: <a href=\"mailto:info@goethe-ks.org\">info@goethe-ks.org<\/a><\/p>\n<p>[\/et_pb_text][\/et_pb_column][et_pb_column type=&#8221;1_4&#8243; _builder_version=&#8221;4.16&#8243; _module_preset=&#8221;default&#8221; global_colors_info=&#8221;{}&#8221;][et_pb_text module_class=&#8221;footer_kurset&#8221; _builder_version=&#8221;4.20.4&#8243; _module_preset=&#8221;default&#8221; text_font=&#8221;Manrope||||||||&#8221; text_text_color=&#8221;#FFFFFF&#8221; text_line_height=&#8221;2.3em&#8221; global_colors_info=&#8221;{}&#8221;]<\/p>\n<p><strong>Orari i konsultimeve p\u00ebr kurse :<\/strong><strong><\/strong><\/p>\n<p>E h\u00ebn\u00eb \u2013 E premte<\/p>\n<p>09:00 \u2013 12:00<br \/>13:00 \u2013 16:00<\/p>\n<p>Tel: <a href=\"tel:0038338224909\">+ 383 (0) 38 224 909<\/a><\/p>\n<p><a href=\"tel:0038345284993\"><span>\u00a0<\/span>+ 383 (0) 45 284 993<\/a><\/p>\n<p>E-Mail: info.sprachkurse@goethe-ks.org<\/p>\n<p>[\/et_pb_text][\/et_pb_column][et_pb_column type=&#8221;1_4&#8243; _builder_version=&#8221;4.16&#8243; _module_preset=&#8221;default&#8221; global_colors_info=&#8221;{}&#8221;][et_pb_text module_class=&#8221;footer_kurset&#8221; _builder_version=&#8221;4.20.4&#8243; _module_preset=&#8221;default&#8221; text_font=&#8221;Manrope||||||||&#8221; text_text_color=&#8221;#FFFFFF&#8221; text_line_height=&#8221;2.3em&#8221; width=&#8221;100%&#8221; max_width=&#8221;100%&#8221; custom_margin=&#8221;|-58px||||&#8221; custom_padding=&#8221;|0px||||&#8221; global_colors_info=&#8221;{}&#8221;]<\/p>\n<p><strong>Orari i konsultimeve p\u00ebr provime:<\/strong><\/p>\n<p>E h\u00ebn\u00eb \u2013 E enjte<br \/>09:00 \u2013 12:00<br \/>13:00 \u2013 16:00<\/p>\n<p>Tel:\u00a0 <span>\u00a0<\/span><a href=\"tel:0038338224909\">+ 383 (0) 38 224 909<\/a><\/p>\n<p>\u00a0 \u00a0 \u00a0 \u00a0 \u00a0<span>\u00a0<\/span><a href=\"tel:0038345322052\">+ 383 (0) 45 322 052<\/a><\/p>\n<p>E-Mail: info.pruefungen@goethe-ks.org<\/p>\n<p>[\/et_pb_text][\/et_pb_column][et_pb_column type=&#8221;1_4&#8243; _builder_version=&#8221;4.16&#8243; _module_preset=&#8221;default&#8221; global_colors_info=&#8221;{}&#8221;][et_pb_social_media_follow icon_color=&#8221;#FFFFFF&#8221; _builder_version=&#8221;4.20.4&#8243; _module_preset=&#8221;default&#8221; global_colors_info=&#8221;{}&#8221;][et_pb_social_media_follow_network social_network=&#8221;facebook&#8221; url=&#8221;https:\/\/www.facebook.com\/goethezentrumprishtina&#8221; _builder_version=&#8221;4.20.4&#8243; _module_preset=&#8221;default&#8221; background_color=&#8221;#3b5998&#8243; global_colors_info=&#8221;{}&#8221; follow_button=&#8221;off&#8221; url_new_window=&#8221;on&#8221;]facebook[\/et_pb_social_media_follow_network][et_pb_social_media_follow_network social_network=&#8221;instagram&#8221; url=&#8221;https:\/\/www.instagram.com\/explore\/locations\/345190440\/goethe-zentrum-prishtina\/?hl=en&#8221; _builder_version=&#8221;4.20.4&#8243; _module_preset=&#8221;default&#8221; background_color=&#8221;#ea2c59&#8243; global_colors_info=&#8221;{}&#8221; follow_button=&#8221;off&#8221; url_new_window=&#8221;on&#8221;]instagram[\/et_pb_social_media_follow_network][\/et_pb_social_media_follow][et_pb_text _builder_version=&#8221;4.20.4&#8243; _module_preset=&#8221;default&#8221; global_colors_info=&#8221;{}&#8221;]<\/p>\n<p><img loading=\"lazy\" decoding=\"async\" src=\"https:\/\/goethe-ks.org\/wp-content\/uploads\/2021\/06\/goethe.png\" width=\"72\" height=\"72\" \/>\u00a0 \u00a0 <img loading=\"lazy\" decoding=\"async\" src=\"https:\/\/www.zhaw.ch\/storage\/_processed_\/1\/a\/csm_Logo_Goethe_6bc46f650b.webp\" alt=\"Pr\u00fcfungszentrum Goethe-Institut | ZHAW Institute of Language Competence ILC\" width=\"94\" height=\"69\" \/><\/p>\n<p>[\/et_pb_text][\/et_pb_column][\/et_pb_row][\/et_pb_section]<\/p>\n","protected":false},"excerpt":{"rendered":"<p>KURSET E GJUH\u00cbS &nbsp; Kurset tona gjuh\u00ebsore ofrojn\u00eb mundesi t\u00eb shk\u00eblqyer p\u00ebr t\u00eb p\u00ebrmir\u00ebsuar n\u00eb m\u00ebnyr\u00eb sa m\u00eb efikase njohurit\u00eb tuaja t\u00eb gjuh\u00ebs n\u00eb nj\u00eb orar t\u00eb p\u00ebrshtatsh\u00ebm p\u00ebr ju, sipas metodave m\u00eb moderne, n\u00eb hap\u00ebsirat e pajisura me teknologjin\u00eb m\u00eb t\u00eb re (smartboard) dhe n\u00eb nj\u00eb atmosfer\u00eb t\u00eb k\u00ebndshme. Fal\u00eb metodikave komunikative ju do [&hellip;]<\/p>\n","protected":false},"author":1,"featured_media":0,"parent":0,"menu_order":0,"comment_status":"closed","ping_status":"closed","template":"","meta":{"_et_pb_use_builder":"on","_et_pb_old_content":"<!-- wp:divi\/placeholder \/-->","_et_gb_content_width":"","footnotes":""},"class_list":["post-70","page","type-page","status-publish","hentry"],"_links":{"self":[{"href":"https:\/\/goethe-ks.org\/newrelease\/wp-json\/wp\/v2\/pages\/70","targetHints":{"allow":["GET"]}}],"collection":[{"href":"https:\/\/goethe-ks.org\/newrelease\/wp-json\/wp\/v2\/pages"}],"about":[{"href":"https:\/\/goethe-ks.org\/newrelease\/wp-json\/wp\/v2\/types\/page"}],"author":[{"embeddable":true,"href":"https:\/\/goethe-ks.org\/newrelease\/wp-json\/wp\/v2\/users\/1"}],"replies":[{"embeddable":true,"href":"https:\/\/goethe-ks.org\/newrelease\/wp-json\/wp\/v2\/comments?post=70"}],"version-history":[{"count":43,"href":"https:\/\/goethe-ks.org\/newrelease\/wp-json\/wp\/v2\/pages\/70\/revisions"}],"predecessor-version":[{"id":1578,"href":"https:\/\/goethe-ks.org\/newrelease\/wp-json\/wp\/v2\/pages\/70\/revisions\/1578"}],"wp:attachment":[{"href":"https:\/\/goethe-ks.org\/newrelease\/wp-json\/wp\/v2\/media?parent=70"}],"curies":[{"name":"wp","href":"https:\/\/api.w.org\/{rel}","templated":true}]}}