{"id":163,"date":"2022-11-07T23:15:33","date_gmt":"2022-11-07T23:15:33","guid":{"rendered":"https:\/\/goethe-ks.org\/newrelease\/?page_id=163"},"modified":"2026-02-25T09:03:24","modified_gmt":"2026-02-25T09:03:24","slug":"stafi","status":"publish","type":"page","link":"https:\/\/goethe-ks.org\/newrelease\/stafi\/","title":{"rendered":"Stafi"},"content":{"rendered":"<p>[et_pb_section fb_built=&#8221;1&#8243; _builder_version=&#8221;4.16&#8243; _module_preset=&#8221;default&#8221; background_color=&#8221;#f8f8f6&#8243; custom_padding=&#8221;0px||5px|||&#8221; global_colors_info=&#8221;{}&#8221;][et_pb_row disabled_on=&#8221;off|off|off&#8221; _builder_version=&#8221;4.14.7&#8243; _module_preset=&#8221;default&#8221; global_module=&#8221;65&#8243; saved_tabs=&#8221;all&#8221; global_colors_info=&#8221;{}&#8221;][et_pb_column type=&#8221;4_4&#8243; _builder_version=&#8221;4.16&#8243; _module_preset=&#8221;default&#8221; global_colors_info=&#8221;{}&#8221;][et_pb_menu menu_id=&#8221;none&#8221; menu_style=&#8221;centered&#8221; submenu_direction=&#8221;downwards&#8221; disabled_on=&#8221;on|off|off&#8221; module_class=&#8221;mobile_full_menu&#8221; _builder_version=&#8221;4.20.4&#8243; _module_preset=&#8221;default&#8221; menu_font=&#8221;Manrope|700|||||||&#8221; menu_font_size=&#8221;16px&#8221; background_color=&#8221;#f8f8f6&#8243; global_colors_info=&#8221;{}&#8221;][\/et_pb_menu][\/et_pb_column][\/et_pb_row][\/et_pb_section][et_pb_section fb_built=&#8221;1&#8243; fullwidth=&#8221;on&#8221; _builder_version=&#8221;4.16&#8243; _module_preset=&#8221;default&#8221; global_colors_info=&#8221;{}&#8221;][et_pb_fullwidth_image src=&#8221;https:\/\/goethe-ks.org\/newrelease\/wp-content\/uploads\/2022\/11\/passage-library-bookcases-1-2.png&#8221; title_text=&#8221;passage-library-bookcases (1) (2)&#8221; _builder_version=&#8221;4.16&#8243; _module_preset=&#8221;default&#8221; global_colors_info=&#8221;{}&#8221;][\/et_pb_fullwidth_image][\/et_pb_section][et_pb_section fb_built=&#8221;1&#8243; _builder_version=&#8221;4.16&#8243; _module_preset=&#8221;default&#8221; background_color=&#8221;#f8f8f6&#8243; global_colors_info=&#8221;{}&#8221;][et_pb_row column_structure=&#8221;2_5,3_5&#8243; _builder_version=&#8221;4.16&#8243; _module_preset=&#8221;default&#8221; global_colors_info=&#8221;{}&#8221;][et_pb_column type=&#8221;2_5&#8243; _builder_version=&#8221;4.16&#8243; _module_preset=&#8221;default&#8221; global_colors_info=&#8221;{}&#8221;][et_pb_button button_text=&#8221;Stafi&#8221; button_alignment=&#8221;left&#8221; module_class=&#8221;stafi-button&#8221; _builder_version=&#8221;4.16&#8243; _module_preset=&#8221;default&#8221; custom_button=&#8221;on&#8221; button_text_color=&#8221;#a0c814&#8243; button_bg_color=&#8221;#FFFFFF&#8221; button_border_color=&#8221;RGBA(255,255,255,0)&#8221; button_font=&#8221;|700|||||||&#8221; custom_margin=&#8221;||14px|||&#8221; global_colors_info=&#8221;{}&#8221;][\/et_pb_button][et_pb_button button_url=&#8221;https:\/\/goethe-ks.org\/newrelease\/rreth-nesh\/&#8221; button_text=&#8221;Rreth nesh&#8221; button_alignment=&#8221;left&#8221; module_class=&#8221;rreth-nesh-button&#8221; _builder_version=&#8221;4.16&#8243; _module_preset=&#8221;default&#8221; custom_button=&#8221;on&#8221; button_text_color=&#8221;#FFFFFF&#8221; button_bg_color=&#8221;#a0c814&#8243; button_border_color=&#8221;RGBA(255,255,255,0)&#8221; button_font=&#8221;||||||||&#8221; custom_margin=&#8221;||14px|||&#8221; global_colors_info=&#8221;{}&#8221;][\/et_pb_button][et_pb_button button_url=&#8221;https:\/\/goethe-ks.org\/newrelease\/kariera\/&#8221; button_text=&#8221;Kariera&#8221; button_alignment=&#8221;left&#8221; module_class=&#8221;rreth-nesh-button&#8221; _builder_version=&#8221;4.16&#8243; _module_preset=&#8221;default&#8221; custom_button=&#8221;on&#8221; button_text_color=&#8221;#FFFFFF&#8221; button_bg_color=&#8221;#a0c814&#8243; button_border_color=&#8221;RGBA(255,255,255,0)&#8221; button_font=&#8221;||||||||&#8221; custom_margin=&#8221;||14px|||&#8221; global_colors_info=&#8221;{}&#8221;][\/et_pb_button][\/et_pb_column][et_pb_column type=&#8221;3_5&#8243; _builder_version=&#8221;4.16&#8243; _module_preset=&#8221;default&#8221; global_colors_info=&#8221;{}&#8221;][et_pb_toggle title=&#8221;Drejtoria&#8221; module_id=&#8221;stafi-toggle&#8221; _builder_version=&#8221;4.16&#8243; _module_preset=&#8221;default&#8221; custom_margin=&#8221;|||-97px||&#8221; custom_margin_tablet=&#8221;|||-97px||&#8221; custom_margin_phone=&#8221;|||0px|false|false&#8221; custom_margin_last_edited=&#8221;on|phone&#8221; module_alignment_tablet=&#8221;&#8221; module_alignment_phone=&#8221;center&#8221; module_alignment_last_edited=&#8221;on|phone&#8221; global_colors_info=&#8221;{}&#8221;]<\/p>\n<h4 class=\"et_pb_module_header\">Nertila Furriku<\/h4>\n<p class=\"et_pb_member_position\">Drejtoresh\u00eb<\/p>\n<div>\n<p><a href=\"https:\/\/goethe-ks.org\/punonjesit\/+38338220721\">\ud83d\udcde+383 (0) 38 220 721<\/a><\/p>\n<p><strong><span>\ud83d\udce7 <\/span><\/strong><a href=\"mailto:nertila.furriku@goethe-ks.org\">nertila.furriku@goethe-ks.org<\/a><\/p>\n<\/div>\n<div><\/div>\n<p>[\/et_pb_toggle][et_pb_toggle title=&#8221;Administrata dhe financat\t&#8221; module_id=&#8221;stafi-toggle&#8221; _builder_version=&#8221;4.20.4&#8243; _module_preset=&#8221;default&#8221; custom_margin=&#8221;|||-97px||&#8221; custom_margin_tablet=&#8221;|||-97px||&#8221; custom_margin_phone=&#8221;|||0px|false|false&#8221; custom_margin_last_edited=&#8221;on|phone&#8221; global_colors_info=&#8221;{}&#8221;]<\/p>\n<h4 class=\"et_pb_module_header\">Edona Hyseni<\/h4>\n<p>Udh\u00ebheq\u00ebse e financave dhe administrates<\/p>\n<div>\n<p><a href=\"https:\/\/goethe-ks.org\/punonjesit\/+383%20(0)%2038%20220%20134\">\ud83d\udcde+383 (0) 38 220 134<\/a><\/p>\n<p>\ud83d\udce7<span>\u00a0<\/span><a href=\"mailto:edona.hyseni@goethe-ks.org\">edona.hyseni@goethe-ks.org<\/a><\/p>\n<p>&nbsp;<\/p>\n<h4 class=\"et_pb_module_header\">Ramiz Cakolli<\/h4>\n<p class=\"et_pb_member_position\">Administrim dhe Financa<\/p>\n<div>\n<p><a href=\"https:\/\/goethe-ks.org\/punonjesit\/+383%20(0)%2038%20220%20134\">\ud83d\udcde+383 (0) 38 220 134<\/a><\/p>\n<p>\ud83d\udce7<span>\u00a0<\/span><a href=\"mailto:ramiz.cakolli@goethe-ks.org\" rel=\"noreferrer\">ramiz.cakolli@goethe-ks.org<\/a><\/p>\n<p>&nbsp;<\/p>\n<h4 class=\"et_pb_module_header\">Nerita Latifaj<\/h4>\n<p class=\"et_pb_member_position\">Recepcioniste<\/p>\n<div>\n<p><a href=\"tel:+38338224909\">\ud83d\udcde+383 (0) 38 224 909<\/a><\/p>\n<p>\ud83d\udce7<a href=\"mailto:nerita.latifaj@goethe-ks.org.\" title=\"nerita.latifaj@goethe-ks.org.\">nerita.latifaj@goethe-ks.org<\/a><\/p>\n<\/div>\n<p>&nbsp;<\/p>\n<\/div>\n<\/div>\n<p>[\/et_pb_toggle][et_pb_toggle title=&#8221;Kurset e gjuh\u00ebs gjermane &#8221; module_id=&#8221;stafi-toggle&#8221; _builder_version=&#8221;4.16&#8243; _module_preset=&#8221;default&#8221; custom_margin=&#8221;|||-97px||&#8221; custom_margin_tablet=&#8221;|||-97px||&#8221; custom_margin_phone=&#8221;|||0px|false|false&#8221; custom_margin_last_edited=&#8221;on|phone&#8221; global_colors_info=&#8221;{}&#8221;]<\/p>\n<h4 class=\"et_pb_module_header\">Blerina Dreshaj<\/h4>\n<p>E ngarkuara p\u00ebr kurset e gjuh\u00ebs gjermane<\/p>\n<div>\n<p><a href=\"mailto:blerina.dreshaj@goethe-ks.org\">\ud83d\udce7blerina.dreshaj@goethe-ks.org<\/a><\/p>\n<\/div>\n<h4 class=\"et_pb_module_header\"><\/h4>\n<p>&nbsp;<\/p>\n<h4 class=\"et_pb_module_header\">Adelina Dushica Alaj<\/h4>\n<p>Referente p\u00ebr kurset e gjuh\u00ebs<\/p>\n<div>\n<p><a href=\"tel:0038338220136\">\ud83d\udcde+ 383 (0) 38 220 136<\/a><\/p>\n<p><a href=\"mailto:adelina.dushica-alaj@goethe-ks.org\">\ud83d\udce7adelina.dushica-alaj@goethe-ks.org\u00a0<\/a><\/p>\n<p>&nbsp;<\/p>\n<div>\n<h4 class=\"et_pb_module_header\">Merita Krasniqi<\/h4>\n<p>Referente p\u00ebr kurset e gjuh\u00ebs<\/p>\n<div>\n<p><a href=\"tel:0038338220136\">\ud83d\udcde+ 383 (0) 38 220 136<\/a><\/p>\n<p><a href=\"mailto:merita.krasniqi@goethe-ks.org\">\ud83d\udce7 merita.krasniqi@goethe-ks.org<\/a><\/p>\n<\/div>\n<\/div>\n<\/div>\n<p>[\/et_pb_toggle][et_pb_toggle title=&#8221;Provimet e gjuh\u00ebs gjermane &#8221; module_id=&#8221;stafi-toggle&#8221; _builder_version=&#8221;4.20.4&#8243; _module_preset=&#8221;default&#8221; custom_margin=&#8221;|||-97px||&#8221; custom_margin_tablet=&#8221;|||-97px||&#8221; custom_margin_phone=&#8221;|||0px|false|false&#8221; custom_margin_last_edited=&#8221;on|phone&#8221; global_colors_info=&#8221;{}&#8221;]<\/p>\n<h4 class=\"et_pb_module_header\">Samire Mehmeti<\/h4>\n<p>E ngarkuara p\u00ebr provime t\u00eb Institutit Goethe<\/p>\n<p>E ngarkuara p\u00ebr provime t\u00eb Institutit TestDaF<\/p>\n<div>\n<p><a href=\"tel:0038338220135\">\ud83d\udcde+ 383 (0) 38 220 135<\/a><\/p>\n<p><a href=\"mailto:samire.mehmeti@goethe-ks.org\">\ud83d\udce7 samire.mehmeti@goethe-ks.org<\/a><a href=\"mailto:adelina.shala-bytyci@goethe-ks.org\"><strong><\/strong><\/a><\/p>\n<p>&nbsp;<\/p>\n<div>\n<h4 class=\"et_pb_module_header\">Furtuna Ku\u00e7i<\/h4>\n<p>Referente p\u00ebr provime<\/p>\n<div>\n<p><a href=\"tel:0038338224909\">\ud83d\udcde+ 383 (0) 38 224 909<\/a><\/p>\n<p><a href=\"mailto:furtuna.kuci@goethe-ks.org\">\ud83d\udce7 furtuna.kuci@goethe-ks.org<\/a><\/p>\n<\/div>\n<div><\/div>\n<div>\n<div>\n<p>&nbsp;<\/p>\n<\/div>\n<\/div>\n<\/div>\n<\/div>\n<p>[\/et_pb_toggle][et_pb_toggle title=&#8221;Programet kulturore&#8221; module_id=&#8221;stafi-toggle&#8221; _builder_version=&#8221;4.20.4&#8243; _module_preset=&#8221;default&#8221; custom_margin=&#8221;|||-97px||&#8221; custom_margin_tablet=&#8221;|||-97px||&#8221; custom_margin_phone=&#8221;|||0px|false|false&#8221; custom_margin_last_edited=&#8221;on|phone&#8221; global_colors_info=&#8221;{}&#8221;]<\/p>\n<h4 class=\"et_pb_module_header\">Nertila Furriku<\/h4>\n<p class=\"et_pb_member_position\">Drejtoresh\u00eb<\/p>\n<div>\n<p><a href=\"https:\/\/goethe-ks.org\/punonjesit\/+38338220721\">\ud83d\udcde+383 (0) 38 220 721<\/a><\/p>\n<p><strong><span>\ud83d\udce7 <\/span><\/strong><a href=\"mailto:nertila.furriku@goethe-ks.org\">nertila.furriku@goethe-ks.org<\/a><\/p>\n<p>&nbsp;<\/p>\n<h4 class=\"et_pb_module_header\">Malda Gjonbalaj<\/h4>\n<p>Referente p\u00ebr projektet dhe social media<\/p>\n<div>\n<p><a href=\"tel:0038338220133\">\ud83d\udcde+ 383 (0) 38 220 133<\/a><\/p>\n<p><a href=\"mailto:malda.gjonbalaj@goethe-ks.org\">\ud83d\udce7malda.gjonbalaj@goethe-ks.org\u00a0<\/a><\/p>\n<\/div>\n<\/div>\n<p>[\/et_pb_toggle][et_pb_toggle title=&#8221;M\u00ebsimdh\u00ebn\u00ebset\/it&#8221; module_id=&#8221;stafi-toggle&#8221; _builder_version=&#8221;4.16&#8243; _module_preset=&#8221;default&#8221; custom_margin=&#8221;|||-97px||&#8221; custom_margin_tablet=&#8221;|||-97px||&#8221; custom_margin_phone=&#8221;|||0px|false|false&#8221; custom_margin_last_edited=&#8221;on|phone&#8221; global_colors_info=&#8221;{}&#8221;]<\/p>\n<h4 class=\"et_pb_module_header\">Blerina Dreshaj<\/h4>\n<p>E ngarkuara p\u00ebr kurset e gjuh\u00ebs gjermane<\/p>\n<div>\n<p><a href=\"mailto:blerina.dreshaj@goethe-ks.org\">\ud83d\udce7blerina.dreshaj@goethe-ks.org<\/a><\/p>\n<p>&nbsp;<\/p>\n<\/div>\n<h4 class=\"et_pb_module_header\"><\/h4>\n<h4 class=\"et_pb_module_header\">Doruntina Bajraktari Rrustemi<\/h4>\n<p>M\u00ebsimdh\u00ebn\u00ebse<\/p>\n<div>\n<p><a href=\"mailto:doruntina.bajraktari@goethe-ks.org\">\ud83d\udce7doruntina.bajraktari@goethe-ks.org<\/a><\/p>\n<div>\n<div>\n<div>\n<p>&nbsp;<\/p>\n<h4 class=\"et_pb_module_header\">Arijeta Zeqa<\/h4>\n<p>M\u00ebsimdh\u00ebn\u00ebse<\/p>\n<div>\n<p><a href=\"mailto:arijeta.hetemi-zeqa@goethe-ks.org\">\ud83d\udce7arijeta.hetemi-zeqa@goethe-ks.org<\/a><\/p>\n<div>\n<p>&nbsp;<\/p>\n<h4 class=\"et_pb_module_header\">Adelina Shala Bytyqi<\/h4>\n<p>M\u00ebsimdh\u00ebn\u00ebse<\/p>\n<div>\n<p><a href=\"mailto:adelina.shala-bytyci@goethe-ks.org\">\ud83d\udce7adelina.shala-bytyci@goethe-ks.org<\/a><\/p>\n<div>\n<p>&nbsp;<\/p>\n<h4 class=\"et_pb_module_header\">Fjolla Veliji<\/h4>\n<p>M\u00ebsimdh\u00ebn\u00ebse<\/p>\n<div>\n<p><a href=\"mailto:fjolla.begu@goethe-ks.org\">\ud83d\udce7fjolla.begu@goethe-ks.org<\/a><\/p>\n<div>\n<p>&nbsp;<\/p>\n<h4 class=\"et_pb_module_header\">Vjosa Vula<\/h4>\n<p>M\u00ebsimdh\u00ebn\u00ebse<\/p>\n<div>\n<p><a href=\"mailto:vjosa.vula@goethe-ks.org\">\ud83d\udce7vjosa.vula@goethe-ks.org<\/a><\/p>\n<div>\n<p>&nbsp;<\/p>\n<h4 class=\"et_pb_module_header\">Vlora Dragusha-Tahiri<\/h4>\n<p>M\u00ebsimdh\u00ebn\u00ebse<\/p>\n<div>\n<p><a href=\"mailto:vlora.dragusha@goethe-ks.org\">\ud83d\udce7vlora.dragusha@goethe-ks.org<\/a><\/p>\n<div>\n<p>&nbsp;<\/p>\n<h4 class=\"et_pb_module_header\">Zana Qena<\/h4>\n<p>M\u00ebsimdh\u00ebn\u00ebse<\/p>\n<div>\n<p><a href=\"mailto:zana.qena@goethe-ks.org\">\ud83d\udce7zana.qena@goethe-ks.org<\/a><\/p>\n<div>\n<p>&nbsp;<\/p>\n<h4 class=\"et_pb_module_header\">Mimoza Uka<\/h4>\n<p>M\u00ebsimdh\u00ebn\u00ebse<\/p>\n<div>\n<p><a href=\"mailto:mimoza.uka@goethe-ks.org\">\ud83d\udce7mimoza.uka@goethe-ks.org<\/a><\/p>\n<div>\n<p>&nbsp;<\/p>\n<h4 class=\"et_pb_module_header\">Albina Rexhepi<\/h4>\n<p>M\u00ebsimdh\u00ebn\u00ebse<\/p>\n<div>\n<p><a href=\"mailto:albina.rexhepi@goethe-ks.org\">\ud83d\udce7albina.rexhepi@goethe-ks.org<\/a><\/p>\n<div>\n<p>&nbsp;<\/p>\n<h4 class=\"et_pb_module_header\">Vezire Krasniqi<\/h4>\n<p>M\u00ebsimdh\u00ebn\u00ebse<\/p>\n<div>\n<p>\ud83d\udce7 <a href=\"mailto:vezire.krasniqi@goethe-ks.org\">vezire.krasniqi@goethe-ks.org<\/a><\/p>\n<div>\n<p>&nbsp;<\/p>\n<h4 class=\"et_pb_module_header\">Albina Tullari<\/h4>\n<p>M\u00ebsimdh\u00ebn\u00ebse<\/p>\n<div>\n<p><a href=\"mailto:albina.tullari@goethe-ks.org\">\ud83d\udce7albina.tullari@goethe-ks.org<\/a><\/p>\n<div>\n<p>&nbsp;<\/p>\n<h4 class=\"et_pb_module_header\">Armelinda K\u00ebpuska<\/h4>\n<p>M\u00ebsimdh\u00ebn\u00ebse<\/p>\n<div>\n<p><a href=\"mailto:armelinda.kepuska@goethe-ks.org\">\ud83d\udce7armelinda.kepuska@goethe-ks.org<\/a><\/p>\n<div>\n<div>\n<p>&nbsp;<\/p>\n<\/div>\n<\/div>\n<\/div>\n<h4 class=\"et_pb_module_header\">Kaltrina Beqiri<\/h4>\n<p>M\u00ebsimdh\u00ebn\u00ebse<\/p>\n<div>\n<p><a href=\"mailto:kaltrina.beqiri@goethe-ks.org\">\ud83d\udce7kaltrina.beqiri@goethe-ks.org<\/a><\/p>\n<div>\n<div>\n<p>&nbsp;<\/p>\n<\/div>\n<\/div>\n<\/div>\n<h4 class=\"et_pb_module_header\">Besjana Ajvazi Avdiu<\/h4>\n<p>M\u00ebsimdh\u00ebn\u00ebse<\/p>\n<div>\n<p><a href=\"mailto:besijana.ajvazi-avdiu@goethe-ks.org\">\ud83d\udce7besijana.ajvazi-avdiu@goethe-ks.org\u00a0<\/a><\/p>\n<div>\n<div>\n<p>&nbsp;<\/p>\n<\/div>\n<\/div>\n<\/div>\n<h4 class=\"et_pb_module_header\">Donika Hoxha<\/h4>\n<p>M\u00ebsimdh\u00ebn\u00ebse<\/p>\n<div>\n<p><a href=\"mailto:donika.hoxha@goethe-ks.org\">\ud83d\udce7donika.hoxha@goethe-ks.org<\/a><\/p>\n<p>&nbsp;<\/p>\n<h4 class=\"et_pb_module_header\">Flaka Ramadani<\/h4>\n<p>M\u00ebsimdh\u00ebn\u00ebse<\/p>\n<div>\n<p><a href=\"mailto:flaka.ramadani@goethe-ks.org\">\ud83d\udce7flaka.ramadani@goethe-ks.org<\/a><\/p>\n<\/div>\n<\/div>\n<\/div>\n<\/div>\n<\/div>\n<\/div>\n<\/div>\n<\/div>\n<\/div>\n<\/div>\n<\/div>\n<\/div>\n<\/div>\n<\/div>\n<\/div>\n<\/div>\n<\/div>\n<\/div>\n<\/div>\n<\/div>\n<\/div>\n<\/div>\n<\/div>\n<\/div>\n<\/div>\n<\/div>\n<p>[\/et_pb_toggle][et_pb_toggle title=&#8221;Personeli Teknik&#8221; module_id=&#8221;stafi-toggle&#8221; _builder_version=&#8221;4.16&#8243; _module_preset=&#8221;default&#8221; custom_margin=&#8221;|||-97px||&#8221; custom_margin_tablet=&#8221;|||-97px||&#8221; custom_margin_phone=&#8221;|||0px|false|false&#8221; custom_margin_last_edited=&#8221;on|phone&#8221; global_colors_info=&#8221;{}&#8221;]<\/p>\n<h4 class=\"et_pb_module_header\">Rrahman Drenica<\/h4>\n<p>IT dhe teknik\u00eb<\/p>\n<div>\n<p><a href=\"mailto:it@goethe-ks.org\">\ud83d\udce7it@goethe-ks.org<\/a><\/p>\n<div>\n<p>&nbsp;<\/p>\n<h4 class=\"et_pb_module_header\">Halide Ajvazi<\/h4>\n<p>Mir\u00ebmbajt\u00ebse<\/p>\n<div>\n<p><a href=\"mailto:gz.hajvazi@gmail.com\">\ud83d\udce7gz.hajvazi@gmail.com<\/a><\/p>\n<div>\n<p>&nbsp;<\/p>\n<h4 class=\"et_pb_module_header\">Dinore Sopjani<\/h4>\n<p>Mir\u00ebmbajt\u00ebse<\/p>\n<div>\n<p><a href=\"mailto:gz.hajvazi@gmail.com\">\ud83d\udce7gz.hajvazi@gmail.com<\/a><\/p>\n<div>\n<p>&nbsp;<\/p>\n<h4 class=\"et_pb_module_header\">Mimoza Krasniqi<\/h4>\n<p>Mir\u00ebmbajt\u00ebse<\/p>\n<div>\n<p><a href=\"mailto:gz.hajvazi@gmail.com\">\ud83d\udce7gz.hajvazi@gmail.com<\/a><\/p>\n<\/div>\n<\/div>\n<\/div>\n<\/div>\n<\/div>\n<\/div>\n<\/div>\n<p>[\/et_pb_toggle][\/et_pb_column][\/et_pb_row][\/et_pb_section][et_pb_section fb_built=&#8221;1&#8243; _builder_version=&#8221;4.14.7&#8243; _module_preset=&#8221;default&#8221; background_color=&#8221;#707070&#8243; global_module=&#8221;67&#8243; saved_tabs=&#8221;all&#8221; global_colors_info=&#8221;{}&#8221;][et_pb_row column_structure=&#8221;1_4,1_4,1_4,1_4&#8243; _builder_version=&#8221;4.16&#8243; _module_preset=&#8221;default&#8221; width=&#8221;85%&#8221; max_width=&#8221;1263px&#8221; global_colors_info=&#8221;{}&#8221;][et_pb_column type=&#8221;1_4&#8243; _builder_version=&#8221;4.16&#8243; _module_preset=&#8221;default&#8221; global_colors_info=&#8221;{}&#8221;][et_pb_text module_class=&#8221;footer_kurset&#8221; _builder_version=&#8221;4.20.4&#8243; _module_preset=&#8221;default&#8221; text_font=&#8221;Manrope||||||||&#8221; text_text_color=&#8221;#FFFFFF&#8221; text_line_height=&#8221;2.3em&#8221; global_colors_info=&#8221;{}&#8221;]<\/p>\n<p><strong>Kontakti:<\/strong><\/p>\n<p>Mujo Ulqinaku 19-21<br \/>10000 Prishtin\u00eb<\/p>\n<p><strong>Recepcioni:<\/strong><a href=\"tel:0038338224909\">+ 383 (0) 38 224 909<\/a><\/p>\n<p>Oraret e p\u00ebrgjithshme t\u00eb pun\u00ebs (recepsioni)<\/p>\n<p>E h\u00ebn\u00eb \u2013 E premte<\/p>\n<p>09:00 \u2013 12:00<br \/>13:00 \u2013 17:30<\/p>\n<p>E-Mail: <a href=\"mailto:info@goethe-ks.org\">info@goethe-ks.org<\/a><\/p>\n<p>[\/et_pb_text][\/et_pb_column][et_pb_column type=&#8221;1_4&#8243; _builder_version=&#8221;4.16&#8243; _module_preset=&#8221;default&#8221; global_colors_info=&#8221;{}&#8221;][et_pb_text module_class=&#8221;footer_kurset&#8221; _builder_version=&#8221;4.20.4&#8243; _module_preset=&#8221;default&#8221; text_font=&#8221;Manrope||||||||&#8221; text_text_color=&#8221;#FFFFFF&#8221; text_line_height=&#8221;2.3em&#8221; global_colors_info=&#8221;{}&#8221;]<\/p>\n<p><strong>Orari i konsultimeve p\u00ebr kurse :<\/strong><strong><\/strong><\/p>\n<p>E h\u00ebn\u00eb \u2013 E premte<\/p>\n<p>09:00 \u2013 12:00<br \/>13:00 \u2013 16:00<\/p>\n<p>Tel: <a href=\"tel:0038338224909\">+ 383 (0) 38 224 909<\/a><\/p>\n<p><a href=\"tel:0038345284993\"><span>\u00a0<\/span>+ 383 (0) 45 284 993<\/a><\/p>\n<p>E-Mail: info.sprachkurse@goethe-ks.org<\/p>\n<p>[\/et_pb_text][\/et_pb_column][et_pb_column type=&#8221;1_4&#8243; _builder_version=&#8221;4.16&#8243; _module_preset=&#8221;default&#8221; global_colors_info=&#8221;{}&#8221;][et_pb_text module_class=&#8221;footer_kurset&#8221; _builder_version=&#8221;4.20.4&#8243; _module_preset=&#8221;default&#8221; text_font=&#8221;Manrope||||||||&#8221; text_text_color=&#8221;#FFFFFF&#8221; text_line_height=&#8221;2.3em&#8221; width=&#8221;100%&#8221; max_width=&#8221;100%&#8221; custom_margin=&#8221;|-58px||||&#8221; custom_padding=&#8221;|0px||||&#8221; global_colors_info=&#8221;{}&#8221;]<\/p>\n<p><strong>Orari i konsultimeve p\u00ebr provime:<\/strong><\/p>\n<p>E h\u00ebn\u00eb \u2013 E enjte<br \/>09:00 \u2013 12:00<br \/>13:00 \u2013 16:00<\/p>\n<p>Tel:\u00a0 <span>\u00a0<\/span><a href=\"tel:0038338224909\">+ 383 (0) 38 224 909<\/a><\/p>\n<p>\u00a0 \u00a0 \u00a0 \u00a0 \u00a0<span>\u00a0<\/span><a href=\"tel:0038345322052\">+ 383 (0) 45 322 052<\/a><\/p>\n<p>E-Mail: info.pruefungen@goethe-ks.org<\/p>\n<p>[\/et_pb_text][\/et_pb_column][et_pb_column type=&#8221;1_4&#8243; _builder_version=&#8221;4.16&#8243; _module_preset=&#8221;default&#8221; global_colors_info=&#8221;{}&#8221;][et_pb_social_media_follow icon_color=&#8221;#FFFFFF&#8221; _builder_version=&#8221;4.20.4&#8243; _module_preset=&#8221;default&#8221; global_colors_info=&#8221;{}&#8221;][et_pb_social_media_follow_network social_network=&#8221;facebook&#8221; url=&#8221;https:\/\/www.facebook.com\/goethezentrumprishtina&#8221; _builder_version=&#8221;4.20.4&#8243; _module_preset=&#8221;default&#8221; background_color=&#8221;#3b5998&#8243; global_colors_info=&#8221;{}&#8221; follow_button=&#8221;off&#8221; url_new_window=&#8221;on&#8221;]facebook[\/et_pb_social_media_follow_network][et_pb_social_media_follow_network social_network=&#8221;instagram&#8221; url=&#8221;https:\/\/www.instagram.com\/explore\/locations\/345190440\/goethe-zentrum-prishtina\/?hl=en&#8221; _builder_version=&#8221;4.20.4&#8243; _module_preset=&#8221;default&#8221; background_color=&#8221;#ea2c59&#8243; global_colors_info=&#8221;{}&#8221; follow_button=&#8221;off&#8221; url_new_window=&#8221;on&#8221;]instagram[\/et_pb_social_media_follow_network][\/et_pb_social_media_follow][et_pb_text _builder_version=&#8221;4.20.4&#8243; _module_preset=&#8221;default&#8221; global_colors_info=&#8221;{}&#8221;]<\/p>\n<p><img loading=\"lazy\" decoding=\"async\" src=\"https:\/\/goethe-ks.org\/wp-content\/uploads\/2021\/06\/goethe.png\" width=\"72\" height=\"72\" \/>\u00a0 \u00a0 <img loading=\"lazy\" decoding=\"async\" src=\"https:\/\/www.zhaw.ch\/storage\/_processed_\/1\/a\/csm_Logo_Goethe_6bc46f650b.webp\" alt=\"Pr\u00fcfungszentrum Goethe-Institut | ZHAW Institute of Language Competence ILC\" width=\"94\" height=\"69\" \/><\/p>\n<p>[\/et_pb_text][\/et_pb_column][\/et_pb_row][\/et_pb_section]<\/p>\n","protected":false},"excerpt":{"rendered":"<p>Nertila Furriku Drejtoresh\u00eb \ud83d\udcde+383 (0) 38 220 721 \ud83d\udce7 nertila.furriku@goethe-ks.org Edona Hyseni Udh\u00ebheq\u00ebse e financave dhe administrates \ud83d\udcde+383 (0) 38 220 134 \ud83d\udce7\u00a0edona.hyseni@goethe-ks.org &nbsp; Ramiz Cakolli Administrim dhe Financa \ud83d\udcde+383 (0) 38 220 134 \ud83d\udce7\u00a0ramiz.cakolli@goethe-ks.org &nbsp; Nerita Latifaj Recepcioniste \ud83d\udcde+383 (0) 38 224 909 \ud83d\udce7nerita.latifaj@goethe-ks.org &nbsp; Blerina Dreshaj E ngarkuara p\u00ebr kurset e gjuh\u00ebs gjermane [&hellip;]<\/p>\n","protected":false},"author":1,"featured_media":0,"parent":0,"menu_order":0,"comment_status":"closed","ping_status":"closed","template":"","meta":{"_et_pb_use_builder":"on","_et_pb_old_content":"<!-- wp:divi\/placeholder \/-->","_et_gb_content_width":"","footnotes":""},"class_list":["post-163","page","type-page","status-publish","hentry"],"_links":{"self":[{"href":"https:\/\/goethe-ks.org\/newrelease\/wp-json\/wp\/v2\/pages\/163","targetHints":{"allow":["GET"]}}],"collection":[{"href":"https:\/\/goethe-ks.org\/newrelease\/wp-json\/wp\/v2\/pages"}],"about":[{"href":"https:\/\/goethe-ks.org\/newrelease\/wp-json\/wp\/v2\/types\/page"}],"author":[{"embeddable":true,"href":"https:\/\/goethe-ks.org\/newrelease\/wp-json\/wp\/v2\/users\/1"}],"replies":[{"embeddable":true,"href":"https:\/\/goethe-ks.org\/newrelease\/wp-json\/wp\/v2\/comments?post=163"}],"version-history":[{"count":36,"href":"https:\/\/goethe-ks.org\/newrelease\/wp-json\/wp\/v2\/pages\/163\/revisions"}],"predecessor-version":[{"id":2013,"href":"https:\/\/goethe-ks.org\/newrelease\/wp-json\/wp\/v2\/pages\/163\/revisions\/2013"}],"wp:attachment":[{"href":"https:\/\/goethe-ks.org\/newrelease\/wp-json\/wp\/v2\/media?parent=163"}],"curies":[{"name":"wp","href":"https:\/\/api.w.org\/{rel}","templated":true}]}}