{"id":921,"date":"2023-12-07T09:53:20","date_gmt":"2023-12-07T09:53:20","guid":{"rendered":"https:\/\/goethe-ks.org\/newrelease\/?page_id=921"},"modified":"2025-02-20T09:57:28","modified_gmt":"2025-02-20T09:57:28","slug":"keshillime","status":"publish","type":"page","link":"https:\/\/goethe-ks.org\/newrelease\/de\/keshillime\/","title":{"rendered":"K\u00cbSHILLIME"},"content":{"rendered":"<p>[et_pb_section fb_built=&#8221;1&#8243; _builder_version=&#8221;4.20.4&#8243; _module_preset=&#8221;default&#8221; global_colors_info=&#8221;{}&#8221;][et_pb_row _builder_version=&#8221;4.20.4&#8243; _module_preset=&#8221;default&#8221; global_colors_info=&#8221;{}&#8221;][et_pb_column type=&#8221;4_4&#8243; _builder_version=&#8221;4.20.4&#8243; _module_preset=&#8221;default&#8221; global_colors_info=&#8221;{}&#8221;][et_pb_text _builder_version=&#8221;4.20.4&#8243; _module_preset=&#8221;default&#8221; custom_padding=&#8221;|130px||130px||&#8221; global_colors_info=&#8221;{}&#8221;]<\/p>\n<h1 style=\"text-align: center\"><strong>PARAINTEGRIMI DHE <\/strong><\/h1>\n<h1 style=\"text-align: center\"><strong>MENAXHIMI I TRANZICIONIT<\/strong><\/h1>\n<p style=\"text-align: center\">FORM\u00cbSIMI I SUKSESSH\u00cbM I PROCESIT T\u00cb INTEGRIMIT<\/p>\n<p>[\/et_pb_text][et_pb_image src=&#8221;https:\/\/goethe-ks.org\/newrelease\/wp-content\/uploads\/2023\/12\/keyvisual_integration_2300-formatkey-webp-w800r.webp&#8221; title_text=&#8221;keyvisual_integration_2300-formatkey-webp-w800r&#8221; align=&#8221;center&#8221; _builder_version=&#8221;4.20.4&#8243; _module_preset=&#8221;default&#8221; global_colors_info=&#8221;{}&#8221;][\/et_pb_image][et_pb_text _builder_version=&#8221;4.20.4&#8243; _module_preset=&#8221;default&#8221; custom_padding=&#8221;|130px||130px||&#8221; global_colors_info=&#8221;{}&#8221;]<\/p>\n<p style=\"text-align: center\">Ne mb\u00ebshtesim individ\u00eb, t\u00eb cil\u00ebt, qoft\u00eb p\u00ebr shkaqe profesionale apo private d\u00ebshirojn\u00eb t\u00eb migrojn\u00eb p\u00ebrgjithnj\u00eb n\u00eb Gjermani, duke i parap\u00ebrgatitur ata n\u00eb jet\u00ebn e p\u00ebrditshme dhe profesionale. K\u00ebsisoj u ndihmojm\u00eb me ofert\u00ebn tone, qysh nga vendlindja deri n\u00eb udh\u00ebtimin e largimit, si dhe n\u00eb dit\u00ebt e para n\u00eb Gjermani. Q\u00ebllimi afatgjat\u00eb \u00ebsht\u00eb t\u00eb mb\u00ebshtetet pjes\u00ebmarrja e emigrant\u00ebve n\u00eb jet\u00ebn shoq\u00ebrore n\u00eb Gjermani.<\/p>\n<p>[\/et_pb_text][\/et_pb_column][\/et_pb_row][et_pb_row column_structure=&#8221;1_2,1_2&#8243; _builder_version=&#8221;4.20.4&#8243; _module_preset=&#8221;default&#8221; global_colors_info=&#8221;{}&#8221;][et_pb_column type=&#8221;1_2&#8243; _builder_version=&#8221;4.20.4&#8243; _module_preset=&#8221;default&#8221; global_colors_info=&#8221;{}&#8221;][et_pb_image src=&#8221;https:\/\/www.goethe.de\/resources\/files\/jpg1038\/headerbild_querformatig_jedrzej-kaminski_eyeem_gettyimages-552787559-formatkey-webp-w640r.jpg&#8221; _builder_version=&#8221;4.20.4&#8243; _module_preset=&#8221;default&#8221; global_colors_info=&#8221;{}&#8221;][\/et_pb_image][et_pb_text _builder_version=&#8221;4.20.4&#8243; _module_preset=&#8221;default&#8221; link_option_url=&#8221;https:\/\/www.goethe.de\/de\/spr\/eng\/vuu\/vin.html&#8221; global_colors_info=&#8221;{}&#8221;]<\/p>\n<h1 style=\"text-align: center\"><strong>Paraintegrimi<\/strong><\/h1>\n<p>[\/et_pb_text][et_pb_text _builder_version=&#8221;4.20.4&#8243; _module_preset=&#8221;default&#8221; global_colors_info=&#8221;{}&#8221;]<\/p>\n<p>Instituti Goethe u ofron emigrant\u00ebve qysh n\u00eb shtetin am\u00eb nj\u00eb parap\u00ebrgatitje t\u00eb kualifikuar p\u00ebr jet\u00ebn e p\u00ebrditshme dhe profesionale. Ofertat p\u00ebrfshijn\u00eb n\u00eb ve\u00e7anti trajnime, k\u00ebshillime si dhe mb\u00ebshtetje t\u00eb nx\u00ebnies gjeografike dhe nd\u00ebrkulturore p\u00ebr grupet e sh\u00ebnjestruara specifike. T\u00eb r\u00ebnd\u00ebsishme dhe n\u00eb rritje e sip\u00ebr jan\u00eb grupet e sh\u00ebnjestruara si emigrant\u00ebt e fituar pas t\u00ebrheqjes s\u00eb bashk\u00ebshortit\/tes. \u00a0<\/p>\n<p>[\/et_pb_text][\/et_pb_column][et_pb_column type=&#8221;1_2&#8243; _builder_version=&#8221;4.20.4&#8243; _module_preset=&#8221;default&#8221; global_colors_info=&#8221;{}&#8221;][et_pb_image src=&#8221;https:\/\/www.goethe.de\/resources\/files\/jpg1207\/web-header-2300&#215;1000-formatkey-webp-w640r.jpg&#8221; _builder_version=&#8221;4.20.4&#8243; _module_preset=&#8221;default&#8221; global_colors_info=&#8221;{}&#8221;][\/et_pb_image][et_pb_text _builder_version=&#8221;4.20.4&#8243; _module_preset=&#8221;default&#8221; link_option_url=&#8221;https:\/\/www.goethe.de\/de\/spr\/eng\/vuu\/ueb.html&#8221; global_colors_info=&#8221;{}&#8221;]<\/p>\n<h1 style=\"text-align: center\"><strong>Menaxhimi i tranzicionit<\/strong><\/h1>\n<p>[\/et_pb_text][et_pb_text _builder_version=&#8221;4.20.4&#8243; _module_preset=&#8221;default&#8221; global_colors_info=&#8221;{}&#8221;]<\/p>\n<p>Emigrant\u00ebt e rinj, pal\u00ebt e treta do t\u00eb mb\u00ebshteten n\u00eb faz\u00ebn e tranzicionit, sakaq para largimit nga vendi deri n\u00eb orientimin e par\u00eb n\u00eb Gjermani dhe do t\u00eb familjarizohen me peizazhin e integrimit t\u00eb republik\u00ebs\/landit. Kjo b\u00ebhet p\u00ebrmes ofertave informuese dhe k\u00ebshilluese n\u00eb form\u00eb dixhitale dhe me prezenc\u00eb fizike.<\/p>\n<p>&nbsp;<\/p>\n<p>[\/et_pb_text][\/et_pb_column][\/et_pb_row][et_pb_row _builder_version=&#8221;4.20.4&#8243; _module_preset=&#8221;default&#8221; global_colors_info=&#8221;{}&#8221;][et_pb_column type=&#8221;4_4&#8243; _builder_version=&#8221;4.20.4&#8243; _module_preset=&#8221;default&#8221; global_colors_info=&#8221;{}&#8221;][et_pb_text _builder_version=&#8221;4.20.4&#8243; _module_preset=&#8221;default&#8221; hover_enabled=&#8221;0&#8243; global_colors_info=&#8221;{}&#8221; sticky_enabled=&#8221;0&#8243;]<\/p>\n<div data-tabster=\"{&quot;groupper&quot;:{&quot;tabbability&quot;:2},&quot;focusable&quot;:{}}\" data-content=\"ai-message\" aria-labelledby=\"zoJDZ1XApq7sgty7t8Tq3-author} zoJDZ1XApq7sgty7t8Tq3-content-0\" role=\"article\">\n<div id=\"zoJDZ1XApq7sgty7t8Tq3-content-0\">\n<p><span>Ne t\u00eb ftojm\u00eb t\u00eb marr\u00ebsh pjes\u00eb n\u00eb anket\u00ebn ton\u00eb online mbi migracionin. Opinioni yt ka r\u00ebnd\u00ebsi! Duke marr\u00eb disa minuta nga koha jote, na ndihmon t\u00eb kuptojm\u00eb m\u00eb mir\u00eb motivet dhe sfidat e migrant\u00ebve. Sugjerimet tuaja jan\u00eb \u00e7el\u00ebsi p\u00ebr strategji m\u00eb t\u00eb mira integrimi dhe nj\u00eb shoq\u00ebri t\u00eb q\u00ebndrueshme n\u00eb t\u00eb ardhmen.<\/span><\/p>\n<p><span>\ud83d\udc49 <strong>Merr pjes\u00eb dhe kontribuo: <\/strong><\/span><strong><a href=\"https:\/\/survey.lamapoll.de\/00_final-DE-EN-FR-TR-SR-BS-HI-ID-AR-ES-PT---mit-Regionenauswahl\">K\u00ebtu \u00ebsht\u00eb lidhja p\u00ebr anket\u00ebn!<\/a><\/strong><\/p>\n<p><span><strong>Pse t\u00eb marr\u00ebsh pjes\u00eb?<\/strong><\/span><\/p>\n<ul>\n<li>\n<p><span><strong>Ndrysho bot\u00ebn:<\/strong> P\u00ebrvojat dhe mendimet tua mund t\u00eb jen\u00eb baza p\u00ebr nisma dhe programe t\u00eb reja.<\/span><\/p>\n<\/li>\n<li>\n<p><span><strong>Anonim dhe i sigurt\u00eb:<\/strong> T\u00eb dh\u00ebnat tua trajtohen n\u00eb m\u00ebnyr\u00eb t\u00eb rrept\u00eb konfidenciale.<\/span><\/p>\n<\/li>\n<li>\n<p><span><strong>E leht\u00eb dhe e shpejt\u00eb:<\/strong> Pjes\u00ebmarrja zgjat vet\u00ebm disa minuta dhe na ndihmon t\u00eb krijojm\u00eb nj\u00eb pasqyr\u00eb t\u00eb plot\u00eb.<\/span><\/p>\n<\/li>\n<\/ul>\n<p><span>Ndaje anket\u00ebn me miqt\u00eb dhe familjar\u00ebt \u2013 sa m\u00eb shum\u00eb perspektiva, aq m\u00eb mir\u00eb!<\/span><\/p>\n<p><span>Fal\u00ebnderojm\u00eb p\u00ebr mb\u00ebshtetjen t\u00ebnde dhe mezi presim t\u00eb marrim pjes\u00ebmarrjen t\u00ebnde! \ud83d\udcac\u2728<\/span><\/p>\n<\/div>\n<\/div>\n<p>&nbsp;<\/p>\n<p>[\/et_pb_text][et_pb_tabs _builder_version=&#8221;4.20.4&#8243; _module_preset=&#8221;default&#8221; global_colors_info=&#8221;{}&#8221;][et_pb_tab title=&#8221;Termini&#8221; _builder_version=&#8221;4.20.4&#8243; _module_preset=&#8221;default&#8221; tab_text_color=&#8221;#000000&#8243; global_colors_info=&#8221;{}&#8221;]<\/p>\n<p><span>Tema:\u00a0<\/span><\/p>\n<p><span>Data:\u00a0\u00a0<\/span><\/p>\n<p>Vendi :\u00a0<\/p>\n<p>[\/et_pb_tab][\/et_pb_tabs][et_pb_button button_url=&#8221;https:\/\/goethe-ks.org\/newrelease\/19-december-2023\/&#8221; button_text=&#8221;Lajm\u00ebrimi&#8221; button_alignment=&#8221;center&#8221; _builder_version=&#8221;4.20.4&#8243; _module_preset=&#8221;default&#8221; custom_button=&#8221;on&#8221; button_text_color=&#8221;#000000&#8243; button_bg_color=&#8221;#7CDA24&#8243; button_border_color=&#8221;RGBA(255,255,255,0)&#8221; button_border_radius=&#8221;31px&#8221; global_colors_info=&#8221;{}&#8221;][\/et_pb_button][\/et_pb_column][\/et_pb_row][et_pb_row column_structure=&#8221;1_2,1_2&#8243; _builder_version=&#8221;4.20.4&#8243; _module_preset=&#8221;default&#8221; global_colors_info=&#8221;{}&#8221;][et_pb_column type=&#8221;1_2&#8243; _builder_version=&#8221;4.20.4&#8243; _module_preset=&#8221;default&#8221; global_colors_info=&#8221;{}&#8221;][et_pb_image src=&#8221;https:\/\/www.goethe.de\/resources\/files\/jpg1275\/logo_vi_uem_ohne-slogan-formatkey-webp-default-r.jpg&#8221; align=&#8221;center&#8221; _builder_version=&#8221;4.20.4&#8243; _module_preset=&#8221;default&#8221; width=&#8221;45%&#8221; global_colors_info=&#8221;{}&#8221;][\/et_pb_image][\/et_pb_column][et_pb_column type=&#8221;1_2&#8243; _builder_version=&#8221;4.20.4&#8243; _module_preset=&#8221;default&#8221; global_colors_info=&#8221;{}&#8221;][et_pb_image src=&#8221;https:\/\/www.goethe.de\/resources\/files\/jpg1257\/eu_kofinanziert-formatkey-webp-w960r.jpg&#8221; align=&#8221;center&#8221; _builder_version=&#8221;4.20.4&#8243; _module_preset=&#8221;default&#8221; width=&#8221;45%&#8221; custom_margin=&#8221;||44px|||&#8221; global_colors_info=&#8221;{}&#8221;][\/et_pb_image][\/et_pb_column][\/et_pb_row][\/et_pb_section][et_pb_section fb_built=&#8221;1&#8243; _builder_version=&#8221;4.20.4&#8243; _module_preset=&#8221;default&#8221; background_color=&#8221;#808080&#8243; global_colors_info=&#8221;{}&#8221;][et_pb_row column_structure=&#8221;1_4,1_4,1_4,1_4&#8243; _builder_version=&#8221;4.20.4&#8243; _module_preset=&#8221;default&#8221; global_colors_info=&#8221;{}&#8221;][et_pb_column type=&#8221;1_4&#8243; _builder_version=&#8221;4.20.4&#8243; _module_preset=&#8221;default&#8221; global_colors_info=&#8221;{}&#8221;][et_pb_text module_class=&#8221;footer_kurset&#8221; _builder_version=&#8221;4.20.4&#8243; _module_preset=&#8221;default&#8221; text_font=&#8221;Manrope||||||||&#8221; text_text_color=&#8221;#FFFFFF&#8221; text_line_height=&#8221;2.3em&#8221; global_colors_info=&#8221;{}&#8221;]<\/p>\n<p><strong>Kontakt<\/strong><\/p>\n<p>Mujo Ulqinaku 19-2151<br \/>10000 Prishtin\u00eb<\/p>\n<p>&nbsp;<\/p>\n<p>[\/et_pb_text][\/et_pb_column][et_pb_column type=&#8221;1_4&#8243; _builder_version=&#8221;4.20.4&#8243; _module_preset=&#8221;default&#8221; global_colors_info=&#8221;{}&#8221;][et_pb_text module_class=&#8221;footer_kurset&#8221; _builder_version=&#8221;4.20.4&#8243; _module_preset=&#8221;default&#8221; text_font=&#8221;Manrope||||||||&#8221; text_text_color=&#8221;#FFFFFF&#8221; text_line_height=&#8221;2.3em&#8221; global_colors_info=&#8221;{}&#8221;]<\/p>\n<p><strong>Orari i konsultimeve :<\/strong><strong><\/strong><\/p>\n<p>E merkure: 14:00 \u2013 15:00<\/p>\n<p>E premte:\u00a0 \u00a0 10:00 \u2013 11:00<\/p>\n<p>Tel: <a href=\"tel:0038338224909\">+ 383 (0) 38 224 909<\/a><\/p>\n<p><a href=\"tel:0038345284993\"><span>\u00a0<\/span>+ 383 (0) 45 284 993<\/a><\/p>\n<p>E-Mail: burim.dervishaj@goethe-ks.org<\/p>\n<p>[\/et_pb_text][\/et_pb_column][et_pb_column type=&#8221;1_4&#8243; _builder_version=&#8221;4.20.4&#8243; _module_preset=&#8221;default&#8221; global_colors_info=&#8221;{}&#8221;][et_pb_text module_class=&#8221;footer_kurset&#8221; _builder_version=&#8221;4.20.4&#8243; _module_preset=&#8221;default&#8221; text_font=&#8221;Manrope||||||||&#8221; text_text_color=&#8221;#FFFFFF&#8221; text_line_height=&#8221;2.3em&#8221; width=&#8221;100%&#8221; max_width=&#8221;100%&#8221; custom_margin=&#8221;|-58px||||&#8221; custom_padding=&#8221;|0px||||&#8221; global_colors_info=&#8221;{}&#8221;]<\/p>\n<p><strong>Orari i konsultimeve :<\/strong><\/p>\n<p>E marte: 09:00 \u2013 10:00<\/p>\n<p>E enjte:\u00a0 \u00a014:00 \u2013 15:00<\/p>\n<p>Tel:\u00a0 <span>\u00a0<\/span><a href=\"tel:0038338224909\">+ 383 (0) 38 224 909<\/a><\/p>\n<p><span>\u00a0<\/span><a href=\"tel:0038345322052\">+ 383 (0) 45 322 052<\/a><\/p>\n<p>E-Mail: burim.dervishaj@goethe-ks.org<\/p>\n<p>[\/et_pb_text][\/et_pb_column][et_pb_column type=&#8221;1_4&#8243; _builder_version=&#8221;4.20.4&#8243; _module_preset=&#8221;default&#8221; global_colors_info=&#8221;{}&#8221;][et_pb_social_media_follow icon_color=&#8221;#FFFFFF&#8221; _builder_version=&#8221;4.20.4&#8243; _module_preset=&#8221;default&#8221; global_colors_info=&#8221;{}&#8221;][et_pb_social_media_follow_network social_network=&#8221;facebook&#8221; url=&#8221;https:\/\/www.facebook.com\/goethezentrumprishtina&#8221; _builder_version=&#8221;4.20.4&#8243; _module_preset=&#8221;default&#8221; background_color=&#8221;#3b5998&#8243; global_colors_info=&#8221;{}&#8221; follow_button=&#8221;off&#8221; url_new_window=&#8221;on&#8221;]facebook[\/et_pb_social_media_follow_network][et_pb_social_media_follow_network social_network=&#8221;instagram&#8221; url=&#8221;https:\/\/www.instagram.com\/explore\/locations\/345190440\/goethe-zentrum-prishtina\/?hl=en&#8221; _builder_version=&#8221;4.20.4&#8243; _module_preset=&#8221;default&#8221; background_color=&#8221;#ea2c59&#8243; global_colors_info=&#8221;{}&#8221; follow_button=&#8221;off&#8221; url_new_window=&#8221;on&#8221;]instagram[\/et_pb_social_media_follow_network][\/et_pb_social_media_follow][et_pb_text _builder_version=&#8221;4.20.4&#8243; _module_preset=&#8221;default&#8221; global_colors_info=&#8221;{}&#8221;]<\/p>\n<p><img loading=\"lazy\" decoding=\"async\" src=\"https:\/\/goethe-ks.org\/wp-content\/uploads\/2021\/06\/goethe.png\" width=\"72\" height=\"72\" \/>\u00a0 \u00a0 <img loading=\"lazy\" decoding=\"async\" src=\"https:\/\/www.zhaw.ch\/storage\/_processed_\/1\/a\/csm_Logo_Goethe_6bc46f650b.webp\" alt=\"Pr\u00fcfungszentrum Goethe-Institut | ZHAW Institute of Language Competence ILC\" width=\"94\" height=\"69\" \/><\/p>\n<p>[\/et_pb_text][\/et_pb_column][\/et_pb_row][\/et_pb_section]<\/p>","protected":false},"excerpt":{"rendered":"<p>PARAINTEGRIMI DHE MENAXHIMI I TRANZICIONIT FORM\u00cbSIMI I SUKSESSH\u00cbM I PROCESIT T\u00cb INTEGRIMITNe mb\u00ebshtesim individ\u00eb, t\u00eb cil\u00ebt, qoft\u00eb p\u00ebr shkaqe profesionale apo private d\u00ebshirojn\u00eb t\u00eb migrojn\u00eb p\u00ebrgjithnj\u00eb n\u00eb Gjermani, duke i parap\u00ebrgatitur ata n\u00eb jet\u00ebn e p\u00ebrditshme dhe profesionale. K\u00ebsisoj u ndihmojm\u00eb me ofert\u00ebn tone, qysh nga vendlindja deri n\u00eb udh\u00ebtimin e largimit, si dhe n\u00eb [&hellip;]<\/p>","protected":false},"author":1,"featured_media":0,"parent":0,"menu_order":0,"comment_status":"closed","ping_status":"closed","template":"","meta":{"_et_pb_use_builder":"on","_et_pb_old_content":"","_et_gb_content_width":"","footnotes":""},"class_list":["post-921","page","type-page","status-publish","hentry"],"_links":{"self":[{"href":"https:\/\/goethe-ks.org\/newrelease\/de\/wp-json\/wp\/v2\/pages\/921","targetHints":{"allow":["GET"]}}],"collection":[{"href":"https:\/\/goethe-ks.org\/newrelease\/de\/wp-json\/wp\/v2\/pages"}],"about":[{"href":"https:\/\/goethe-ks.org\/newrelease\/de\/wp-json\/wp\/v2\/types\/page"}],"author":[{"embeddable":true,"href":"https:\/\/goethe-ks.org\/newrelease\/de\/wp-json\/wp\/v2\/users\/1"}],"replies":[{"embeddable":true,"href":"https:\/\/goethe-ks.org\/newrelease\/de\/wp-json\/wp\/v2\/comments?post=921"}],"version-history":[{"count":23,"href":"https:\/\/goethe-ks.org\/newrelease\/de\/wp-json\/wp\/v2\/pages\/921\/revisions"}],"predecessor-version":[{"id":1596,"href":"https:\/\/goethe-ks.org\/newrelease\/de\/wp-json\/wp\/v2\/pages\/921\/revisions\/1596"}],"wp:attachment":[{"href":"https:\/\/goethe-ks.org\/newrelease\/de\/wp-json\/wp\/v2\/media?parent=921"}],"curies":[{"name":"wp","href":"https:\/\/api.w.org\/{rel}","templated":true}]}}