{"id":70,"date":"2022-11-05T22:00:44","date_gmt":"2022-11-05T22:00:44","guid":{"rendered":"https:\/\/goethe-ks.org\/newrelease\/?page_id=70"},"modified":"2025-01-30T12:22:38","modified_gmt":"2025-01-30T12:22:38","slug":"kurset-e-gjuhes","status":"publish","type":"page","link":"https:\/\/goethe-ks.org\/newrelease\/de\/kurset-e-gjuhes\/","title":{"rendered":"Kurset e gjuhes"},"content":{"rendered":"<p>[et_pb_section fb_built=&#8221;1&#8243; _builder_version=&#8221;4.16&#8243; _module_preset=&#8221;default&#8221; background_color=&#8221;#f8f8f6&#8243; custom_padding=&#8221;0px||54px|||&#8221; global_colors_info=&#8221;{}&#8221;][et_pb_row disabled_on=&#8221;off|off|off&#8221; _builder_version=&#8221;4.14.7&#8243; _module_preset=&#8221;default&#8221; global_module=&#8221;65&#8243; saved_tabs=&#8221;all&#8221; global_colors_info=&#8221;{}&#8221;][et_pb_column type=&#8221;4_4&#8243; _builder_version=&#8221;4.16&#8243; _module_preset=&#8221;default&#8221; global_colors_info=&#8221;{}&#8221;][et_pb_menu menu_id=&#8221;none&#8221; menu_style=&#8221;centered&#8221; submenu_direction=&#8221;downwards&#8221; disabled_on=&#8221;on|off|off&#8221; module_class=&#8221;mobile_full_menu&#8221; _builder_version=&#8221;4.20.4&#8243; _module_preset=&#8221;default&#8221; menu_font=&#8221;Manrope|700|||||||&#8221; menu_font_size=&#8221;16px&#8221; background_color=&#8221;#f8f8f6&#8243; global_colors_info=&#8221;{}&#8221;][\/et_pb_menu][\/et_pb_column][\/et_pb_row][\/et_pb_section][et_pb_section fb_built=&#8221;1&#8243; _builder_version=&#8221;4.16&#8243; _module_preset=&#8221;default&#8221; background_color=&#8221;#f8f8f6&#8243; custom_padding=&#8221;0px|||||&#8221; global_colors_info=&#8221;{}&#8221;][et_pb_row column_structure=&#8221;3_5,2_5&#8243; _builder_version=&#8221;4.16&#8243; _module_preset=&#8221;default&#8221; global_colors_info=&#8221;{}&#8221;][et_pb_column type=&#8221;3_5&#8243; _builder_version=&#8221;4.16&#8243; _module_preset=&#8221;default&#8221; global_colors_info=&#8221;{}&#8221;][et_pb_text _builder_version=&#8221;4.16&#8243; _module_preset=&#8221;default&#8221; header_2_text_color=&#8221;#a0c814&#8243; global_colors_info=&#8221;{}&#8221;]<\/p>\n<h2>SPRACHKURSE<\/h2>\n<p>&nbsp;<\/p>\n<p>Unsere Sprachkurse bieten hervorragende M\u00f6glichkeiten, Ihre Sprachkenntnisse zu einem f\u00fcr Sie passenden Zeitpunkt m\u00f6glichst effizient zu verbessern, nach modernsten Methoden, in R\u00e4umen mit modernster Technik (Smartboard) und in angenehmer Atmosph\u00e4re.<\/p>\n<p>Dank kommunikativer Methoden lesen, h\u00f6ren, schreiben und sprechen Sie Deutsch ab den ersten Unterrichtsstunden, wie im modernen Fremdsprachenunterricht, sowie in aktuellen Sprachpr\u00fcfungen werden vor allem diese vier Fertigkeiten vermittelt und gepr\u00fcft. Das Stufensystem des Kurses erm\u00f6glicht es Ihnen, Ihre Deutschkenntnisse passiv (im Lesen und H\u00f6ren) und aktiv (im Schreiben und Sprechen) weiterzuentwickeln und kontinuierlich zu verbessern. W\u00e4hrend der Kurse tauchen Sie in die Atmosph\u00e4re des deutschsprachigen Raums ein und profitieren von den umfangreichen Informationen zu diesen L\u00e4ndern, die nicht nur interessante Informationen bieten, sondern auch pr\u00fcfungsrelevant sind.<\/p>\n<p>[\/et_pb_text][\/et_pb_column][et_pb_column type=&#8221;2_5&#8243; _builder_version=&#8221;4.16&#8243; _module_preset=&#8221;default&#8221; global_colors_info=&#8221;{}&#8221;][et_pb_image src=&#8221;https:\/\/goethe-ks.org\/newrelease\/wp-content\/uploads\/2022\/11\/Mask-Group-4.png&#8221; title_text=&#8221;Mask Group 4&#8243; _builder_version=&#8221;4.16&#8243; _module_preset=&#8221;default&#8221; width=&#8221;100%&#8221; global_colors_info=&#8221;{}&#8221;][\/et_pb_image][\/et_pb_column][\/et_pb_row][\/et_pb_section][et_pb_section fb_built=&#8221;1&#8243; _builder_version=&#8221;4.16&#8243; _module_preset=&#8221;default&#8221; background_color=&#8221;#f8f8f6&#8243; global_colors_info=&#8221;{}&#8221;][et_pb_row _builder_version=&#8221;4.20.4&#8243; _module_preset=&#8221;default&#8221; custom_padding=&#8221;||28px|||&#8221; global_colors_info=&#8221;{}&#8221;][et_pb_column type=&#8221;4_4&#8243; _builder_version=&#8221;4.20.4&#8243; _module_preset=&#8221;default&#8221; global_colors_info=&#8221;{}&#8221;][et_pb_text _builder_version=&#8221;4.20.4&#8243; _module_preset=&#8221;default&#8221; global_colors_info=&#8221;{}&#8221;]<\/p>\n<h1 style=\"text-align: center;\"><strong>Kurszeiten<br \/><\/strong><\/h1>\n<h3 style=\"text-align: center;\">Von Montag bis Donnerstag<\/h3>\n<p>[\/et_pb_text][\/et_pb_column][\/et_pb_row][et_pb_row column_structure=&#8221;1_3,1_3,1_3&#8243; _builder_version=&#8221;4.20.4&#8243; _module_preset=&#8221;default&#8221; global_colors_info=&#8221;{}&#8221;][et_pb_column type=&#8221;1_3&#8243; _builder_version=&#8221;4.20.4&#8243; _module_preset=&#8221;default&#8221; global_colors_info=&#8221;{}&#8221;][et_pb_text _builder_version=&#8221;4.20.4&#8243; _module_preset=&#8221;default&#8221; global_colors_info=&#8221;{}&#8221;]<\/p>\n<p style=\"text-align: center;\"><strong>Vormittag<\/strong><\/p>\n<p style=\"text-align: center;\">09:00 &#8211; 12:30<\/p>\n<p>[\/et_pb_text][\/et_pb_column][et_pb_column type=&#8221;1_3&#8243; _builder_version=&#8221;4.20.4&#8243; _module_preset=&#8221;default&#8221; global_colors_info=&#8221;{}&#8221;][et_pb_text _builder_version=&#8221;4.20.4&#8243; _module_preset=&#8221;default&#8221; global_colors_info=&#8221;{}&#8221;]<\/p>\n<p style=\"text-align: center;\"><strong>Mittag<\/strong><\/p>\n<p style=\"text-align: center;\">13:00 &#8211; 16:30<\/p>\n<p>[\/et_pb_text][\/et_pb_column][et_pb_column type=&#8221;1_3&#8243; _builder_version=&#8221;4.20.4&#8243; _module_preset=&#8221;default&#8221; global_colors_info=&#8221;{}&#8221;][et_pb_text _builder_version=&#8221;4.20.4&#8243; _module_preset=&#8221;default&#8221; global_colors_info=&#8221;{}&#8221;]<\/p>\n<p style=\"text-align: center;\"><strong>Nachmittag<\/strong><\/p>\n<p style=\"text-align: center;\">17:00 &#8211; 20:30<\/p>\n<p>[\/et_pb_text][\/et_pb_column][\/et_pb_row][et_pb_row _builder_version=&#8221;4.16&#8243; _module_preset=&#8221;default&#8221; global_colors_info=&#8221;{}&#8221;][et_pb_column type=&#8221;4_4&#8243; _builder_version=&#8221;4.16&#8243; _module_preset=&#8221;default&#8221; global_colors_info=&#8221;{}&#8221;][et_pb_text disabled_on=&#8221;on|off|off&#8221; _builder_version=&#8221;4.16&#8243; _module_preset=&#8221;default&#8221; text_text_color=&#8221;#707070&#8243; background_color=&#8221;#e8e8e6&#8243; custom_margin=&#8221;|733px|3px|0px|false|false&#8221; custom_padding=&#8221;20px||20px|49px|false|false&#8221; border_radii=&#8221;off|25px|25px||&#8221; global_colors_info=&#8221;{}&#8221;]<\/p>\n<p>Kursangebot des Goethe-Zentrums<\/p>\n<p>[\/et_pb_text][et_pb_code _builder_version=&#8221;4.20.4&#8243; _module_preset=&#8221;default&#8221; custom_margin=&#8221;|-30px||-30px|false|false&#8221; custom_padding=&#8221;|||0px|false|false&#8221; hover_enabled=&#8221;0&#8243; global_colors_info=&#8221;{}&#8221; sticky_enabled=&#8221;0&#8243;]<\/p>\n<table class=\"price_table\"><!-- [et_pb_line_break_holder] -->  <\/p>\n<tr><!-- [et_pb_line_break_holder] --><\/p>\n<th>Kursart<\/th>\n<p><!-- [et_pb_line_break_holder] --><\/p>\n<th>Unterricht f\u00fcr eine Stufe<\/th>\n<p><!-- [et_pb_line_break_holder] --><\/p>\n<th>Unterricht pro Woche<\/th>\n<p><!-- [et_pb_line_break_holder] --><\/p>\n<th>Dauer des Kurses<\/th>\n<p><!-- [et_pb_line_break_holder] --><\/p>\n<th>Preis pro Stufe<\/th>\n<p><!-- [et_pb_line_break_holder] -->  <\/tr>\n<p><!-- [et_pb_line_break_holder] -->  <\/p>\n<tr class=\"greenpart\"><!-- [et_pb_line_break_holder] --><\/p>\n<td>Intensive<\/td>\n<p><!-- [et_pb_line_break_holder] -->    <\/p>\n<td><\/td>\n<p><!-- [et_pb_line_break_holder] -->    <\/p>\n<td><\/td>\n<p><!-- [et_pb_line_break_holder] -->    <\/p>\n<td><\/td>\n<p><!-- [et_pb_line_break_holder] -->    <\/p>\n<td><\/td>\n<p><!-- [et_pb_line_break_holder] -->  <\/tr>\n<p><!-- [et_pb_line_break_holder] -->  <\/p>\n<tr><!-- [et_pb_line_break_holder] -->  <\/p>\n<td>A1<\/td>\n<p><!-- [et_pb_line_break_holder] --><\/p>\n<td>160<\/td>\n<p><!-- [et_pb_line_break_holder] --><\/p>\n<td>16<\/td>\n<p><!-- [et_pb_line_break_holder] --><\/p>\n<td>10 Wochen<\/td>\n<p><!-- [et_pb_line_break_holder] --><\/p>\n<td>420,00\u20ac<\/td>\n<p><!-- [et_pb_line_break_holder] -->  <\/tr>\n<p><!-- [et_pb_line_break_holder] -->    <\/p>\n<tr><!-- [et_pb_line_break_holder] --><\/p>\n<td>A2<\/td>\n<p><!-- [et_pb_line_break_holder] --><\/p>\n<td>160<\/td>\n<p><!-- [et_pb_line_break_holder] --><\/p>\n<td>16<\/td>\n<p><!-- [et_pb_line_break_holder] --><\/p>\n<td>10 Wochen<\/td>\n<p><!-- [et_pb_line_break_holder] --><\/p>\n<td>420,00\u20ac<\/td>\n<p><!-- [et_pb_line_break_holder] -->  <\/tr>\n<p><!-- [et_pb_line_break_holder] -->    <\/p>\n<tr><!-- [et_pb_line_break_holder] --><\/p>\n<td>B1<\/td>\n<p><!-- [et_pb_line_break_holder] --><\/p>\n<td>180<\/td>\n<p><!-- [et_pb_line_break_holder] --><\/p>\n<td>16<\/td>\n<p><!-- [et_pb_line_break_holder] --><\/p>\n<td>11.5 Wochen<\/td>\n<p><!-- [et_pb_line_break_holder] --><\/p>\n<td>470,00\u20ac<\/td>\n<p><!-- [et_pb_line_break_holder] -->  <\/tr>\n<p><!-- [et_pb_line_break_holder] -->    <\/p>\n<tr><!-- [et_pb_line_break_holder] --><\/p>\n<td>B2<\/td>\n<p><!-- [et_pb_line_break_holder] --><\/p>\n<td>180<\/td>\n<p><!-- [et_pb_line_break_holder] --><\/p>\n<td>16<\/td>\n<p><!-- [et_pb_line_break_holder] --><\/p>\n<td>11.5 Wochen<\/td>\n<p><!-- [et_pb_line_break_holder] --><\/p>\n<td>475,00\u20ac<\/td>\n<p><!-- [et_pb_line_break_holder] -->  <\/tr>\n<p><!-- [et_pb_line_break_holder] -->    <\/p>\n<tr><!-- [et_pb_line_break_holder] --><\/p>\n<td>C1<\/td>\n<p><!-- [et_pb_line_break_holder] --><\/p>\n<td>180<\/td>\n<p><!-- [et_pb_line_break_holder] --><\/p>\n<td>16<\/td>\n<p><!-- [et_pb_line_break_holder] --><\/p>\n<td>11.5 Wochen<\/td>\n<p><!-- [et_pb_line_break_holder] --><\/p>\n<td>475,00\u20ac<\/td>\n<p><!-- [et_pb_line_break_holder] -->  <\/tr>\n<p><!-- [et_pb_line_break_holder] -->  <\/p>\n<tr class=\"greenpart\"><!-- [et_pb_line_break_holder] -->    <\/p>\n<td><!-- [et_pb_line_break_holder] -->      Pr\u00fcfungsvorbereitung<!-- [et_pb_line_break_holder] -->    <\/td>\n<p><!-- [et_pb_line_break_holder] -->       <\/p>\n<td><\/td>\n<p><!-- [et_pb_line_break_holder] -->    <\/p>\n<td><\/td>\n<p><!-- [et_pb_line_break_holder] -->    <\/p>\n<td><\/td>\n<p><!-- [et_pb_line_break_holder] -->    <\/p>\n<td><\/td>\n<p><!-- [et_pb_line_break_holder] -->  <\/tr>\n<p><!-- [et_pb_line_break_holder] -->  <\/p>\n<tr><!-- [et_pb_line_break_holder] --><\/p>\n<td><!-- [et_pb_line_break_holder] -->  PT A1<\/td>\n<p><!-- [et_pb_line_break_holder] --><\/p>\n<td>32<\/td>\n<p><!-- [et_pb_line_break_holder] --><\/p>\n<td>16<\/td>\n<p><!-- [et_pb_line_break_holder] --><\/p>\n<td>2 Wochen<\/td>\n<p><!-- [et_pb_line_break_holder] --><\/p>\n<td>115,00\u20ac<\/td>\n<p><!-- [et_pb_line_break_holder] -->  <\/tr>\n<p><!-- [et_pb_line_break_holder] -->   <\/p>\n<tr><!-- [et_pb_line_break_holder] --><\/p>\n<td>PT A2<\/td>\n<p><!-- [et_pb_line_break_holder] --><\/p>\n<td>32<\/td>\n<p><!-- [et_pb_line_break_holder] --><\/p>\n<td>16<\/td>\n<p><!-- [et_pb_line_break_holder] --><\/p>\n<td>2 Wochen<\/td>\n<p><!-- [et_pb_line_break_holder] --><\/p>\n<td>115,00\u20ac<\/td>\n<p><!-- [et_pb_line_break_holder] -->  <\/tr>\n<p><!-- [et_pb_line_break_holder] -->     <\/p>\n<tr><!-- [et_pb_line_break_holder] --><\/p>\n<td>PT B1<\/td>\n<p><!-- [et_pb_line_break_holder] --><\/p>\n<td>32<\/td>\n<p><!-- [et_pb_line_break_holder] --><\/p>\n<td>16<\/td>\n<p><!-- [et_pb_line_break_holder] --><\/p>\n<td>2 Wochen<\/td>\n<p><!-- [et_pb_line_break_holder] --><\/p>\n<td>115,00\u20ac<\/td>\n<p><!-- [et_pb_line_break_holder] -->  <\/tr>\n<p><!-- [et_pb_line_break_holder] -->     <\/p>\n<tr><!-- [et_pb_line_break_holder] --><\/p>\n<td>PT B2<\/td>\n<p><!-- [et_pb_line_break_holder] --><\/p>\n<td>32<\/td>\n<p><!-- [et_pb_line_break_holder] --><\/p>\n<td>16<\/td>\n<p><!-- [et_pb_line_break_holder] --><\/p>\n<td>2 Wochen<\/td>\n<p><!-- [et_pb_line_break_holder] --><\/p>\n<td>115,00\u20ac<\/td>\n<p><!-- [et_pb_line_break_holder] -->  <\/tr>\n<p><!-- [et_pb_line_break_holder] -->       <\/p>\n<tr><!-- [et_pb_line_break_holder] --><\/p>\n<td>PT C1<\/td>\n<p><!-- [et_pb_line_break_holder] --><\/p>\n<td>32<\/td>\n<p><!-- [et_pb_line_break_holder] --><\/p>\n<td>16<\/td>\n<p><!-- [et_pb_line_break_holder] --><\/p>\n<td>2 Wochen<\/td>\n<p><!-- [et_pb_line_break_holder] --><\/p>\n<td>115,00\u20ac<\/td>\n<p><!-- [et_pb_line_break_holder] -->  <\/tr>\n<p><!-- [et_pb_line_break_holder] -->           <\/p>\n<tr><!-- [et_pb_line_break_holder] --><\/p>\n<td>PT TestDaF<\/td>\n<p><!-- [et_pb_line_break_holder] --><\/p>\n<td>20<\/td>\n<p><!-- [et_pb_line_break_holder] --><\/p>\n<td><\/td>\n<p><!-- [et_pb_line_break_holder] --><\/p>\n<td>5 Tage<\/td>\n<p><!-- [et_pb_line_break_holder] --><\/p>\n<td>115,00\u20ac<\/td>\n<p><!-- [et_pb_line_break_holder] -->  <\/tr>\n<p><!-- [et_pb_line_break_holder] -->  <\/p>\n<tr class=\"greenpart\"><!-- [et_pb_line_break_holder] -->  <\/p>\n<td><!-- [et_pb_line_break_holder] -->     Kurse f\u00fcr Kinder und Jugendliche (samstags)<!-- [et_pb_line_break_holder] -->    <\/td>\n<p><!-- [et_pb_line_break_holder] -->       <\/p>\n<td><\/td>\n<p><!-- [et_pb_line_break_holder] -->    <\/p>\n<td><\/td>\n<p><!-- [et_pb_line_break_holder] -->    <\/p>\n<td><\/td>\n<p><!-- [et_pb_line_break_holder] -->    <\/p>\n<td><\/td>\n<p><!-- [et_pb_line_break_holder] -->  <\/tr>\n<p><!-- [et_pb_line_break_holder] -->  <\/p>\n<tr><!-- [et_pb_line_break_holder] -->  <\/p>\n<td>Kurse f\u00fcr Altersgruppen <!\u2013- [et_pb_br_holder] -\u2013>7-15 Jahre<\/td>\n<p><!-- [et_pb_line_break_holder] --><\/p>\n<td>144<\/td>\n<p><!-- [et_pb_line_break_holder] --><\/p>\n<td>4<\/td>\n<p><!-- [et_pb_line_break_holder] --><\/p>\n<td>Shtator  \u2013 <!-- [et_pb_line_break_holder] -->Qershor<\/td>\n<p><!-- [et_pb_line_break_holder] --><\/p>\n<td>470,00\u20ac \/ F\u00fcr ein Schuljahr<\/td>\n<p><!-- [et_pb_line_break_holder] -->  <\/tr>\n<p><!-- [et_pb_line_break_holder] --><\/table>\n<p>[\/et_pb_code][et_pb_text _builder_version=&#8221;4.16&#8243; _module_preset=&#8221;default&#8221; global_colors_info=&#8221;{}&#8221;]<\/p>\n<p>* Der Preis beinhaltet alle Unterrichtsmaterialien (B\u00fccher etc.)<\/p>\n<p>[\/et_pb_text][\/et_pb_column][\/et_pb_row][et_pb_row _builder_version=&#8221;4.16&#8243; _module_preset=&#8221;default&#8221; global_colors_info=&#8221;{}&#8221;][et_pb_column type=&#8221;4_4&#8243; _builder_version=&#8221;4.16&#8243; _module_preset=&#8221;default&#8221; global_colors_info=&#8221;{}&#8221;][et_pb_toggle title=&#8221;Kurset intensive (A1-C1)&#8221; module_id=&#8221;kurset-intensive&#8221; _builder_version=&#8221;4.16&#8243; _module_preset=&#8221;default&#8221; border_color_all=&#8221;#a0c814&#8243; global_colors_info=&#8221;{}&#8221;]<\/p>\n<p><span>Die Lernziele und Inhalte unserer Kurse orientieren sich am Lehrplan des Goethe-Instituts und entsprechen dem Gemeinsamen Europ\u00e4ischen Referenzrahmen (GER). In den allgemeinsprachlichen Kursen lernen Sie alle wichtigen Inhalte, die dem kommunikativen Umgang mit der deutschen Sprache in Alltag, Beruf und Studium dienen. Nat\u00fcrlich bereiten wir mit diesen Kursen auch auf die international anerkannten Pr\u00fcfungen des Goethe-Instituts vor.<\/span><\/p>\n<p>[\/et_pb_toggle][et_pb_toggle title=&#8221;Kurse p\u00ebrgatitore p\u00ebr t\u00eb gjitha provimet e Institutit Goethe&#8221; module_id=&#8221;kurset-pergatitore&#8221; _builder_version=&#8221;4.16&#8243; _module_preset=&#8221;default&#8221; border_color_all=&#8221;#a0c814&#8243; global_colors_info=&#8221;{}&#8221;]<\/p>\n<p><span>Ziel der Vorbereitungspr\u00fcfungen ist es, die Studierenden \u00fcber das Format der jeweiligen Pr\u00fcfungen zu informieren.<\/span><\/p>\n<p>[\/et_pb_toggle][et_pb_toggle title=&#8221;Kurse p\u00ebrgatitore p\u00ebr TestDaF&#8221; module_id=&#8221;kurset-testdaf&#8221; _builder_version=&#8221;4.16&#8243; _module_preset=&#8221;default&#8221; border_color_all=&#8221;#a0c814&#8243; global_colors_info=&#8221;{}&#8221;]<\/p>\n<p>Vorbereitungskurse f\u00fcr TestDaF am Geothe-Zentrum<\/p>\n<p>TestDaF ist eine zentral konzipierte Pr\u00fcfung, die weltweit durchgef\u00fchrt wird. Diese Pr\u00fcfung richtet sich an Studierende, die ihr Studium in Deutschland aufnehmen m\u00f6chten und f\u00fcr die der Nachweis fortgeschrittener Deutschkenntnisse erforderlich ist. Verantwortlich f\u00fcr die Konzeption und Durchf\u00fchrung dieser Pr\u00fcfung ist das TestDaF-Institut in Bochum.<\/p>\n<p>Auf den Seiten von TestDaF finden Sie Informationen zu dieser Pr\u00fcfung, unter anderem zum Ablauf ihrer Pr\u00e4sentation<\/p>\n<p><a href=\"http:\/\/www.testdaf.de\/\">http:\/\/www.testdaf.de\/<\/a><\/p>\n<p>[\/et_pb_toggle][et_pb_toggle title=&#8221;Kurset p\u00ebr f\u00ebmij\u00eb&#8221; module_id=&#8221;kurset-femije&#8221; _builder_version=&#8221;4.20.4&#8243; _module_preset=&#8221;default&#8221; border_color_all=&#8221;#a0c814&#8243; global_colors_info=&#8221;{}&#8221;]<\/p>\n<p><span>Die Kinderkurse haben das Ziel, Kinder im Alter von 7-15 Jahren auf spielerische Weise an die deutsche Sprache heranzuf\u00fchren. Ziel ist es, Kinder fr\u00fchzeitig f\u00fcr die deutsche Sprache zu sensibilisieren und zu motivieren, damit sie bereits vor Beginn des Studiums oder Berufslebens eine hohe kommunikative Kompetenz in der deutschen Sprache erreichen.<\/span><\/p>\n<p>[\/et_pb_toggle][\/et_pb_column][\/et_pb_row][\/et_pb_section][et_pb_section fb_built=&#8221;1&#8243; _builder_version=&#8221;4.14.7&#8243; _module_preset=&#8221;default&#8221; background_color=&#8221;#707070&#8243; global_module=&#8221;67&#8243; saved_tabs=&#8221;all&#8221; global_colors_info=&#8221;{}&#8221;][et_pb_row column_structure=&#8221;1_4,1_4,1_4,1_4&#8243; _builder_version=&#8221;4.16&#8243; _module_preset=&#8221;default&#8221; width=&#8221;85%&#8221; max_width=&#8221;1263px&#8221; global_colors_info=&#8221;{}&#8221;][et_pb_column type=&#8221;1_4&#8243; _builder_version=&#8221;4.16&#8243; _module_preset=&#8221;default&#8221; global_colors_info=&#8221;{}&#8221;][et_pb_text module_class=&#8221;footer_kurset&#8221; _builder_version=&#8221;4.20.4&#8243; _module_preset=&#8221;default&#8221; text_font=&#8221;Manrope||||||||&#8221; text_text_color=&#8221;#FFFFFF&#8221; text_line_height=&#8221;2.3em&#8221; global_colors_info=&#8221;{}&#8221;]<\/p>\n<p><strong>Kontakt<\/strong><\/p>\n<p>Mujo Ulqinaku 19-21<br \/>10000 Prishtin\u00eb<\/p>\n<p><strong>Recepcioni:<\/strong><a href=\"tel:0038338224909\">+ 383 (0) 38 224 909<\/a><\/p>\n<p>Allgemeine \u00d6ffnungszeiten (Rezeption):<\/p>\n<p>E h\u00ebn\u00eb \u2013 E premte<\/p>\n<p>09:00 \u2013 12:00<br \/>13:00 \u2013 17:30<\/p>\n<p>E-Mail: <a href=\"mailto:info@goethe-ks.org\">info@goethe-ks.org<\/a><\/p>\n<p>[\/et_pb_text][\/et_pb_column][et_pb_column type=&#8221;1_4&#8243; _builder_version=&#8221;4.16&#8243; _module_preset=&#8221;default&#8221; global_colors_info=&#8221;{}&#8221;][et_pb_text module_class=&#8221;footer_kurset&#8221; _builder_version=&#8221;4.20.4&#8243; _module_preset=&#8221;default&#8221; text_font=&#8221;Manrope||||||||&#8221; text_text_color=&#8221;#FFFFFF&#8221; text_line_height=&#8221;2.3em&#8221; global_colors_info=&#8221;{}&#8221;]<\/p>\n<p><strong>Orari i konsultimeve p\u00ebr kurse :<\/strong><strong><\/strong><\/p>\n<p>E h\u00ebn\u00eb \u2013 E premte<\/p>\n<p>09:00 \u2013 12:00<br \/>13:00 \u2013 16:00<\/p>\n<p>Tel: <a href=\"tel:0038338224909\">+ 383 (0) 38 224 909<\/a><\/p>\n<p><a href=\"tel:0038345284993\"><span>\u00a0<\/span>+ 383 (0) 45 284 993<\/a><\/p>\n<p>E-Mail: info.sprachkurse@goethe-ks.org<\/p>\n<p>[\/et_pb_text][\/et_pb_column][et_pb_column type=&#8221;1_4&#8243; _builder_version=&#8221;4.16&#8243; _module_preset=&#8221;default&#8221; global_colors_info=&#8221;{}&#8221;][et_pb_text module_class=&#8221;footer_kurset&#8221; _builder_version=&#8221;4.20.4&#8243; _module_preset=&#8221;default&#8221; text_font=&#8221;Manrope||||||||&#8221; text_text_color=&#8221;#FFFFFF&#8221; text_line_height=&#8221;2.3em&#8221; width=&#8221;100%&#8221; max_width=&#8221;100%&#8221; custom_margin=&#8221;|-58px||||&#8221; custom_padding=&#8221;|0px||||&#8221; global_colors_info=&#8221;{}&#8221;]<\/p>\n<p><strong>\u00d6ffnungszeiten des Pr\u00fcfungsb\u00fcros:<\/strong><\/p>\n<p>E h\u00ebn\u00eb \u2013 E enjte<br \/>09:00 \u2013 12:00<br \/>13:00 \u2013 16:00<\/p>\n<p>Tel:\u00a0 <span>\u00a0<\/span><a href=\"tel:0038338224909\">+ 383 (0) 38 224 909<\/a><\/p>\n<p>\u00a0 \u00a0 \u00a0 \u00a0 \u00a0<span>\u00a0<\/span><a href=\"tel:0038345322052\">+ 383 (0) 45 322 052<\/a><\/p>\n<p>E-Mail: info.pruefungen@goethe-ks.org<\/p>\n<p>[\/et_pb_text][\/et_pb_column][et_pb_column type=&#8221;1_4&#8243; _builder_version=&#8221;4.16&#8243; _module_preset=&#8221;default&#8221; global_colors_info=&#8221;{}&#8221;][et_pb_social_media_follow icon_color=&#8221;#FFFFFF&#8221; _builder_version=&#8221;4.20.4&#8243; _module_preset=&#8221;default&#8221; global_colors_info=&#8221;{}&#8221;][et_pb_social_media_follow_network social_network=&#8221;facebook&#8221; url=&#8221;https:\/\/www.facebook.com\/goethezentrumprishtina&#8221; _builder_version=&#8221;4.20.4&#8243; _module_preset=&#8221;default&#8221; background_color=&#8221;#3b5998&#8243; global_colors_info=&#8221;{}&#8221; follow_button=&#8221;off&#8221; url_new_window=&#8221;on&#8221;]facebook[\/et_pb_social_media_follow_network][et_pb_social_media_follow_network social_network=&#8221;instagram&#8221; url=&#8221;https:\/\/www.instagram.com\/explore\/locations\/345190440\/goethe-zentrum-prishtina\/?hl=en&#8221; _builder_version=&#8221;4.20.4&#8243; _module_preset=&#8221;default&#8221; background_color=&#8221;#ea2c59&#8243; global_colors_info=&#8221;{}&#8221; follow_button=&#8221;off&#8221; url_new_window=&#8221;on&#8221;]instagram[\/et_pb_social_media_follow_network][\/et_pb_social_media_follow][et_pb_text _builder_version=&#8221;4.20.4&#8243; _module_preset=&#8221;default&#8221; global_colors_info=&#8221;{}&#8221;]<\/p>\n<p><img loading=\"lazy\" decoding=\"async\" src=\"https:\/\/goethe-ks.org\/wp-content\/uploads\/2021\/06\/goethe.png\" width=\"72\" height=\"72\" \/>\u00a0 \u00a0 <img loading=\"lazy\" decoding=\"async\" src=\"https:\/\/www.zhaw.ch\/storage\/_processed_\/1\/a\/csm_Logo_Goethe_6bc46f650b.webp\" alt=\"Pr\u00fcfungszentrum Goethe-Institut | ZHAW Institute of Language Competence ILC\" width=\"94\" height=\"69\" \/><\/p>\n<p>[\/et_pb_text][\/et_pb_column][\/et_pb_row][\/et_pb_section]<\/p>","protected":false},"excerpt":{"rendered":"<p>KURSET E GJUH\u00cbS &nbsp; Kurset tona gjuh\u00ebsore ofrojn\u00eb mundesi t\u00eb shk\u00eblqyer p\u00ebr t\u00eb p\u00ebrmir\u00ebsuar n\u00eb m\u00ebnyr\u00eb sa m\u00eb efikase njohurit\u00eb tuaja t\u00eb gjuh\u00ebs n\u00eb nj\u00eb orar t\u00eb p\u00ebrshtatsh\u00ebm p\u00ebr ju, sipas metodave m\u00eb moderne, n\u00eb hap\u00ebsirat e pajisura me teknologjin\u00eb m\u00eb t\u00eb re (smartboard) dhe n\u00eb nj\u00eb atmosfer\u00eb t\u00eb k\u00ebndshme. Fal\u00eb metodikave komunikative ju do [&hellip;]<\/p>","protected":false},"author":1,"featured_media":0,"parent":0,"menu_order":0,"comment_status":"closed","ping_status":"closed","template":"","meta":{"_et_pb_use_builder":"on","_et_pb_old_content":"<!-- wp:divi\/placeholder \/-->","_et_gb_content_width":"","footnotes":""},"class_list":["post-70","page","type-page","status-publish","hentry"],"_links":{"self":[{"href":"https:\/\/goethe-ks.org\/newrelease\/de\/wp-json\/wp\/v2\/pages\/70","targetHints":{"allow":["GET"]}}],"collection":[{"href":"https:\/\/goethe-ks.org\/newrelease\/de\/wp-json\/wp\/v2\/pages"}],"about":[{"href":"https:\/\/goethe-ks.org\/newrelease\/de\/wp-json\/wp\/v2\/types\/page"}],"author":[{"embeddable":true,"href":"https:\/\/goethe-ks.org\/newrelease\/de\/wp-json\/wp\/v2\/users\/1"}],"replies":[{"embeddable":true,"href":"https:\/\/goethe-ks.org\/newrelease\/de\/wp-json\/wp\/v2\/comments?post=70"}],"version-history":[{"count":43,"href":"https:\/\/goethe-ks.org\/newrelease\/de\/wp-json\/wp\/v2\/pages\/70\/revisions"}],"predecessor-version":[{"id":1578,"href":"https:\/\/goethe-ks.org\/newrelease\/de\/wp-json\/wp\/v2\/pages\/70\/revisions\/1578"}],"wp:attachment":[{"href":"https:\/\/goethe-ks.org\/newrelease\/de\/wp-json\/wp\/v2\/media?parent=70"}],"curies":[{"name":"wp","href":"https:\/\/api.w.org\/{rel}","templated":true}]}}