{"id":382,"date":"2023-03-05T22:05:44","date_gmt":"2023-03-05T22:05:44","guid":{"rendered":"https:\/\/goethe-ks.org\/newrelease\/?page_id=382"},"modified":"2023-03-07T08:48:56","modified_gmt":"2023-03-07T08:48:56","slug":"kariera","status":"publish","type":"page","link":"https:\/\/goethe-ks.org\/newrelease\/de\/kariera\/","title":{"rendered":"Stafi #2"},"content":{"rendered":"<p>[et_pb_section fb_built=&#8221;1&#8243; _builder_version=&#8221;4.14.7&#8243; _module_preset=&#8221;default&#8221; background_color=&#8221;#f8f8f6&#8243; custom_padding=&#8221;0px||5px|||&#8221; global_colors_info=&#8221;{}&#8221;][et_pb_row disabled_on=&#8221;on|off|off&#8221; _builder_version=&#8221;4.14.7&#8243; _module_preset=&#8221;default&#8221; global_module=&#8221;65&#8243; saved_tabs=&#8221;all&#8221; global_colors_info=&#8221;{}&#8221;][et_pb_column type=&#8221;4_4&#8243; _builder_version=&#8221;4.14.7&#8243; _module_preset=&#8221;default&#8221; global_colors_info=&#8221;{}&#8221;][et_pb_menu menu_id=&#8221;none&#8221; menu_style=&#8221;centered&#8221; submenu_direction=&#8221;downwards&#8221; disabled_on=&#8221;on|off|off&#8221; _builder_version=&#8221;4.14.7&#8243; _module_preset=&#8221;default&#8221; menu_font=&#8221;Manrope|700|||||||&#8221; menu_font_size=&#8221;18px&#8221; background_color=&#8221;#f8f8f6&#8243; global_colors_info=&#8221;{}&#8221;][\/et_pb_menu][\/et_pb_column][\/et_pb_row][\/et_pb_section][et_pb_section fb_built=&#8221;1&#8243; fullwidth=&#8221;on&#8221; _builder_version=&#8221;4.14.7&#8243; _module_preset=&#8221;default&#8221; global_colors_info=&#8221;{}&#8221;][et_pb_fullwidth_image src=&#8221;https:\/\/goethe-ks.org\/newrelease\/wp-content\/uploads\/2022\/11\/passage-library-bookcases-1-2.png&#8221; title_text=&#8221;passage-library-bookcases (1) (2)&#8221; _builder_version=&#8221;4.14.7&#8243; _module_preset=&#8221;default&#8221; global_colors_info=&#8221;{}&#8221;][\/et_pb_fullwidth_image][\/et_pb_section][et_pb_section fb_built=&#8221;1&#8243; _builder_version=&#8221;4.14.7&#8243; _module_preset=&#8221;default&#8221; background_color=&#8221;#f8f8f6&#8243; global_colors_info=&#8221;{}&#8221;][et_pb_row column_structure=&#8221;2_5,3_5&#8243; _builder_version=&#8221;4.14.7&#8243; _module_preset=&#8221;default&#8221; global_colors_info=&#8221;{}&#8221;][et_pb_column type=&#8221;2_5&#8243; _builder_version=&#8221;4.14.7&#8243; _module_preset=&#8221;default&#8221; global_colors_info=&#8221;{}&#8221;][et_pb_button button_text=&#8221;Kariera&#8221; button_alignment=&#8221;left&#8221; module_class=&#8221;stafi-button&#8221; _builder_version=&#8221;4.14.7&#8243; _module_preset=&#8221;default&#8221; custom_button=&#8221;on&#8221; button_text_color=&#8221;#a0c814&#8243; button_bg_color=&#8221;#FFFFFF&#8221; button_border_color=&#8221;RGBA(255,255,255,0)&#8221; button_font=&#8221;|700|||||||&#8221; custom_margin=&#8221;||14px|||&#8221; global_colors_info=&#8221;{}&#8221;][\/et_pb_button][et_pb_button button_url=&#8221;https:\/\/goethe-ks.org\/newrelease\/rreth-nesh\/&#8221; button_text=&#8221;Rreth nesh&#8221; button_alignment=&#8221;left&#8221; module_class=&#8221;rreth-nesh-button&#8221; _builder_version=&#8221;4.14.7&#8243; _module_preset=&#8221;default&#8221; custom_button=&#8221;on&#8221; button_text_color=&#8221;#FFFFFF&#8221; button_bg_color=&#8221;#a0c814&#8243; button_border_color=&#8221;RGBA(255,255,255,0)&#8221; button_font=&#8221;||||||||&#8221; custom_margin=&#8221;||14px|||&#8221; global_colors_info=&#8221;{}&#8221;][\/et_pb_button][et_pb_button button_url=&#8221;https:\/\/goethe-ks.org\/newrelease\/stafi&#8221; button_text=&#8221;Stafi&#8221; button_alignment=&#8221;left&#8221; module_class=&#8221;rreth-nesh-button&#8221; _builder_version=&#8221;4.14.7&#8243; _module_preset=&#8221;default&#8221; custom_button=&#8221;on&#8221; button_text_color=&#8221;#FFFFFF&#8221; button_bg_color=&#8221;#a0c814&#8243; button_border_color=&#8221;RGBA(255,255,255,0)&#8221; button_font=&#8221;||||||||&#8221; custom_margin=&#8221;||14px|||&#8221; hover_enabled=&#8221;0&#8243; global_colors_info=&#8221;{}&#8221; sticky_enabled=&#8221;0&#8243;][\/et_pb_button][\/et_pb_column][et_pb_column type=&#8221;3_5&#8243; _builder_version=&#8221;4.14.7&#8243; _module_preset=&#8221;default&#8221; global_colors_info=&#8221;{}&#8221;][et_pb_toggle title=&#8221;Nuk ka ndonj\u00eb pozit\u00eb t\u00eb hapur p\u00ebr momentin&#8221; module_id=&#8221;stafi-toggle&#8221; _builder_version=&#8221;4.14.7&#8243; _module_preset=&#8221;default&#8221; custom_margin=&#8221;|||-97px||&#8221; global_colors_info=&#8221;{}&#8221;][\/et_pb_toggle][\/et_pb_column][\/et_pb_row][\/et_pb_section][et_pb_section fb_built=&#8221;1&#8243; _builder_version=&#8221;4.14.7&#8243; _module_preset=&#8221;default&#8221; background_color=&#8221;#707070&#8243; global_module=&#8221;67&#8243; saved_tabs=&#8221;all&#8221; global_colors_info=&#8221;{}&#8221;][et_pb_row column_structure=&#8221;1_4,1_4,1_4,1_4&#8243; _builder_version=&#8221;4.14.7&#8243; _module_preset=&#8221;default&#8221; width=&#8221;85%&#8221; max_width=&#8221;1263px&#8221; global_colors_info=&#8221;{}&#8221;][et_pb_column type=&#8221;1_4&#8243; _builder_version=&#8221;4.14.7&#8243; _module_preset=&#8221;default&#8221; global_colors_info=&#8221;{}&#8221;][et_pb_text module_class=&#8221;footer_kurset&#8221; _builder_version=&#8221;4.14.7&#8243; _module_preset=&#8221;default&#8221; text_font=&#8221;Manrope||||||||&#8221; text_text_color=&#8221;#FFFFFF&#8221; text_line_height=&#8221;2.3em&#8221; global_colors_info=&#8221;{}&#8221;]<\/p>\n<p><strong>Kontakt<\/strong><\/p>\n<p>Mujo Ulqinaku 19-21<br \/>10000 Prishtin\u00eb<\/p>\n<p>Allgemeine \u00d6ffnungszeiten (Rezeption):<\/p>\n<p>Montag - Freitag<\/p>\n<p>09:30 \u2013 12:00<br \/>13:00 \u2013 17:30<\/p>\n<p>Tel.: + 383 (0) 38 224 909<\/p>\n<p>E-Mail: info@goethe-ks.org<\/p>\n<p>[\/et_pb_text][\/et_pb_column][et_pb_column type=&#8221;1_4&#8243; _builder_version=&#8221;4.14.7&#8243; _module_preset=&#8221;default&#8221; global_colors_info=&#8221;{}&#8221;][et_pb_text module_class=&#8221;footer_kurset&#8221; _builder_version=&#8221;4.14.7&#8243; _module_preset=&#8221;default&#8221; text_font=&#8221;Manrope||||||||&#8221; text_text_color=&#8221;#FFFFFF&#8221; text_line_height=&#8221;2.3em&#8221; global_colors_info=&#8221;{}&#8221;]<\/p>\n<p><strong>\u00d6ffnungszeiten des Sprachkursb\u00fcros:<\/strong><\/p>\n<p><strong><\/strong><\/p>\n<p>Montag - Freitag<\/p>\n<p>09:00 \u2013 12:00<br \/>13:00 \u2013 16:00<\/p>\n<p>Tel.: + 383 (0) 38 220 136<br \/>Mob.: + 383 (0) 45 284 993<br \/>E-Mail: info@goethe-ks.org<\/p>\n<p>[\/et_pb_text][\/et_pb_column][et_pb_column type=&#8221;1_4&#8243; _builder_version=&#8221;4.14.7&#8243; _module_preset=&#8221;default&#8221; global_colors_info=&#8221;{}&#8221;][et_pb_text module_class=&#8221;footer_kurset&#8221; _builder_version=&#8221;4.14.7&#8243; _module_preset=&#8221;default&#8221; text_font=&#8221;Manrope||||||||&#8221; text_text_color=&#8221;#FFFFFF&#8221; text_line_height=&#8221;2.3em&#8221; width=&#8221;100%&#8221; max_width=&#8221;100%&#8221; custom_margin=&#8221;|-58px||||&#8221; custom_padding=&#8221;|0px||||&#8221; global_colors_info=&#8221;{}&#8221;]<\/p>\n<p><strong>\u00d6ffnungszeiten des Pr\u00fcfungsb\u00fcros:<\/strong><\/p>\n<p>Montag - Freitag<br \/>09:00 \u2013 12:00<br \/>13:00 \u2013 16:00<\/p>\n<p>Tel.: + 383 (0) 38 224 909<br \/>E-Mail: info.pruefungen@goethe-ks.org<\/p>\n<p>[\/et_pb_text][\/et_pb_column][et_pb_column type=&#8221;1_4&#8243; _builder_version=&#8221;4.14.7&#8243; _module_preset=&#8221;default&#8221; global_colors_info=&#8221;{}&#8221;][et_pb_social_media_follow icon_color=&#8221;#FFFFFF&#8221; _builder_version=&#8221;4.14.7&#8243; _module_preset=&#8221;default&#8221; global_colors_info=&#8221;{}&#8221;][et_pb_social_media_follow_network social_network=&#8221;facebook&#8221; _builder_version=&#8221;4.14.7&#8243; _module_preset=&#8221;default&#8221; background_color=&#8221;#3b5998&#8243; global_colors_info=&#8221;{}&#8221; follow_button=&#8221;off&#8221; url_new_window=&#8221;on&#8221;]facebook[\/et_pb_social_media_follow_network][et_pb_social_media_follow_network social_network=&#8221;instagram&#8221; _builder_version=&#8221;4.14.7&#8243; _module_preset=&#8221;default&#8221; background_color=&#8221;#ea2c59&#8243; global_colors_info=&#8221;{}&#8221; follow_button=&#8221;off&#8221; url_new_window=&#8221;on&#8221;]instagram[\/et_pb_social_media_follow_network][\/et_pb_social_media_follow][et_pb_text _builder_version=&#8221;4.14.7&#8243; _module_preset=&#8221;default&#8221; global_colors_info=&#8221;{}&#8221;]<\/p>\n<p><img loading=\"lazy\" decoding=\"async\" src=\"https:\/\/goethe-ks.org\/wp-content\/uploads\/2021\/06\/goethe.png\" width=\"72\" height=\"72\" \/>\u00a0 \u00a0 <img loading=\"lazy\" decoding=\"async\" src=\"https:\/\/www.zhaw.ch\/storage\/_processed_\/1\/a\/csm_Logo_Goethe_6b145eb860.jpg\" width=\"96\" height=\"71\" \/><\/p>\n<p>[\/et_pb_text][\/et_pb_column][\/et_pb_row][\/et_pb_section]<\/p>","protected":false},"excerpt":{"rendered":"<p>Kontakti: Mujo Ulqinaku 19-2110000 Prishtin\u00eb Oraret e p\u00ebrgjithshme t\u00eb pun\u00ebs (recepsioni) E h\u00ebn\u00eb \u2013 E Premte 09:30 \u2013 12:0013:00 \u2013 17:30 Tel.: + 383 (0) 38 224 909 E-Mail: info@goethe-ks.orgOrari i konsultimeve p\u00ebr kurse: E h\u00ebn\u00eb \u2013 E Premte 09:00 \u2013 12:0013:00 \u2013 16:00 Tel.: + 383 (0) 38 220 136Mob.: + 383 (0) 45 [&hellip;]<\/p>","protected":false},"author":1,"featured_media":0,"parent":0,"menu_order":0,"comment_status":"closed","ping_status":"closed","template":"","meta":{"_et_pb_use_builder":"on","_et_pb_old_content":"[et_pb_section fb_built=\"1\" _builder_version=\"4.14.7\" _module_preset=\"default\" background_color=\"#f8f8f6\" custom_padding=\"0px||5px|||\" global_colors_info=\"{}\"][et_pb_row disabled_on=\"off|off|off\" _builder_version=\"4.14.7\" _module_preset=\"default\" global_module=\"65\" saved_tabs=\"all\" global_colors_info=\"{}\"][et_pb_column type=\"4_4\" _builder_version=\"4.14.7\" _module_preset=\"default\" global_colors_info=\"{}\"][et_pb_menu menu_id=\"none\" menu_style=\"centered\" submenu_direction=\"downwards\" _builder_version=\"4.14.7\" _module_preset=\"default\" menu_font=\"Manrope|700|||||||\" menu_font_size=\"18px\" background_color=\"#f8f8f6\" global_colors_info=\"{}\"][\/et_pb_menu][\/et_pb_column][\/et_pb_row][\/et_pb_section][et_pb_section fb_built=\"1\" fullwidth=\"on\" _builder_version=\"4.14.7\" _module_preset=\"default\" global_colors_info=\"{}\"][et_pb_fullwidth_image src=\"https:\/\/goethe-ks.org\/newrelease\/wp-content\/uploads\/2022\/11\/passage-library-bookcases-1-2.png\" title_text=\"passage-library-bookcases (1) (2)\" _builder_version=\"4.14.7\" _module_preset=\"default\" global_colors_info=\"{}\"][\/et_pb_fullwidth_image][\/et_pb_section][et_pb_section fb_built=\"1\" _builder_version=\"4.14.7\" _module_preset=\"default\" background_color=\"#f8f8f6\" global_colors_info=\"{}\"][et_pb_row column_structure=\"2_5,3_5\" _builder_version=\"4.14.7\" _module_preset=\"default\" global_colors_info=\"{}\"][et_pb_column type=\"2_5\" _builder_version=\"4.14.7\" _module_preset=\"default\" global_colors_info=\"{}\"][et_pb_button button_url=\"https:\/\/goethe-ks.org\/newrelease\/rreth-nesh\/\" button_text=\"Rreth nesh\" button_alignment=\"left\" module_class=\"rreth-nesh-button\" _builder_version=\"4.14.7\" _module_preset=\"default\" custom_button=\"on\" button_text_color=\"#FFFFFF\" button_bg_color=\"#a0c814\" button_border_color=\"RGBA(255,255,255,0)\" button_font=\"||||||||\" custom_margin=\"||14px|||\" global_colors_info=\"{}\"][\/et_pb_button][et_pb_button button_text=\"Stafi\" button_alignment=\"left\" module_class=\"stafi-button\" _builder_version=\"4.14.7\" _module_preset=\"default\" custom_button=\"on\" button_text_color=\"#a0c814\" button_bg_color=\"#FFFFFF\" button_border_color=\"RGBA(255,255,255,0)\" button_font=\"|700|||||||\" custom_margin=\"||14px|||\" global_colors_info=\"{}\"][\/et_pb_button][\/et_pb_column][et_pb_column type=\"3_5\" _builder_version=\"4.14.7\" _module_preset=\"default\" global_colors_info=\"{}\"][et_pb_toggle title=\"Drejtoria\" module_id=\"stafi-toggle\" _builder_version=\"4.14.7\" _module_preset=\"default\" custom_margin=\"|||-97px||\" global_colors_info=\"{}\"]\n<h4 class=\"et_pb_module_header\">Nertila Furriku<\/h4>\n<p class=\"et_pb_member_position\">Drejtoresh\u00eb<\/p>\n\n<div>\n\n<a href=\"https:\/\/goethe-ks.org\/punonjesit\/+38338220721\">\ud83d\udcde+383 (0) 38 220 721<\/a>\n\n<strong>\ud83d\udce7 <\/strong><a href=\"mailto:nertila.furriku@goethe-ks.org\">nertila.furriku@goethe-ks.org<\/a>\n\n<\/div>\n<div><\/div>\n[\/et_pb_toggle][et_pb_toggle title=\"Administrata dhe financat \" module_id=\"stafi-toggle\" _builder_version=\"4.14.7\" _module_preset=\"default\" custom_margin=\"|||-97px||\" hover_enabled=\"0\" global_colors_info=\"{}\" sticky_enabled=\"0\"]\n<h4 class=\"et_pb_module_header\">Edona Hyseni<\/h4>\nUdh\u00ebheq\u00ebse e financave dhe administrates\n<div>\n\n<a href=\"https:\/\/goethe-ks.org\/punonjesit\/+383%20(0)%2038%20220%20134\">\ud83d\udcde+383 (0) 38 220 134<\/a>\n\n\ud83d\udce7\u00a0<a href=\"mailto:edona.hyseni@goethe-ks.org\">edona.hyseni@goethe-ks.org<\/a>\n<h4 class=\"et_pb_module_header\">Ramiz Cakolli<\/h4>\n<p class=\"et_pb_member_position\">Administrim dhe Financa<\/p>\n\n<div>\n\n<a href=\"https:\/\/goethe-ks.org\/punonjesit\/+383%20(0)%2038%20220%20134\">\ud83d\udcde+383 (0) 38 220 134<\/a>\n\n\ud83d\udce7\u00a0<a href=\"mailto:ramiz.cakolli@goethe-ks.org\" rel=\"noreferrer\">ramiz.cakolli@goethe-ks.org<\/a>\n\n<\/div>\n<\/div>\n[\/et_pb_toggle][et_pb_toggle title=\"Kurset e gjuh\u00ebs gjermane \" module_id=\"stafi-toggle\" _builder_version=\"4.14.7\" _module_preset=\"default\" custom_margin=\"|||-97px||\" global_colors_info=\"{}\"]\n<h4 class=\"et_pb_module_header\">Adelina Dushica Alaj<\/h4>\nReferente p\u00ebr kurset e gjuh\u00ebs\n<div>\n\n<a href=\"tel:0038338220136\">\ud83d\udcde+ 383 (0) 38 220 136<\/a>\n\n<a href=\"mailto:adelina.dushica-alaj@goethe-ks.org\">\ud83d\udce7adelina.dushica-alaj@goethe-ks.org\u00a0<\/a>\n<div>\n<h4 class=\"et_pb_module_header\">Merita Krasniqi<\/h4>\nReferente p\u00ebr kurset e gjuh\u00ebs\n<div>\n\n<a href=\"tel:0038338220136\">\ud83d\udcde+ 383 (0) 38 220 136<\/a>\n\n<a href=\"mailto:merita.krasniqi@goethe-ks.org\">\ud83d\udce7 merita.krasniqi@goethe-ks.org<\/a>\n\n<\/div>\n<\/div>\n<\/div>\n[\/et_pb_toggle][et_pb_toggle title=\"Provimet e gjuh\u00ebs gjermane \" module_id=\"stafi-toggle\" _builder_version=\"4.14.7\" _module_preset=\"default\" custom_margin=\"|||-97px||\" global_colors_info=\"{}\"]\n<h4 class=\"et_pb_module_header\">Samire Mehmeti<\/h4>\nE ngarkuara p\u00ebr provime t\u00eb Institutit Goethe\n\nE ngarkuara p\u00ebr provime t\u00eb Institutit TestDaF\n<div>\n\n<a href=\"tel:0038338220135\">\ud83d\udcde+ 383 (0) 38 220 135<\/a>\n\n<a href=\"mailto:samire.mehmeti@goethe-ks.org\">\ud83d\udce7 samire.mehmeti@goethe-ks.org<\/a>\n<div>\n<h4 class=\"et_pb_module_header\">Furtuna Ku\u00e7i<\/h4>\nReferente p\u00ebr provime\n<div>\n\n<a href=\"tel:0038338224909\">\ud83d\udcde+ 383 (0) 38 224 909<\/a>\n\n<a href=\"mailto:furtuna.kuci@goethe-ks.org\">\ud83d\udce7 furtuna.kuci@goethe-ks.org<\/a>\n\n<\/div>\n<div><\/div>\n<div><\/div>\n<div>\n<h4 class=\"et_pb_module_header\">Burim Dervishaj<\/h4>\nReferent p\u00ebr provime\n<div>\n\n<a href=\"tel:0038338224909\">\ud83d\udcde+ 383 (0) 38 224 909<\/a>\n\n<a href=\"mailto:burim.dervishaj@goethe-ks.org\">\ud83d\udce7burim.dervishaj@goethe-ks.org<\/a>\n\n<\/div>\n<\/div>\n<\/div>\n<\/div>\n<div>\n<div>\n<div>\n<div>\n<div>\n<div>\n<div><\/div>\n<\/div>\n<\/div>\n<\/div>\n<\/div>\n<\/div>\n<\/div>\n[\/et_pb_toggle][et_pb_toggle title=\"M\u00ebsimdh\u00ebn\u00ebset\/it\" module_id=\"stafi-toggle\" _builder_version=\"4.14.7\" _module_preset=\"default\" custom_margin=\"|||-97px||\" global_colors_info=\"{}\"]\n<h4 class=\"et_pb_module_header\">Doruntina Bajraktari Rrustemi<\/h4>\nM\u00ebsimdh\u00ebn\u00ebse\n<div>\n\n<a href=\"mailto:doruntina.bajraktari@goethe-ks.org\">\ud83d\udce7doruntina.bajraktari@goethe-ks.org<\/a>\n<div>\n<h4 class=\"et_pb_module_header\">Blerina Dreshaj<\/h4>\nM\u00ebsimdh\u00ebn\u00ebse\n<div>\n\n<a href=\"mailto:blerina.dreshaj@goethe-ks.org\">\ud83d\udce7blerina.dreshaj@goethe-ks.org<\/a>\n<div>\n<h4 class=\"et_pb_module_header\">Arijeta Zeqa<\/h4>\nM\u00ebsimdh\u00ebn\u00ebse\n<div>\n\n<a href=\"mailto:arijeta.hetemi-zeqa@goethe-ks.org\">\ud83d\udce7arijeta.hetemi-zeqa@goethe-ks.org<\/a>\n<div>\n<h4 class=\"et_pb_module_header\">Adelina Shala Bytyqi<\/h4>\nM\u00ebsimdh\u00ebn\u00ebse\n<div>\n\n<a href=\"mailto:adelina.shala-bytyci@goethe-ks.org\">\ud83d\udce7adelina.shala-bytyci@goethe-ks.org<\/a>\n<div>\n<h4 class=\"et_pb_module_header\">Fjolla Veliji<\/h4>\nM\u00ebsimdh\u00ebn\u00ebse\n<div>\n\n<a href=\"mailto:fjolla.begu@goethe-ks.org\">\ud83d\udce7fjolla.begu@goethe-ks.org<\/a>\n<div>\n<h4 class=\"et_pb_module_header\">Vjosa Vula<\/h4>\nM\u00ebsimdh\u00ebn\u00ebse\n<div>\n\n<a href=\"mailto:vjosa.vula@goethe-ks.org\">\ud83d\udce7vjosa.vula@goethe-ks.org<\/a>\n<div>\n<h4 class=\"et_pb_module_header\">Vlora Dragusha-Tahiri<\/h4>\nM\u00ebsimdh\u00ebn\u00ebse\n<div>\n\n<a href=\"mailto:vlora.dragusha@goethe-ks.org\">\ud83d\udce7vlora.dragusha@goethe-ks.org<\/a>\n<div>\n<h4 class=\"et_pb_module_header\">Zana Qena<\/h4>\nM\u00ebsimdh\u00ebn\u00ebse\n<div>\n\n<a href=\"mailto:zana.qena@goethe-ks.org\">\ud83d\udce7zana.qena@goethe-ks.org<\/a>\n<div>\n<h4 class=\"et_pb_module_header\">Mimoza Uka<\/h4>\nM\u00ebsimdh\u00ebn\u00ebse\n<div>\n\n<a href=\"mailto:mimoza.uka@goethe-ks.org\">\ud83d\udce7mimoza.uka@goethe-ks.org<\/a>\n<div>\n<h4 class=\"et_pb_module_header\">Albina Rexhepi<\/h4>\nM\u00ebsimdh\u00ebn\u00ebse\n<div>\n\n<a href=\"mailto:albina.rexhepi@goethe-ks.org\">\ud83d\udce7albina.rexhepi@goethe-ks.org<\/a>\n<div>\n<h4 class=\"et_pb_module_header\">Vezire Krasniqi<\/h4>\nM\u00ebsimdh\u00ebn\u00ebse\n<div>\n\n\ud83d\udce7 <a href=\"mailto:vezire.krasniqi@goethe-ks.org\">vezire.krasniqi@goethe-ks.org<\/a>\n<div>\n<h4 class=\"et_pb_module_header\">Albina Tullari<\/h4>\nM\u00ebsimdh\u00ebn\u00ebse\n<div>\n\n<a href=\"mailto:albina.tullari@goethe-ks.org\">\ud83d\udce7albina.tullari@goethe-ks.org<\/a>\n<div>\n<h4 class=\"et_pb_module_header\">Armelinda K\u00ebpuska<\/h4>\nM\u00ebsimdh\u00ebn\u00ebse\n<div>\n\n<a href=\"mailto:armelinda.kepuska@goethe-ks.org\">\ud83d\udce7armelinda.kepuska@goethe-ks.org<\/a>\n<div>\n<div>\n\n<\/div>\n<\/div>\n<\/div>\n<h4 class=\"et_pb_module_header\">Kaltrina Beqiri<\/h4>\nM\u00ebsimdh\u00ebn\u00ebse\n<div>\n\n<a href=\"mailto:kaltrina.beqiri@goethe-ks.org\">\ud83d\udce7kaltrina.beqiri@goethe-ks.org<\/a>\n<div>\n<div>\n\n<\/div>\n<\/div>\n<\/div>\n<h4 class=\"et_pb_module_header\">Besjana Ajvazi Avdiu<\/h4>\nM\u00ebsimdh\u00ebn\u00ebse\n<div>\n\n<a href=\"mailto:besijana.ajvazi-avdiu@goethe-ks.org\">\ud83d\udce7besijana.ajvazi-avdiu@goethe-ks.org\u00a0<\/a>\n<div>\n<div>\n\n<\/div>\n<\/div>\n<\/div>\n<h4 class=\"et_pb_module_header\">Donika Hoxha<\/h4>\nM\u00ebsimdh\u00ebn\u00ebse\n<div>\n\n<a href=\"mailto:donika.hoxha@goethe-ks.org\">\ud83d\udce7donika.hoxha@goethe-ks.org<\/a>\n\n<\/div>\n<\/div>\n<\/div>\n<\/div>\n<\/div>\n<\/div>\n<\/div>\n<\/div>\n<\/div>\n<\/div>\n<\/div>\n<\/div>\n<\/div>\n<\/div>\n<\/div>\n<\/div>\n<\/div>\n<\/div>\n<\/div>\n<\/div>\n<\/div>\n<\/div>\n<\/div>\n<\/div>\n<\/div>\n[\/et_pb_toggle][et_pb_toggle title=\"Personeli Teknik\" module_id=\"stafi-toggle\" _builder_version=\"4.14.7\" _module_preset=\"default\" custom_margin=\"|||-97px||\" global_colors_info=\"{}\"]\n<h4 class=\"et_pb_module_header\">Rrahman Drenica<\/h4>\nIT dhe teknik\u00eb\n<div>\n\n<a href=\"mailto:it@goethe-ks.org\">\ud83d\udce7it@goethe-ks.org<\/a>\n<div>\n<h4 class=\"et_pb_module_header\">Halide Ajvazi<\/h4>\nMir\u00ebmbajt\u00ebse\n<div>\n\n<a href=\"mailto:gz.hajvazi@gmail.com\">\ud83d\udce7gz.hajvazi@gmail.com<\/a>\n<div>\n<h4 class=\"et_pb_module_header\">Dinore Sopjani<\/h4>\nMir\u00ebmbajt\u00ebse\n<div>\n\n<a href=\"mailto:gz.hajvazi@gmail.com\">\ud83d\udce7gz.hajvazi@gmail.com<\/a>\n<div>\n<h4 class=\"et_pb_module_header\">Mimoza Krasniqi<\/h4>\nMir\u00ebmbajt\u00ebse\n<div>\n\n<a href=\"mailto:gz.hajvazi@gmail.com\">\ud83d\udce7gz.hajvazi@gmail.com<\/a>\n\n<\/div>\n<\/div>\n<\/div>\n<\/div>\n<\/div>\n<\/div>\n<\/div>\n[\/et_pb_toggle][\/et_pb_column][\/et_pb_row][\/et_pb_section][et_pb_section fb_built=\"1\" _builder_version=\"4.14.7\" _module_preset=\"default\" background_color=\"#707070\" global_module=\"67\" saved_tabs=\"all\" global_colors_info=\"{}\"][et_pb_row column_structure=\"1_4,1_4,1_4,1_4\" _builder_version=\"4.14.7\" _module_preset=\"default\" width=\"85%\" max_width=\"1263px\" global_colors_info=\"{}\"][et_pb_column type=\"1_4\" _builder_version=\"4.14.7\" _module_preset=\"default\" global_colors_info=\"{}\"][et_pb_text module_class=\"footer_kurset\" _builder_version=\"4.14.7\" _module_preset=\"default\" text_font=\"Manrope||||||||\" text_text_color=\"#FFFFFF\" text_line_height=\"2.3em\" global_colors_info=\"{}\"]\n\n<strong>Adresa:<\/strong>\n\nMujo Ulqinaku 19-21\n10000 Prishtin\u00eb\n\n<img src=\"https:\/\/goethe-ks.org\/wp-content\/uploads\/2021\/06\/goethe.png\" width=\"72\" height=\"72\" \/>\u00a0 \u00a0 <img src=\"https:\/\/www.zhaw.ch\/storage\/_processed_\/1\/a\/csm_Logo_Goethe_6b145eb860.jpg\" width=\"96\" height=\"71\" \/>\n\n[\/et_pb_text][\/et_pb_column][et_pb_column type=\"1_4\" _builder_version=\"4.14.7\" _module_preset=\"default\" global_colors_info=\"{}\"][et_pb_text module_class=\"footer_kurset\" _builder_version=\"4.14.7\" _module_preset=\"default\" text_font=\"Manrope||||||||\" text_text_color=\"#FFFFFF\" text_line_height=\"2.3em\" global_colors_info=\"{}\"]\n\n<strong>Orari i konsultimeve p\u00ebr kurse:<\/strong>\n\nE h\u00ebn\u00eb \u2013 E Premte\n\n09:00 \u2013 12:00\n13:00 \u2013 16:00\n\nTel.: + 383 (0) 38 220 136\nMob.: + 383 (0) 45 284 993\nE-Mail: info@goethe-ks.org\n\n[\/et_pb_text][\/et_pb_column][et_pb_column type=\"1_4\" _builder_version=\"4.14.7\" _module_preset=\"default\" global_colors_info=\"{}\"][et_pb_text module_class=\"footer_kurset\" _builder_version=\"4.14.7\" _module_preset=\"default\" text_font=\"Manrope||||||||\" text_text_color=\"#FFFFFF\" text_line_height=\"2.3em\" width=\"100%\" max_width=\"100%\" custom_margin=\"|-58px||||\" custom_padding=\"|0px||||\" global_colors_info=\"{}\"]\n\n<strong>Orari i konsultimeve p\u00ebr provimet e Institutit Goethe:<\/strong>\n\nE h\u00ebn\u00eb \u2013 E Premte\n09:00 \u2013 12:00\n13:00 \u2013 16:00\n\nTel.: + 383 (0) 38 224 909\nE-Mail: info.pruefungen@goethe-ks.org\n\n[\/et_pb_text][\/et_pb_column][et_pb_column type=\"1_4\" _builder_version=\"4.14.7\" _module_preset=\"default\" global_colors_info=\"{}\"][et_pb_social_media_follow icon_color=\"#FFFFFF\" _builder_version=\"4.14.7\" _module_preset=\"default\" global_colors_info=\"{}\"][et_pb_social_media_follow_network social_network=\"facebook\" _builder_version=\"4.14.7\" _module_preset=\"default\" background_color=\"#3b5998\" global_colors_info=\"{}\" follow_button=\"off\" url_new_window=\"on\"]facebook[\/et_pb_social_media_follow_network][et_pb_social_media_follow_network social_network=\"instagram\" _builder_version=\"4.14.7\" _module_preset=\"default\" background_color=\"#ea2c59\" global_colors_info=\"{}\" follow_button=\"off\" url_new_window=\"on\"]instagram[\/et_pb_social_media_follow_network][\/et_pb_social_media_follow][\/et_pb_column][\/et_pb_row][\/et_pb_section]","_et_gb_content_width":"","footnotes":""},"class_list":["post-382","page","type-page","status-publish","hentry"],"_links":{"self":[{"href":"https:\/\/goethe-ks.org\/newrelease\/de\/wp-json\/wp\/v2\/pages\/382","targetHints":{"allow":["GET"]}}],"collection":[{"href":"https:\/\/goethe-ks.org\/newrelease\/de\/wp-json\/wp\/v2\/pages"}],"about":[{"href":"https:\/\/goethe-ks.org\/newrelease\/de\/wp-json\/wp\/v2\/types\/page"}],"author":[{"embeddable":true,"href":"https:\/\/goethe-ks.org\/newrelease\/de\/wp-json\/wp\/v2\/users\/1"}],"replies":[{"embeddable":true,"href":"https:\/\/goethe-ks.org\/newrelease\/de\/wp-json\/wp\/v2\/comments?post=382"}],"version-history":[{"count":4,"href":"https:\/\/goethe-ks.org\/newrelease\/de\/wp-json\/wp\/v2\/pages\/382\/revisions"}],"predecessor-version":[{"id":432,"href":"https:\/\/goethe-ks.org\/newrelease\/de\/wp-json\/wp\/v2\/pages\/382\/revisions\/432"}],"wp:attachment":[{"href":"https:\/\/goethe-ks.org\/newrelease\/de\/wp-json\/wp\/v2\/media?parent=382"}],"curies":[{"name":"wp","href":"https:\/\/api.w.org\/{rel}","templated":true}]}}