{"id":189,"date":"2022-11-08T00:28:39","date_gmt":"2022-11-08T00:28:39","guid":{"rendered":"https:\/\/goethe-ks.org\/newrelease\/?page_id=189"},"modified":"2023-03-07T11:08:37","modified_gmt":"2023-03-07T11:08:37","slug":"provimet-testdaf","status":"publish","type":"page","link":"https:\/\/goethe-ks.org\/newrelease\/de\/provimet-testdaf\/","title":{"rendered":"PROVIMET TestDaf"},"content":{"rendered":"<p>[et_pb_section fb_built=&#8221;1&#8243; _builder_version=&#8221;4.14.7&#8243; _module_preset=&#8221;default&#8221; background_color=&#8221;#f8f8f6&#8243; custom_padding=&#8221;0px||5px|||&#8221; global_colors_info=&#8221;{}&#8221;][et_pb_row disabled_on=&#8221;on|off|off&#8221; _builder_version=&#8221;4.14.7&#8243; _module_preset=&#8221;default&#8221; global_module=&#8221;65&#8243; saved_tabs=&#8221;all&#8221; global_colors_info=&#8221;{}&#8221;][et_pb_column type=&#8221;4_4&#8243; _builder_version=&#8221;4.14.7&#8243; _module_preset=&#8221;default&#8221; global_colors_info=&#8221;{}&#8221;][et_pb_menu menu_id=&#8221;none&#8221; menu_style=&#8221;centered&#8221; submenu_direction=&#8221;downwards&#8221; disabled_on=&#8221;on|off|off&#8221; _builder_version=&#8221;4.14.7&#8243; _module_preset=&#8221;default&#8221; menu_font=&#8221;Manrope|700|||||||&#8221; menu_font_size=&#8221;16px&#8221; background_color=&#8221;#f8f8f6&#8243; global_colors_info=&#8221;{}&#8221;][\/et_pb_menu][\/et_pb_column][\/et_pb_row][\/et_pb_section][et_pb_section fb_built=&#8221;1&#8243; _builder_version=&#8221;4.14.7&#8243; _module_preset=&#8221;default&#8221; background_color=&#8221;#007bb5&#8243; background_image=&#8221;https:\/\/goethe-ks.org\/newrelease\/wp-content\/uploads\/2022\/12\/back_02___.jpg&#8221; global_colors_info=&#8221;{}&#8221;][et_pb_row column_structure=&#8221;1_2,1_2&#8243; _builder_version=&#8221;4.14.7&#8243; _module_preset=&#8221;default&#8221; global_colors_info=&#8221;{}&#8221;][et_pb_column type=&#8221;1_2&#8243; _builder_version=&#8221;4.14.7&#8243; _module_preset=&#8221;default&#8221; global_colors_info=&#8221;{}&#8221;][et_pb_text _builder_version=&#8221;4.14.7&#8243; _module_preset=&#8221;default&#8221; background_color=&#8221;#FFFFFF&#8221; custom_padding=&#8221;60px|60px|60px|60px|false|false&#8221; global_colors_info=&#8221;{}&#8221;]<\/p>\n<p><strong>Der Test \u201eDeutsch als Fremdsprache\u201c<\/strong> - kurz: TestDaF \u2013 ist eine internationale Pr\u00fcfung f\u00fcr alle, die bereits \u00fcber gute Kenntnisse der deutschen Sprache verf\u00fcgen und diese testen m\u00f6chten.<\/p>\n<p>Wer an einer deutschen Universit\u00e4t oder Fachhochschule studieren m\u00f6chte, muss ausreichende Kenntnisse der deutschen Sprache nachweisen. Dieser Nachweis kann \u00fcber TestDaF erbracht werden. F\u00fcr die Anmeldung reicht in der Regel die vierte Stufe von TestDaF.<\/p>\n<p>[\/et_pb_text][\/et_pb_column][et_pb_column type=&#8221;1_2&#8243; _builder_version=&#8221;4.14.7&#8243; _module_preset=&#8221;default&#8221; global_colors_info=&#8221;{}&#8221;][et_pb_button button_url=&#8221;https:\/\/www.testdaf.de\/de\/teilnehmende\/mein-testdaf\/testdaf-termine-und-anmeldung\/&#8221; button_text=&#8221;Apliko p\u00ebr Provim&#8221; button_alignment=&#8221;center&#8221; _builder_version=&#8221;4.14.7&#8243; _module_preset=&#8221;default&#8221; custom_button=&#8221;on&#8221; button_text_color=&#8221;#007bb5&#8243; button_bg_color=&#8221;#FFFFFF&#8221; button_border_color=&#8221;RGBA(255,255,255,0)&#8221; button_font=&#8221;|600|||||||&#8221; custom_margin=&#8221;157px|||||&#8221; global_colors_info=&#8221;{}&#8221;][\/et_pb_button][\/et_pb_column][\/et_pb_row][\/et_pb_section][et_pb_section fb_built=&#8221;1&#8243; _builder_version=&#8221;4.14.7&#8243; _module_preset=&#8221;default&#8221; global_colors_info=&#8221;{}&#8221;][et_pb_row _builder_version=&#8221;4.14.7&#8243; _module_preset=&#8221;default&#8221; global_colors_info=&#8221;{}&#8221;][et_pb_column type=&#8221;4_4&#8243; _builder_version=&#8221;4.14.7&#8243; _module_preset=&#8221;default&#8221; global_colors_info=&#8221;{}&#8221;][et_pb_text _builder_version=&#8221;4.14.7&#8243; _module_preset=&#8221;default&#8221; hover_enabled=&#8221;0&#8243; global_colors_info=&#8221;{}&#8221; sticky_enabled=&#8221;0&#8243;]<\/p>\n<p>Sie m\u00f6chten in Deutschland studieren und Ihre Sprachkenntnisse nachweisen? Dann ist der TestDaF die richtige Pr\u00fcfung f\u00fcr Sie. Das TestDaF-Zertifikat wird von allen deutschen Hochschulen anerkannt. \u00dcberzeugen Sie Hochschulen, Forschungspartner und Arbeitgeber von Ihren Deutschkenntnissen.<\/p>\n<p>Die TestDaF-Pr\u00fcfung wird zentral nach den Standards des TestDaF-Instituts in Bochum\/ Deutschland entwickelt und ausgewertet. Alle Pr\u00fcfungsteilnehmer unterliegen den gleichen Aufgaben und Fragen.\nDie Pr\u00fcfungsleistung wird von Fachpersonal bewertet.<\/p>\n<p>Die Ergebnisse der vier Pr\u00fcfungsteile (Leseverstehen, H\u00f6rverstehen, schriftlicher und m\u00fcndlicher Ausdruck) werden jeweils nach diesen drei Noten (TDN) bewertet:<\/p>\n<p>TestDaF- TDN 3 (B2\/1- B2\/2)<br \/>TestDaF- TDN 4 (B2\/2- C1\/1)<br \/>TestDaF- TDN 5 (C1\/1- C1\/2)<\/p>\n<p>Die TestDaF TDN Bewertung entspricht dem Niveau des Gemeinsamen Europ\u00e4ischen Referenzrahmens f\u00fcr Sprachen des Europ\u00e4ischen Rates.<\/p>\n<p>Ausf\u00fchrliche Informationen zu den Pr\u00fcfungen finden Sie auf der Website des TestDaF-Instituts:<\/p>\n<p><a href=\"https:\/\/www.testdaf.de\/de\/\">https:\/\/www.testdaf.de\/de\/<\/a><\/p>\n<p>Sollten Sie weitere Fragen haben, wenden Sie sich per E-Mail an die Pr\u00fcfungsbeauftragte des Goethe Zentrum Prishtina.<\/p>\n<p><span>Weiterf\u00fchrende Links:<\/span><\/p>\n<p>&nbsp;<\/p>\n<ul>\n<li><a href=\"https:\/\/goethe-ks.org\/newrelease\/wp-content\/uploads\/2023\/03\/TestDaF-Pruefungsordnung.pdf\"><span>TestDaF Pr\u00fcfungsordnung<\/span><\/a><\/li>\n<li><a href=\"https:\/\/www.testdaf.de\/de\/teilnehmende\/mein-testdaf\/faq\/\"><span>FAQ zum TestDaF<\/span><\/a><\/li>\n<li><a href=\"https:\/\/www.testdaf.de\/de\/ueber-testdaf\/testdaf-ein-produkt-der-gast\/informationsmaterialien\/\"><span>Informationsmaterial<\/span><\/a><\/li>\n<li><a href=\"https:\/\/www.testdaf.de\/de\/teilnehmende\/der-papierbasierte-testdaf\/aufbau-des-papierbasierten-testdaf\/\"><span>Testaufbau des papierbasierten TestDaF<\/span><\/a><\/li>\n<li><a href=\"https:\/\/www.testdaf.de\/de\/teilnehmende\/der-papierbasierte-testdaf\/vorbereitung-auf-den-papierbasierten-testdaf\/\"><span>Pr\u00fcfungsvorbereitung<\/span><\/a>\u00a0<\/li>\n<li><a href=\"https:\/\/www.testdaf.de\/de\/teilnehmende\/der-papierbasierte-testdaf\/auswertung-des-papierbasierten-testdaf\"><span>Auswertung<\/span><\/a>\u00a0<\/li>\n<li><a href=\"https:\/\/www2.testdaf.de\/teilnehmer\/tn-vorbereitung_test.php?id=1\"><span>Fit f\u00fcr den TestDaF? Testen Sie sich<\/span><\/a><\/li>\n<\/ul>\n<p>[\/et_pb_text][\/et_pb_column][\/et_pb_row][\/et_pb_section][et_pb_section fb_built=&#8221;1&#8243; _builder_version=&#8221;4.14.7&#8243; _module_preset=&#8221;default&#8221; background_color=&#8221;#707070&#8243; global_module=&#8221;67&#8243; saved_tabs=&#8221;all&#8221; global_colors_info=&#8221;{}&#8221;][et_pb_row column_structure=&#8221;1_4,1_4,1_4,1_4&#8243; _builder_version=&#8221;4.14.7&#8243; _module_preset=&#8221;default&#8221; width=&#8221;85%&#8221; max_width=&#8221;1263px&#8221; global_colors_info=&#8221;{}&#8221;][et_pb_column type=&#8221;1_4&#8243; _builder_version=&#8221;4.14.7&#8243; _module_preset=&#8221;default&#8221; global_colors_info=&#8221;{}&#8221;][et_pb_text module_class=&#8221;footer_kurset&#8221; _builder_version=&#8221;4.14.7&#8243; _module_preset=&#8221;default&#8221; text_font=&#8221;Manrope||||||||&#8221; text_text_color=&#8221;#FFFFFF&#8221; text_line_height=&#8221;2.3em&#8221; global_colors_info=&#8221;{}&#8221;]<\/p>\n<p><strong>Kontakt<\/strong><\/p>\n<p>Mujo Ulqinaku 19-21<br \/>10000 Prishtin\u00eb<\/p>\n<p>Allgemeine \u00d6ffnungszeiten (Rezeption):<\/p>\n<p>Montag - Freitag<\/p>\n<p>09:30 \u2013 12:00<br \/>13:00 \u2013 17:30<\/p>\n<p>Tel.: + 383 (0) 38 224 909<\/p>\n<p>E-Mail: info@goethe-ks.org<\/p>\n<p>[\/et_pb_text][\/et_pb_column][et_pb_column type=&#8221;1_4&#8243; _builder_version=&#8221;4.14.7&#8243; _module_preset=&#8221;default&#8221; global_colors_info=&#8221;{}&#8221;][et_pb_text module_class=&#8221;footer_kurset&#8221; _builder_version=&#8221;4.14.7&#8243; _module_preset=&#8221;default&#8221; text_font=&#8221;Manrope||||||||&#8221; text_text_color=&#8221;#FFFFFF&#8221; text_line_height=&#8221;2.3em&#8221; global_colors_info=&#8221;{}&#8221;]<\/p>\n<p><strong>\u00d6ffnungszeiten des Sprachkursb\u00fcros:<\/strong><\/p>\n<p><strong><\/strong><\/p>\n<p>Montag - Freitag<\/p>\n<p>09:00 \u2013 12:00<br \/>13:00 \u2013 16:00<\/p>\n<p>Tel.: + 383 (0) 38 220 136<br \/>Mob.: + 383 (0) 45 284 993<br \/>E-Mail: info@goethe-ks.org<\/p>\n<p>[\/et_pb_text][\/et_pb_column][et_pb_column type=&#8221;1_4&#8243; _builder_version=&#8221;4.14.7&#8243; _module_preset=&#8221;default&#8221; global_colors_info=&#8221;{}&#8221;][et_pb_text module_class=&#8221;footer_kurset&#8221; _builder_version=&#8221;4.14.7&#8243; _module_preset=&#8221;default&#8221; text_font=&#8221;Manrope||||||||&#8221; text_text_color=&#8221;#FFFFFF&#8221; text_line_height=&#8221;2.3em&#8221; width=&#8221;100%&#8221; max_width=&#8221;100%&#8221; custom_margin=&#8221;|-58px||||&#8221; custom_padding=&#8221;|0px||||&#8221; global_colors_info=&#8221;{}&#8221;]<\/p>\n<p><strong>\u00d6ffnungszeiten des Pr\u00fcfungsb\u00fcros:<\/strong><\/p>\n<p>Montag - Freitag<br \/>09:00 \u2013 12:00<br \/>13:00 \u2013 16:00<\/p>\n<p>Tel.: + 383 (0) 38 224 909<br \/>E-Mail: info.pruefungen@goethe-ks.org<\/p>\n<p>[\/et_pb_text][\/et_pb_column][et_pb_column type=&#8221;1_4&#8243; _builder_version=&#8221;4.14.7&#8243; _module_preset=&#8221;default&#8221; global_colors_info=&#8221;{}&#8221;][et_pb_social_media_follow icon_color=&#8221;#FFFFFF&#8221; _builder_version=&#8221;4.14.7&#8243; _module_preset=&#8221;default&#8221; global_colors_info=&#8221;{}&#8221;][et_pb_social_media_follow_network social_network=&#8221;facebook&#8221; _builder_version=&#8221;4.14.7&#8243; _module_preset=&#8221;default&#8221; background_color=&#8221;#3b5998&#8243; global_colors_info=&#8221;{}&#8221; follow_button=&#8221;off&#8221; url_new_window=&#8221;on&#8221;]facebook[\/et_pb_social_media_follow_network][et_pb_social_media_follow_network social_network=&#8221;instagram&#8221; _builder_version=&#8221;4.14.7&#8243; _module_preset=&#8221;default&#8221; background_color=&#8221;#ea2c59&#8243; global_colors_info=&#8221;{}&#8221; follow_button=&#8221;off&#8221; url_new_window=&#8221;on&#8221;]instagram[\/et_pb_social_media_follow_network][\/et_pb_social_media_follow][et_pb_text _builder_version=&#8221;4.14.7&#8243; _module_preset=&#8221;default&#8221; global_colors_info=&#8221;{}&#8221;]<\/p>\n<p><img loading=\"lazy\" decoding=\"async\" src=\"https:\/\/goethe-ks.org\/wp-content\/uploads\/2021\/06\/goethe.png\" width=\"72\" height=\"72\" \/>\u00a0 \u00a0 <img loading=\"lazy\" decoding=\"async\" src=\"https:\/\/www.zhaw.ch\/storage\/_processed_\/1\/a\/csm_Logo_Goethe_6b145eb860.jpg\" width=\"96\" height=\"71\" \/><\/p>\n<p>[\/et_pb_text][\/et_pb_column][\/et_pb_row][\/et_pb_section]<\/p>","protected":false},"excerpt":{"rendered":"<p>Testi \u201cGjermanishtja si Gjuh\u00eb e Huaj\u201d \u2013 shkurt: TestDaF \u2013 \u00ebsht\u00eb nj\u00eb provim nd\u00ebrkomb\u00ebtar p\u00ebr t\u00eb gjith\u00eb ata, t\u00eb cil\u00ebt tanim\u00eb kan\u00eb njohuri t\u00eb mira t\u00eb gjuh\u00ebs gjermane dhe d\u00ebshirojn\u00eb t`i testojn\u00eb ato.. Kush d\u00ebshiron t\u00eb studioj\u00eb n\u00eb nj\u00eb universitet apo shkoll\u00eb t\u00eb lart\u00eb gjermane \u00ebsht\u00eb i obliguar t\u00eb d\u00ebshmoj\u00eb njohuri t\u00eb mjaftueshme t\u00eb gjuh\u00ebs [&hellip;]<\/p>","protected":false},"author":1,"featured_media":0,"parent":0,"menu_order":0,"comment_status":"closed","ping_status":"closed","template":"","meta":{"_et_pb_use_builder":"on","_et_pb_old_content":"<!-- wp:divi\/placeholder \/-->","_et_gb_content_width":"","footnotes":""},"class_list":["post-189","page","type-page","status-publish","hentry"],"_links":{"self":[{"href":"https:\/\/goethe-ks.org\/newrelease\/de\/wp-json\/wp\/v2\/pages\/189","targetHints":{"allow":["GET"]}}],"collection":[{"href":"https:\/\/goethe-ks.org\/newrelease\/de\/wp-json\/wp\/v2\/pages"}],"about":[{"href":"https:\/\/goethe-ks.org\/newrelease\/de\/wp-json\/wp\/v2\/types\/page"}],"author":[{"embeddable":true,"href":"https:\/\/goethe-ks.org\/newrelease\/de\/wp-json\/wp\/v2\/users\/1"}],"replies":[{"embeddable":true,"href":"https:\/\/goethe-ks.org\/newrelease\/de\/wp-json\/wp\/v2\/comments?post=189"}],"version-history":[{"count":14,"href":"https:\/\/goethe-ks.org\/newrelease\/de\/wp-json\/wp\/v2\/pages\/189\/revisions"}],"predecessor-version":[{"id":497,"href":"https:\/\/goethe-ks.org\/newrelease\/de\/wp-json\/wp\/v2\/pages\/189\/revisions\/497"}],"wp:attachment":[{"href":"https:\/\/goethe-ks.org\/newrelease\/de\/wp-json\/wp\/v2\/media?parent=189"}],"curies":[{"name":"wp","href":"https:\/\/api.w.org\/{rel}","templated":true}]}}