{"id":118,"date":"2022-11-07T22:26:13","date_gmt":"2022-11-07T22:26:13","guid":{"rendered":"https:\/\/goethe-ks.org\/newrelease\/?page_id=118"},"modified":"2023-03-06T23:28:35","modified_gmt":"2023-03-06T23:28:35","slug":"rreth-nesh","status":"publish","type":"page","link":"https:\/\/goethe-ks.org\/newrelease\/de\/rreth-nesh\/","title":{"rendered":"\u00dcBER UNS"},"content":{"rendered":"<p>[et_pb_section fb_built=&#8221;1&#8243; _builder_version=&#8221;4.14.7&#8243; _module_preset=&#8221;default&#8221; background_color=&#8221;#f8f8f6&#8243; custom_padding=&#8221;0px||45px|||&#8221; global_colors_info=&#8221;{}&#8221;][et_pb_row disabled_on=&#8221;on|off|off&#8221; _builder_version=&#8221;4.14.7&#8243; _module_preset=&#8221;default&#8221; global_module=&#8221;65&#8243; saved_tabs=&#8221;all&#8221; global_colors_info=&#8221;{}&#8221;][et_pb_column type=&#8221;4_4&#8243; _builder_version=&#8221;4.14.7&#8243; _module_preset=&#8221;default&#8221; global_colors_info=&#8221;{}&#8221;][et_pb_menu menu_id=&#8221;none&#8221; menu_style=&#8221;centered&#8221; submenu_direction=&#8221;downwards&#8221; disabled_on=&#8221;on|off|off&#8221; _builder_version=&#8221;4.14.7&#8243; _module_preset=&#8221;default&#8221; menu_font=&#8221;Manrope|700|||||||&#8221; menu_font_size=&#8221;18px&#8221; background_color=&#8221;#f8f8f6&#8243; global_colors_info=&#8221;{}&#8221;][\/et_pb_menu][\/et_pb_column][\/et_pb_row][\/et_pb_section][et_pb_section fb_built=&#8221;1&#8243; fullwidth=&#8221;on&#8221; _builder_version=&#8221;4.14.7&#8243; _module_preset=&#8221;default&#8221; global_colors_info=&#8221;{}&#8221;][et_pb_fullwidth_image src=&#8221;https:\/\/goethe-ks.org\/newrelease\/wp-content\/uploads\/2022\/11\/passage-library-bookcases-1-2.png&#8221; title_text=&#8221;passage-library-bookcases (1) (2)&#8221; _builder_version=&#8221;4.14.7&#8243; _module_preset=&#8221;default&#8221; global_colors_info=&#8221;{}&#8221;][\/et_pb_fullwidth_image][\/et_pb_section][et_pb_section fb_built=&#8221;1&#8243; _builder_version=&#8221;4.14.7&#8243; _module_preset=&#8221;default&#8221; background_color=&#8221;#f8f8f6&#8243; global_colors_info=&#8221;{}&#8221;][et_pb_row column_structure=&#8221;2_5,3_5&#8243; _builder_version=&#8221;4.14.7&#8243; _module_preset=&#8221;default&#8221; global_colors_info=&#8221;{}&#8221;][et_pb_column type=&#8221;2_5&#8243; _builder_version=&#8221;4.14.7&#8243; _module_preset=&#8221;default&#8221; global_colors_info=&#8221;{}&#8221;][et_pb_button button_text=&#8221;Rreth nesh&#8221; button_alignment=&#8221;left&#8221; module_class=&#8221;rreth-nesh-button&#8221; _builder_version=&#8221;4.14.7&#8243; _module_preset=&#8221;default&#8221; custom_button=&#8221;on&#8221; button_text_color=&#8221;#a0c814&#8243; button_bg_color=&#8221;#FFFFFF&#8221; button_border_color=&#8221;RGBA(255,255,255,0)&#8221; button_font=&#8221;|700|||||||&#8221; custom_margin=&#8221;||14px|||&#8221; global_colors_info=&#8221;{}&#8221;][\/et_pb_button][et_pb_button button_url=&#8221;https:\/\/goethe-ks.org\/newrelease\/stafi\/&#8221; button_text=&#8221;Stafi&#8221; button_alignment=&#8221;left&#8221; module_class=&#8221;stafi-button&#8221; _builder_version=&#8221;4.14.7&#8243; _module_preset=&#8221;default&#8221; custom_button=&#8221;on&#8221; button_text_color=&#8221;#FFFFFF&#8221; button_bg_color=&#8221;#a0c814&#8243; button_border_color=&#8221;RGBA(255,255,255,0)&#8221; button_font=&#8221;||||||||&#8221; custom_margin=&#8221;||14px|||&#8221; global_colors_info=&#8221;{}&#8221;][\/et_pb_button][et_pb_button button_url=&#8221;https:\/\/goethe-ks.org\/newrelease\/kariera\/&#8221; button_text=&#8221;Kariera&#8221; button_alignment=&#8221;left&#8221; module_class=&#8221;stafi-button&#8221; _builder_version=&#8221;4.14.7&#8243; _module_preset=&#8221;default&#8221; custom_button=&#8221;on&#8221; button_text_color=&#8221;#FFFFFF&#8221; button_bg_color=&#8221;#a0c814&#8243; button_border_color=&#8221;RGBA(255,255,255,0)&#8221; button_font=&#8221;||||||||&#8221; custom_margin=&#8221;||14px|||&#8221; global_colors_info=&#8221;{}&#8221;][\/et_pb_button][\/et_pb_column][et_pb_column type=&#8221;3_5&#8243; _builder_version=&#8221;4.14.7&#8243; _module_preset=&#8221;default&#8221; global_colors_info=&#8221;{}&#8221;][et_pb_text module_id=&#8221;rreth-nesh-section&#8221; _builder_version=&#8221;4.14.7&#8243; _module_preset=&#8221;default&#8221; text_font_size=&#8221;15px&#8221; custom_margin=&#8221;|||-99px||&#8221; hover_enabled=&#8221;0&#8243; global_colors_info=&#8221;{}&#8221; text_orientation_last_edited=&#8221;on|phone&#8221; text_orientation_phone=&#8221;center&#8221; module_alignment_last_edited=&#8221;on|phone&#8221; module_alignment_phone=&#8221;center&#8221; custom_margin_last_edited=&#8221;on|phone&#8221; custom_margin_phone=&#8221;|||0px|false|false&#8221; sticky_enabled=&#8221;0&#8243; custom_margin_tablet=&#8221;|||-99px||&#8221;]<\/p>\n<p><span>Das Goethe-Zentrum in Prishtina ist ein junges und dynamisch wachsendes Zentrum, das vom Goethe-Institut tatkr\u00e4ftig unterst\u00fctzt wird. Seit der Er\u00f6ffnung im Jahr 2013 bauen wir unser Angebot kontinuierlich aus und bieten Deutschunterricht nach modernen Lernkonzepten an. Bei uns kannst du Deutsch spielend entdecken und lernen - unser Team aus erfahrenen Lehrern hilft dir dabei. Unsere interaktiven und effizienten Methoden garantieren Ihnen schnelle Erfolge in einer angenehmen Lernumgebung.<\/span><\/p>\n<p><span><\/span><\/p>\n<p><span>Sie k\u00f6nnen sich f\u00fcr Deutschkurse anmelden, die gem\u00e4\u00df dem Gemeinsamen Europ\u00e4ischen Referenzrahmen konzipiert sind. Das Angebot umfasst alle Sprachniveaus: von Anf\u00e4ngern ohne Vorkenntnisse bis hin zu nahezu muttersprachlichen F\u00e4higkeiten. Das Goethe-Zentrum besteht aus einem hochqualifizierten und motivierten Lehrerteam mit Erfahrung, das kontinuierlich an Schulungen des Goethe-Instituts zur Weiterentwicklung seines Wissens teilnimmt. Das Goethe-Zentrum erm\u00f6glicht Ihnen die Teilnahme an international anerkannten und standardisierten Pr\u00fcfungen des Goethe-Instituts auf allen Sprachniveaus. Diese Pr\u00fcfungen finden in unseren R\u00e4umlichkeiten statt.<\/span><\/p>\n<p><span><\/span><\/p>\n<p><span>Als lizenziertes TestDaF-Pr\u00fcfungszentrum bietet Ihnen das Goethe-Zentrum die M\u00f6glichkeit, an Vorbereitungskursen f\u00fcr den TestDaF und an den TestDaF-Pr\u00fcfungen teilzunehmen. Das Goethe-Zentrum unterst\u00fctzt Sie dabei, schnell Erfolg beim Erlernen der Sprache zu erzielen, indem es Erfolg mit viel Freude am Lernen kombiniert. Das Goethe-Zentrum bietet eine angenehme Lernumgebung und deutschsprachige B\u00fccher f\u00fcr effektives Unterrichten.<\/span><\/p>\n<p>[\/et_pb_text][\/et_pb_column][\/et_pb_row][\/et_pb_section][et_pb_section fb_built=&#8221;1&#8243; _builder_version=&#8221;4.14.7&#8243; _module_preset=&#8221;default&#8221; background_color=&#8221;#707070&#8243; global_module=&#8221;67&#8243; saved_tabs=&#8221;all&#8221; global_colors_info=&#8221;{}&#8221;][et_pb_row column_structure=&#8221;1_4,1_4,1_4,1_4&#8243; _builder_version=&#8221;4.14.7&#8243; _module_preset=&#8221;default&#8221; width=&#8221;85%&#8221; max_width=&#8221;1263px&#8221; global_colors_info=&#8221;{}&#8221;][et_pb_column type=&#8221;1_4&#8243; _builder_version=&#8221;4.14.7&#8243; _module_preset=&#8221;default&#8221; global_colors_info=&#8221;{}&#8221;][et_pb_text module_class=&#8221;footer_kurset&#8221; _builder_version=&#8221;4.14.7&#8243; _module_preset=&#8221;default&#8221; text_font=&#8221;Manrope||||||||&#8221; text_text_color=&#8221;#FFFFFF&#8221; text_line_height=&#8221;2.3em&#8221; global_colors_info=&#8221;{}&#8221;]<\/p>\n<p><strong>Kontakt<\/strong><\/p>\n<p>Mujo Ulqinaku 19-21<br \/>10000 Prishtin\u00eb<\/p>\n<p>Allgemeine \u00d6ffnungszeiten (Rezeption):<\/p>\n<p>Montag - Freitag<\/p>\n<p>09:30 \u2013 12:00<br \/>13:00 \u2013 17:30<\/p>\n<p>Tel.: + 383 (0) 38 224 909<\/p>\n<p>E-Mail: info@goethe-ks.org<\/p>\n<p>[\/et_pb_text][\/et_pb_column][et_pb_column type=&#8221;1_4&#8243; _builder_version=&#8221;4.14.7&#8243; _module_preset=&#8221;default&#8221; global_colors_info=&#8221;{}&#8221;][et_pb_text module_class=&#8221;footer_kurset&#8221; _builder_version=&#8221;4.14.7&#8243; _module_preset=&#8221;default&#8221; text_font=&#8221;Manrope||||||||&#8221; text_text_color=&#8221;#FFFFFF&#8221; text_line_height=&#8221;2.3em&#8221; global_colors_info=&#8221;{}&#8221;]<\/p>\n<p><strong>\u00d6ffnungszeiten des Sprachkursb\u00fcros:<\/strong><\/p>\n<p><strong><\/strong><\/p>\n<p>Montag - Freitag<\/p>\n<p>09:00 \u2013 12:00<br \/>13:00 \u2013 16:00<\/p>\n<p>Tel.: + 383 (0) 38 220 136<br \/>Mob.: + 383 (0) 45 284 993<br \/>E-Mail: info@goethe-ks.org<\/p>\n<p>[\/et_pb_text][\/et_pb_column][et_pb_column type=&#8221;1_4&#8243; _builder_version=&#8221;4.14.7&#8243; _module_preset=&#8221;default&#8221; global_colors_info=&#8221;{}&#8221;][et_pb_text module_class=&#8221;footer_kurset&#8221; _builder_version=&#8221;4.14.7&#8243; _module_preset=&#8221;default&#8221; text_font=&#8221;Manrope||||||||&#8221; text_text_color=&#8221;#FFFFFF&#8221; text_line_height=&#8221;2.3em&#8221; width=&#8221;100%&#8221; max_width=&#8221;100%&#8221; custom_margin=&#8221;|-58px||||&#8221; custom_padding=&#8221;|0px||||&#8221; global_colors_info=&#8221;{}&#8221;]<\/p>\n<p><strong>\u00d6ffnungszeiten des Pr\u00fcfungsb\u00fcros:<\/strong><\/p>\n<p>Montag - Freitag<br \/>09:00 \u2013 12:00<br \/>13:00 \u2013 16:00<\/p>\n<p>Tel.: + 383 (0) 38 224 909<br \/>E-Mail: info.pruefungen@goethe-ks.org<\/p>\n<p>[\/et_pb_text][\/et_pb_column][et_pb_column type=&#8221;1_4&#8243; _builder_version=&#8221;4.14.7&#8243; _module_preset=&#8221;default&#8221; global_colors_info=&#8221;{}&#8221;][et_pb_social_media_follow icon_color=&#8221;#FFFFFF&#8221; _builder_version=&#8221;4.14.7&#8243; _module_preset=&#8221;default&#8221; global_colors_info=&#8221;{}&#8221;][et_pb_social_media_follow_network social_network=&#8221;facebook&#8221; _builder_version=&#8221;4.14.7&#8243; _module_preset=&#8221;default&#8221; background_color=&#8221;#3b5998&#8243; global_colors_info=&#8221;{}&#8221; follow_button=&#8221;off&#8221; url_new_window=&#8221;on&#8221;]facebook[\/et_pb_social_media_follow_network][et_pb_social_media_follow_network social_network=&#8221;instagram&#8221; _builder_version=&#8221;4.14.7&#8243; _module_preset=&#8221;default&#8221; background_color=&#8221;#ea2c59&#8243; global_colors_info=&#8221;{}&#8221; follow_button=&#8221;off&#8221; url_new_window=&#8221;on&#8221;]instagram[\/et_pb_social_media_follow_network][\/et_pb_social_media_follow][et_pb_text _builder_version=&#8221;4.14.7&#8243; _module_preset=&#8221;default&#8221; global_colors_info=&#8221;{}&#8221;]<\/p>\n<p><img loading=\"lazy\" decoding=\"async\" src=\"https:\/\/goethe-ks.org\/wp-content\/uploads\/2021\/06\/goethe.png\" width=\"72\" height=\"72\" \/>\u00a0 \u00a0 <img loading=\"lazy\" decoding=\"async\" src=\"https:\/\/www.zhaw.ch\/storage\/_processed_\/1\/a\/csm_Logo_Goethe_6b145eb860.jpg\" width=\"96\" height=\"71\" \/><\/p>\n<p>[\/et_pb_text][\/et_pb_column][\/et_pb_row][\/et_pb_section]<\/p>","protected":false},"excerpt":{"rendered":"<p>Goethe-Zentrum n\u00eb Prishtin\u00eb \u00ebsht\u00eb nj\u00eb qend\u00ebr e re dhe n\u00eb rritje dinamike, e cila mb\u00ebshtetet n\u00eb m\u00ebnyr\u00eb aktive nga Instituti Goethe. Q\u00eb nga hapja n\u00eb vitin 2013 ne vazhdojm\u00eb t\u00eb zgj\u00ebrojm\u00eb ofert\u00ebn ton\u00eb dhe t`ju ofrojm\u00eb m\u00ebsim t\u00eb gjuh\u00ebs gjermane konform koncepteve moderne t\u00eb m\u00ebsimnx\u00ebnj\u00ebs. Tek ne ju mund ta zbuloni e m\u00ebsoni gjuh\u00ebn gjermane [&hellip;]<\/p>","protected":false},"author":1,"featured_media":0,"parent":0,"menu_order":0,"comment_status":"closed","ping_status":"closed","template":"","meta":{"_et_pb_use_builder":"on","_et_pb_old_content":"","_et_gb_content_width":"","footnotes":""},"class_list":["post-118","page","type-page","status-publish","hentry"],"_links":{"self":[{"href":"https:\/\/goethe-ks.org\/newrelease\/de\/wp-json\/wp\/v2\/pages\/118","targetHints":{"allow":["GET"]}}],"collection":[{"href":"https:\/\/goethe-ks.org\/newrelease\/de\/wp-json\/wp\/v2\/pages"}],"about":[{"href":"https:\/\/goethe-ks.org\/newrelease\/de\/wp-json\/wp\/v2\/types\/page"}],"author":[{"embeddable":true,"href":"https:\/\/goethe-ks.org\/newrelease\/de\/wp-json\/wp\/v2\/users\/1"}],"replies":[{"embeddable":true,"href":"https:\/\/goethe-ks.org\/newrelease\/de\/wp-json\/wp\/v2\/comments?post=118"}],"version-history":[{"count":26,"href":"https:\/\/goethe-ks.org\/newrelease\/de\/wp-json\/wp\/v2\/pages\/118\/revisions"}],"predecessor-version":[{"id":408,"href":"https:\/\/goethe-ks.org\/newrelease\/de\/wp-json\/wp\/v2\/pages\/118\/revisions\/408"}],"wp:attachment":[{"href":"https:\/\/goethe-ks.org\/newrelease\/de\/wp-json\/wp\/v2\/media?parent=118"}],"curies":[{"name":"wp","href":"https:\/\/api.w.org\/{rel}","templated":true}]}}